{"id":799,"date":"2023-08-17T09:56:50","date_gmt":"2023-08-17T09:56:50","guid":{"rendered":"https:\/\/www.ratani.in\/?page_id=799"},"modified":"2023-09-01T12:01:10","modified_gmt":"2023-09-01T12:01:10","slug":"tiger-skin-granite-manufacturer-and-exporter","status":"publish","type":"page","link":"https:\/\/www.ratani.in\/es\/tiger-skin-granite-manufacturer-and-exporter\/","title":{"rendered":"Granito Piel de Tigre"},"content":{"rendered":"<p>El Granito Piel de Tigre de la India es un tipo de granito conocido por su apariencia distintiva y llamativa, que se asemeja al patr\u00f3n y la textura de la piel de un tigre. Por lo general, presenta una paleta de colores c\u00e1lidos y terrosos con una combinaci\u00f3n de fondo dorado o beige y marcas de color marr\u00f3n oscuro o negro. Estas marcas a menudo se asemejan a las rayas irregulares o manchas que se encuentran en el pelaje de un tigre, de ah\u00ed el nombre de &#8220;granito piel de tigre&#8221;. Como empresa de granito en Kishangarh, ofrecemos este granito que tiene patrones que pueden variar de losas a losas, creando un aspecto \u00fanico y din\u00e1mico. El Granito Piel de Tigre es muy apreciado por los exportadores de granito en Kishangarh, ya que se utiliza com\u00fanmente en encimeras, pisos, revestimientos de paredes y otras aplicaciones interiores y exteriores. Su apariencia audaz y cautivadora agrega profundidad e inter\u00e9s visual a cualquier espacio, lo que lo convierte en una opci\u00f3n popular para aquellos que buscan un elemento de dise\u00f1o dram\u00e1tico y llamativo.<\/p>\n","protected":false},"excerpt":{"rendered":"<p>El Granito Piel de Tigre de la India es un tipo de granito conocido por su apariencia distintiva y llamativa, que se asemeja al patr\u00f3n y la textura de la piel de un tigre. Por lo general, presenta una paleta de colores c\u00e1lidos y terrosos con una combinaci\u00f3n de fondo dorado o beige y marcas &hellip; <a href=\"https:\/\/www.ratani.in\/es\/tiger-skin-granite-manufacturer-and-exporter\/\" class=\"more-link\">Continue reading<span class=\"screen-reader-text\"> &#8220;Granito Piel de Tigre&#8221;<\/span><\/a><\/p>\n","protected":false},"author":1,"featured_media":802,"parent":0,"menu_order":0,"comment_status":"closed","ping_status":"closed","template":"page-templates\/product.php","meta":{"footnotes":""},"translation":{"provider":"WPGlobus","version":"2.12.2","language":"es","enabled_languages":["en","es","fr","ru","ar","zh","pt"],"languages":{"en":{"title":true,"content":true,"excerpt":false},"es":{"title":true,"content":true,"excerpt":false},"fr":{"title":true,"content":true,"excerpt":false},"ru":{"title":true,"content":true,"excerpt":false},"ar":{"title":true,"content":true,"excerpt":false},"zh":{"title":true,"content":true,"excerpt":false},"pt":{"title":true,"content":true,"excerpt":false}}},"acf":[],"_links":{"self":[{"href":"https:\/\/www.ratani.in\/es\/wp-json\/wp\/v2\/pages\/799"}],"collection":[{"href":"https:\/\/www.ratani.in\/es\/wp-json\/wp\/v2\/pages"}],"about":[{"href":"https:\/\/www.ratani.in\/es\/wp-json\/wp\/v2\/types\/page"}],"author":[{"embeddable":true,"href":"https:\/\/www.ratani.in\/es\/wp-json\/wp\/v2\/users\/1"}],"replies":[{"embeddable":true,"href":"https:\/\/www.ratani.in\/es\/wp-json\/wp\/v2\/comments?post=799"}],"version-history":[{"count":10,"href":"https:\/\/www.ratani.in\/es\/wp-json\/wp\/v2\/pages\/799\/revisions"}],"predecessor-version":[{"id":2523,"href":"https:\/\/www.ratani.in\/es\/wp-json\/wp\/v2\/pages\/799\/revisions\/2523"}],"wp:featuredmedia":[{"embeddable":true,"href":"https:\/\/www.ratani.in\/es\/wp-json\/wp\/v2\/media\/802"}],"wp:attachment":[{"href":"https:\/\/www.ratani.in\/es\/wp-json\/wp\/v2\/media?parent=799"}],"curies":[{"name":"wp","href":"https:\/\/api.w.org\/{rel}","templated":true}]}}