{"id":809,"date":"2023-08-17T10:05:36","date_gmt":"2023-08-17T10:05:36","guid":{"rendered":"https:\/\/www.ratani.in\/?page_id=809"},"modified":"2023-09-01T12:42:27","modified_gmt":"2023-09-01T12:42:27","slug":"alaska-pink-granite-manufacturer-and-exporter","status":"publish","type":"page","link":"https:\/\/www.ratani.in\/es\/alaska-pink-granite-manufacturer-and-exporter\/","title":{"rendered":"Granito Alaska Rosa"},"content":{"rendered":"<p>El Granito Alaska Rosa es una piedra natural distintiva que tiene canteras de granito en el norte de la India y es conocida por su apariencia \u00fanica y llamativa. Presenta predominantemente un color base rosa con tonos variables de rosa, que van desde tonos p\u00e1lidos hasta tonos rosados profundos. El granito tambi\u00e9n puede exhibir sutiles variaciones de blanco, gris o negro en sus patrones y vetas. Los patrones dentro del Granito Alaska Rosa pueden ser vetas, remolinos o motas, creando una superficie visualmente din\u00e1mica y cautivadora. Este granito aporta una sensaci\u00f3n de calidez y vitalidad a cualquier espacio, lo que lo convierte en una elecci\u00f3n popular para encimeras, pisos y piezas decorativas.<\/p>\n","protected":false},"excerpt":{"rendered":"<p>El Granito Alaska Rosa es una piedra natural distintiva que tiene canteras de granito en el norte de la India y es conocida por su apariencia \u00fanica y llamativa. Presenta predominantemente un color base rosa con tonos variables de rosa, que van desde tonos p\u00e1lidos hasta tonos rosados profundos. El granito tambi\u00e9n puede exhibir sutiles &hellip; <a href=\"https:\/\/www.ratani.in\/es\/alaska-pink-granite-manufacturer-and-exporter\/\" class=\"more-link\">Continue reading<span class=\"screen-reader-text\"> &#8220;Granito Alaska Rosa&#8221;<\/span><\/a><\/p>\n","protected":false},"author":1,"featured_media":810,"parent":0,"menu_order":0,"comment_status":"closed","ping_status":"closed","template":"page-templates\/product.php","meta":{"footnotes":""},"translation":{"provider":"WPGlobus","version":"2.12.2","language":"es","enabled_languages":["en","es","fr","ru","ar","zh","pt"],"languages":{"en":{"title":true,"content":true,"excerpt":false},"es":{"title":true,"content":true,"excerpt":false},"fr":{"title":true,"content":true,"excerpt":false},"ru":{"title":true,"content":true,"excerpt":false},"ar":{"title":true,"content":true,"excerpt":false},"zh":{"title":true,"content":true,"excerpt":false},"pt":{"title":true,"content":true,"excerpt":false}}},"acf":[],"_links":{"self":[{"href":"https:\/\/www.ratani.in\/es\/wp-json\/wp\/v2\/pages\/809"}],"collection":[{"href":"https:\/\/www.ratani.in\/es\/wp-json\/wp\/v2\/pages"}],"about":[{"href":"https:\/\/www.ratani.in\/es\/wp-json\/wp\/v2\/types\/page"}],"author":[{"embeddable":true,"href":"https:\/\/www.ratani.in\/es\/wp-json\/wp\/v2\/users\/1"}],"replies":[{"embeddable":true,"href":"https:\/\/www.ratani.in\/es\/wp-json\/wp\/v2\/comments?post=809"}],"version-history":[{"count":9,"href":"https:\/\/www.ratani.in\/es\/wp-json\/wp\/v2\/pages\/809\/revisions"}],"predecessor-version":[{"id":1924,"href":"https:\/\/www.ratani.in\/es\/wp-json\/wp\/v2\/pages\/809\/revisions\/1924"}],"wp:featuredmedia":[{"embeddable":true,"href":"https:\/\/www.ratani.in\/es\/wp-json\/wp\/v2\/media\/810"}],"wp:attachment":[{"href":"https:\/\/www.ratani.in\/es\/wp-json\/wp\/v2\/media?parent=809"}],"curies":[{"name":"wp","href":"https:\/\/api.w.org\/{rel}","templated":true}]}}