{"id":819,"date":"2023-08-17T10:07:31","date_gmt":"2023-08-17T10:07:31","guid":{"rendered":"https:\/\/www.ratani.in\/?page_id=819"},"modified":"2023-09-01T12:39:59","modified_gmt":"2023-09-01T12:39:59","slug":"chima-pink-granite-manufacturer-and-exporter","status":"publish","type":"page","link":"https:\/\/www.ratani.in\/es\/chima-pink-granite-manufacturer-and-exporter\/","title":{"rendered":"Granito Chima Rosa"},"content":{"rendered":"<p>El granito Chima Rosa de la India es un tipo de granito conocido por su coloraci\u00f3n rosa \u00fanica y patrones distintivos. Presenta predominantemente una base rosa con tonos e intensidad variables, que van desde tonos rosados claros hasta medios. La piedra tambi\u00e9n puede mostrar patrones intrincados, vetas o motas en tonos complementarios como blanco, gris o incluso negro. Importar granito de Rajasthan como el Chima rosa se utiliza para encimeras, salpicaderos, pisos y otras aplicaciones interiores y exteriores. Su hermoso tono rosa a\u00f1ade un toque de elegancia y calidez a cualquier espacio, lo que lo convierte en una elecci\u00f3n popular para aquellos que buscan una est\u00e9tica m\u00e1s suave y acogedora.<\/p>\n","protected":false},"excerpt":{"rendered":"<p>El granito Chima Rosa de la India es un tipo de granito conocido por su coloraci\u00f3n rosa \u00fanica y patrones distintivos. Presenta predominantemente una base rosa con tonos e intensidad variables, que van desde tonos rosados claros hasta medios. La piedra tambi\u00e9n puede mostrar patrones intrincados, vetas o motas en tonos complementarios como blanco, gris &hellip; <a href=\"https:\/\/www.ratani.in\/es\/chima-pink-granite-manufacturer-and-exporter\/\" class=\"more-link\">Continue reading<span class=\"screen-reader-text\"> &#8220;Granito Chima Rosa&#8221;<\/span><\/a><\/p>\n","protected":false},"author":1,"featured_media":824,"parent":0,"menu_order":0,"comment_status":"closed","ping_status":"closed","template":"page-templates\/product.php","meta":{"footnotes":""},"translation":{"provider":"WPGlobus","version":"2.12.2","language":"es","enabled_languages":["en","es","fr","ru","ar","zh","pt"],"languages":{"en":{"title":true,"content":true,"excerpt":false},"es":{"title":true,"content":true,"excerpt":false},"fr":{"title":true,"content":true,"excerpt":false},"ru":{"title":true,"content":true,"excerpt":false},"ar":{"title":true,"content":true,"excerpt":false},"zh":{"title":true,"content":true,"excerpt":false},"pt":{"title":true,"content":true,"excerpt":false}}},"acf":[],"_links":{"self":[{"href":"https:\/\/www.ratani.in\/es\/wp-json\/wp\/v2\/pages\/819"}],"collection":[{"href":"https:\/\/www.ratani.in\/es\/wp-json\/wp\/v2\/pages"}],"about":[{"href":"https:\/\/www.ratani.in\/es\/wp-json\/wp\/v2\/types\/page"}],"author":[{"embeddable":true,"href":"https:\/\/www.ratani.in\/es\/wp-json\/wp\/v2\/users\/1"}],"replies":[{"embeddable":true,"href":"https:\/\/www.ratani.in\/es\/wp-json\/wp\/v2\/comments?post=819"}],"version-history":[{"count":9,"href":"https:\/\/www.ratani.in\/es\/wp-json\/wp\/v2\/pages\/819\/revisions"}],"predecessor-version":[{"id":2548,"href":"https:\/\/www.ratani.in\/es\/wp-json\/wp\/v2\/pages\/819\/revisions\/2548"}],"wp:featuredmedia":[{"embeddable":true,"href":"https:\/\/www.ratani.in\/es\/wp-json\/wp\/v2\/media\/824"}],"wp:attachment":[{"href":"https:\/\/www.ratani.in\/es\/wp-json\/wp\/v2\/media?parent=819"}],"curies":[{"name":"wp","href":"https:\/\/api.w.org\/{rel}","templated":true}]}}