{"id":829,"date":"2023-08-17T10:09:36","date_gmt":"2023-08-17T10:09:36","guid":{"rendered":"https:\/\/www.ratani.in\/?page_id=829"},"modified":"2023-09-01T12:41:23","modified_gmt":"2023-09-01T12:41:23","slug":"rosy-pink-granite-manufacturer-and-exporter","status":"publish","type":"page","link":"https:\/\/www.ratani.in\/es\/rosy-pink-granite-manufacturer-and-exporter\/","title":{"rendered":"Granito Rosa Rosado"},"content":{"rendered":"<p>El granito Rosa Rosado de la India es un tipo de granito que tiene canteras de granito en la regi\u00f3n de Jalore en Rajasthan, India, y es conocido por su encantador color rosa y belleza natural. T\u00edpicamente presenta un tono rosa suave y delicado, reminiscente de p\u00e9talos de rosa. Si est\u00e1s buscando comprar granito del norte de la India, el granito Rosa Rosado es una excelente elecci\u00f3n. El granito Rosa Rosado a menudo muestra vetas sutiles y ocasionalmente motas en colores complementarios como blanco o gris. Sus patrones pueden variar, desde una apariencia uniforme hasta vetas m\u00e1s intrincadas y din\u00e1micas. El granito Rosa Rosado se utiliza com\u00fanmente en encimeras, pisos, revestimientos de paredes y otras aplicaciones interiores y exteriores. Sus tonos suaves y reconfortantes pueden crear una atm\u00f3sfera c\u00e1lida y acogedora en una variedad de estilos de dise\u00f1o, a\u00f1adiendo un toque de elegancia y encanto a cualquier espacio.<\/p>\n","protected":false},"excerpt":{"rendered":"<p>El granito Rosa Rosado de la India es un tipo de granito que tiene canteras de granito en la regi\u00f3n de Jalore en Rajasthan, India, y es conocido por su encantador color rosa y belleza natural. T\u00edpicamente presenta un tono rosa suave y delicado, reminiscente de p\u00e9talos de rosa. Si est\u00e1s buscando comprar granito del &hellip; <a href=\"https:\/\/www.ratani.in\/es\/rosy-pink-granite-manufacturer-and-exporter\/\" class=\"more-link\">Continue reading<span class=\"screen-reader-text\"> &#8220;Granito Rosa Rosado&#8221;<\/span><\/a><\/p>\n","protected":false},"author":1,"featured_media":836,"parent":0,"menu_order":0,"comment_status":"closed","ping_status":"closed","template":"page-templates\/product.php","meta":{"footnotes":""},"translation":{"provider":"WPGlobus","version":"2.12.2","language":"es","enabled_languages":["en","es","fr","ru","ar","zh","pt"],"languages":{"en":{"title":true,"content":true,"excerpt":false},"es":{"title":true,"content":true,"excerpt":false},"fr":{"title":true,"content":true,"excerpt":false},"ru":{"title":true,"content":true,"excerpt":false},"ar":{"title":true,"content":true,"excerpt":false},"zh":{"title":true,"content":true,"excerpt":false},"pt":{"title":true,"content":true,"excerpt":false}}},"acf":[],"_links":{"self":[{"href":"https:\/\/www.ratani.in\/es\/wp-json\/wp\/v2\/pages\/829"}],"collection":[{"href":"https:\/\/www.ratani.in\/es\/wp-json\/wp\/v2\/pages"}],"about":[{"href":"https:\/\/www.ratani.in\/es\/wp-json\/wp\/v2\/types\/page"}],"author":[{"embeddable":true,"href":"https:\/\/www.ratani.in\/es\/wp-json\/wp\/v2\/users\/1"}],"replies":[{"embeddable":true,"href":"https:\/\/www.ratani.in\/es\/wp-json\/wp\/v2\/comments?post=829"}],"version-history":[{"count":11,"href":"https:\/\/www.ratani.in\/es\/wp-json\/wp\/v2\/pages\/829\/revisions"}],"predecessor-version":[{"id":2549,"href":"https:\/\/www.ratani.in\/es\/wp-json\/wp\/v2\/pages\/829\/revisions\/2549"}],"wp:featuredmedia":[{"embeddable":true,"href":"https:\/\/www.ratani.in\/es\/wp-json\/wp\/v2\/media\/836"}],"wp:attachment":[{"href":"https:\/\/www.ratani.in\/es\/wp-json\/wp\/v2\/media?parent=829"}],"curies":[{"name":"wp","href":"https:\/\/api.w.org\/{rel}","templated":true}]}}