{"id":839,"date":"2023-08-17T10:26:00","date_gmt":"2023-08-17T10:26:00","guid":{"rendered":"https:\/\/www.ratani.in\/?page_id=839"},"modified":"2023-09-01T13:06:47","modified_gmt":"2023-09-01T13:06:47","slug":"bruno-red-granite-manufacturer-and-exporter","status":"publish","type":"page","link":"https:\/\/www.ratani.in\/es\/bruno-red-granite-manufacturer-and-exporter\/","title":{"rendered":"Granito Rojo Bruno"},"content":{"rendered":"<p>El granito Rojo Bruno de la India se refiere a un tipo espec\u00edfico de granito que es conocido por su color rojizo. Presenta una base roja profunda y rica con variaciones en tonos, desde tonos burdeos m\u00e1s oscuros hasta tonos rojos m\u00e1s claros. La apariencia exacta puede variar seg\u00fan la cantera y la losa espec\u00edfica. Como una losa de granito en formato ganga en el norte de la India, el granito Bruno Rojo se utiliza a menudo en aplicaciones interiores y exteriores, incluyendo encimeras, pisos, revestimientos de pared y otros usos decorativos. Sus c\u00e1lidos y vibrantes tonos rojos pueden a\u00f1adir un elemento audaz y cautivador a varios estilos de dise\u00f1o, creando un impacto visualmente impactante en el espacio.<\/p>\n<p>Este granito tiene un fondo rojizo marr\u00f3n con una textura de grano grueso debido a las escamas de color negro, blanco y rojo presentes en \u00e9l.<\/p>\n","protected":false},"excerpt":{"rendered":"<p>El granito Rojo Bruno de la India se refiere a un tipo espec\u00edfico de granito que es conocido por su color rojizo. Presenta una base roja profunda y rica con variaciones en tonos, desde tonos burdeos m\u00e1s oscuros hasta tonos rojos m\u00e1s claros. La apariencia exacta puede variar seg\u00fan la cantera y la losa espec\u00edfica. &hellip; <a href=\"https:\/\/www.ratani.in\/es\/bruno-red-granite-manufacturer-and-exporter\/\" class=\"more-link\">Continue reading<span class=\"screen-reader-text\"> &#8220;Granito Rojo Bruno&#8221;<\/span><\/a><\/p>\n","protected":false},"author":1,"featured_media":847,"parent":0,"menu_order":0,"comment_status":"closed","ping_status":"closed","template":"page-templates\/product.php","meta":{"footnotes":""},"translation":{"provider":"WPGlobus","version":"2.12.2","language":"es","enabled_languages":["en","es","fr","ru","ar","zh","pt"],"languages":{"en":{"title":true,"content":true,"excerpt":false},"es":{"title":true,"content":true,"excerpt":false},"fr":{"title":true,"content":true,"excerpt":false},"ru":{"title":true,"content":true,"excerpt":false},"ar":{"title":true,"content":true,"excerpt":false},"zh":{"title":true,"content":true,"excerpt":false},"pt":{"title":true,"content":true,"excerpt":false}}},"acf":[],"_links":{"self":[{"href":"https:\/\/www.ratani.in\/es\/wp-json\/wp\/v2\/pages\/839"}],"collection":[{"href":"https:\/\/www.ratani.in\/es\/wp-json\/wp\/v2\/pages"}],"about":[{"href":"https:\/\/www.ratani.in\/es\/wp-json\/wp\/v2\/types\/page"}],"author":[{"embeddable":true,"href":"https:\/\/www.ratani.in\/es\/wp-json\/wp\/v2\/users\/1"}],"replies":[{"embeddable":true,"href":"https:\/\/www.ratani.in\/es\/wp-json\/wp\/v2\/comments?post=839"}],"version-history":[{"count":11,"href":"https:\/\/www.ratani.in\/es\/wp-json\/wp\/v2\/pages\/839\/revisions"}],"predecessor-version":[{"id":2414,"href":"https:\/\/www.ratani.in\/es\/wp-json\/wp\/v2\/pages\/839\/revisions\/2414"}],"wp:featuredmedia":[{"embeddable":true,"href":"https:\/\/www.ratani.in\/es\/wp-json\/wp\/v2\/media\/847"}],"wp:attachment":[{"href":"https:\/\/www.ratani.in\/es\/wp-json\/wp\/v2\/media?parent=839"}],"curies":[{"name":"wp","href":"https:\/\/api.w.org\/{rel}","templated":true}]}}