{"id":849,"date":"2023-08-17T10:29:31","date_gmt":"2023-08-17T10:29:31","guid":{"rendered":"https:\/\/www.ratani.in\/?page_id=849"},"modified":"2023-09-01T13:05:49","modified_gmt":"2023-09-01T13:05:49","slug":"jhansi-red-granite-manufacturer-and-exporter","status":"publish","type":"page","link":"https:\/\/www.ratani.in\/es\/jhansi-red-granite-manufacturer-and-exporter\/","title":{"rendered":"Granito Rojo Jhansi"},"content":{"rendered":"<p>El granito Rojo Jhansi en India es una piedra natural popular y ampliamente utilizada, conocida por su distintivo color rojizo rosado. Por lo general, el granito Rojo Jhansi presenta un patr\u00f3n consistente con una textura de grano fino a medio.<\/p>\n<p>La piedra exhibe un tono rojizo vibrante con variaciones en los matices que van desde el rosa claro hasta el rojo intenso. A menudo contiene motas de minerales negros y grises, que a\u00f1aden inter\u00e9s visual y contraste a su apariencia general. El Granito Rojo Jhansi es conocido por su durabilidad, lo que lo hace adecuado tanto para aplicaciones en interiores como en exteriores.<\/p>\n<p>Como empresa de granito en el norte de la India, ofrecemos este granito para su uso com\u00fan en la industria de la construcci\u00f3n con diversos prop\u00f3sitos, que incluyen pisos, encimeras, revestimiento de paredes y elementos decorativos. Su c\u00e1lido y acogedor color lo convierte en una elecci\u00f3n popular para a\u00f1adir un toque de elegancia y belleza natural a espacios interiores y exteriores.<\/p>\n","protected":false},"excerpt":{"rendered":"<p>El granito Rojo Jhansi en India es una piedra natural popular y ampliamente utilizada, conocida por su distintivo color rojizo rosado. Por lo general, el granito Rojo Jhansi presenta un patr\u00f3n consistente con una textura de grano fino a medio. La piedra exhibe un tono rojizo vibrante con variaciones en los matices que van desde &hellip; <a href=\"https:\/\/www.ratani.in\/es\/jhansi-red-granite-manufacturer-and-exporter\/\" class=\"more-link\">Continue reading<span class=\"screen-reader-text\"> &#8220;Granito Rojo Jhansi&#8221;<\/span><\/a><\/p>\n","protected":false},"author":1,"featured_media":855,"parent":0,"menu_order":0,"comment_status":"closed","ping_status":"closed","template":"page-templates\/product.php","meta":{"footnotes":""},"translation":{"provider":"WPGlobus","version":"2.12.2","language":"es","enabled_languages":["en","es","fr","ru","ar","zh","pt"],"languages":{"en":{"title":true,"content":true,"excerpt":false},"es":{"title":true,"content":true,"excerpt":false},"fr":{"title":true,"content":true,"excerpt":false},"ru":{"title":true,"content":true,"excerpt":false},"ar":{"title":true,"content":true,"excerpt":false},"zh":{"title":true,"content":true,"excerpt":false},"pt":{"title":true,"content":true,"excerpt":false}}},"acf":[],"_links":{"self":[{"href":"https:\/\/www.ratani.in\/es\/wp-json\/wp\/v2\/pages\/849"}],"collection":[{"href":"https:\/\/www.ratani.in\/es\/wp-json\/wp\/v2\/pages"}],"about":[{"href":"https:\/\/www.ratani.in\/es\/wp-json\/wp\/v2\/types\/page"}],"author":[{"embeddable":true,"href":"https:\/\/www.ratani.in\/es\/wp-json\/wp\/v2\/users\/1"}],"replies":[{"embeddable":true,"href":"https:\/\/www.ratani.in\/es\/wp-json\/wp\/v2\/comments?post=849"}],"version-history":[{"count":10,"href":"https:\/\/www.ratani.in\/es\/wp-json\/wp\/v2\/pages\/849\/revisions"}],"predecessor-version":[{"id":2416,"href":"https:\/\/www.ratani.in\/es\/wp-json\/wp\/v2\/pages\/849\/revisions\/2416"}],"wp:featuredmedia":[{"embeddable":true,"href":"https:\/\/www.ratani.in\/es\/wp-json\/wp\/v2\/media\/855"}],"wp:attachment":[{"href":"https:\/\/www.ratani.in\/es\/wp-json\/wp\/v2\/media?parent=849"}],"curies":[{"name":"wp","href":"https:\/\/api.w.org\/{rel}","templated":true}]}}