{"id":879,"date":"2023-08-17T10:37:15","date_gmt":"2023-08-17T10:37:15","guid":{"rendered":"https:\/\/www.ratani.in\/?page_id=879"},"modified":"2023-09-05T10:56:00","modified_gmt":"2023-09-05T10:56:00","slug":"red-multicolored-granite-manufacturer-and-exporter","status":"publish","type":"page","link":"https:\/\/www.ratani.in\/es\/red-multicolored-granite-manufacturer-and-exporter\/","title":{"rendered":"Granito Rojo Multicolor"},"content":{"rendered":"<p>El granito Multicolor Rojo en la India es una cautivadora piedra natural que muestra una vibrante mezcla de colores y patrones. Aunque el granito es principalmente conocido por su durabilidad y resistencia, el granito Multicolor Rojo agrega una est\u00e9tica audaz y llamativa a cualquier espacio. El color base de este granito suele ser un tono rojo intenso o burdeos, que se complementa con una mezcla de otros colores como negro, gris, blanco y a veces incluso dorado o verde.<\/p>\n<p>Estos colores aparecen en forma de patrones de remolino, vetas y motas, creando una apariencia din\u00e1mica y visualmente atractiva. Cada losa de granito Multicolor Rojo es \u00fanica, ya que la distribuci\u00f3n e intensidad de los colores pueden variar.<\/p>\n<p>Los granitos del sur de la India se utilizan com\u00fanmente para encimeras, suelos, salpicaderos y paredes de acento, donde sus colores vibrantes sirven como punto focal y aportan una sensaci\u00f3n de energ\u00eda y calidez al entorno.<\/p>\n","protected":false},"excerpt":{"rendered":"<p>El granito Multicolor Rojo en la India es una cautivadora piedra natural que muestra una vibrante mezcla de colores y patrones. Aunque el granito es principalmente conocido por su durabilidad y resistencia, el granito Multicolor Rojo agrega una est\u00e9tica audaz y llamativa a cualquier espacio. El color base de este granito suele ser un tono &hellip; <a href=\"https:\/\/www.ratani.in\/es\/red-multicolored-granite-manufacturer-and-exporter\/\" class=\"more-link\">Continue reading<span class=\"screen-reader-text\"> &#8220;Granito Rojo Multicolor&#8221;<\/span><\/a><\/p>\n","protected":false},"author":1,"featured_media":886,"parent":0,"menu_order":0,"comment_status":"closed","ping_status":"closed","template":"page-templates\/product.php","meta":{"footnotes":""},"translation":{"provider":"WPGlobus","version":"2.12.2","language":"es","enabled_languages":["en","es","fr","ru","ar","zh","pt"],"languages":{"en":{"title":true,"content":true,"excerpt":false},"es":{"title":true,"content":true,"excerpt":false},"fr":{"title":true,"content":true,"excerpt":false},"ru":{"title":true,"content":true,"excerpt":false},"ar":{"title":true,"content":true,"excerpt":false},"zh":{"title":true,"content":true,"excerpt":false},"pt":{"title":true,"content":true,"excerpt":false}}},"acf":[],"_links":{"self":[{"href":"https:\/\/www.ratani.in\/es\/wp-json\/wp\/v2\/pages\/879"}],"collection":[{"href":"https:\/\/www.ratani.in\/es\/wp-json\/wp\/v2\/pages"}],"about":[{"href":"https:\/\/www.ratani.in\/es\/wp-json\/wp\/v2\/types\/page"}],"author":[{"embeddable":true,"href":"https:\/\/www.ratani.in\/es\/wp-json\/wp\/v2\/users\/1"}],"replies":[{"embeddable":true,"href":"https:\/\/www.ratani.in\/es\/wp-json\/wp\/v2\/comments?post=879"}],"version-history":[{"count":14,"href":"https:\/\/www.ratani.in\/es\/wp-json\/wp\/v2\/pages\/879\/revisions"}],"predecessor-version":[{"id":2172,"href":"https:\/\/www.ratani.in\/es\/wp-json\/wp\/v2\/pages\/879\/revisions\/2172"}],"wp:featuredmedia":[{"embeddable":true,"href":"https:\/\/www.ratani.in\/es\/wp-json\/wp\/v2\/media\/886"}],"wp:attachment":[{"href":"https:\/\/www.ratani.in\/es\/wp-json\/wp\/v2\/media?parent=879"}],"curies":[{"name":"wp","href":"https:\/\/api.w.org\/{rel}","templated":true}]}}