{"id":901,"date":"2023-08-17T10:46:18","date_gmt":"2023-08-17T10:46:18","guid":{"rendered":"https:\/\/www.ratani.in\/?page_id=901"},"modified":"2023-09-01T12:31:22","modified_gmt":"2023-09-01T12:31:22","slug":"malwada-yellow-granite-manufacturer-and-exporter","status":"publish","type":"page","link":"https:\/\/www.ratani.in\/es\/malwada-yellow-granite-manufacturer-and-exporter\/","title":{"rendered":"Granito Amarillo Malwada"},"content":{"rendered":"<p>El Granito Amarillo Malwada es una encarnaci\u00f3n radiante del sol capturado en una piedra. Sus tonos dorados, reminiscentes del resplandor de una puesta de sol, infunden cualquier espacio con calidez y alegr\u00eda. Como una explosi\u00f3n del deleite m\u00e1s puro de la naturaleza, aporta un toque de la esencia del verano a tu entorno.<\/p>\n<p>Su textura de grano grueso invita a tus dedos a explorar sus suaves ondulaciones, como si estuvieran siguiendo los contornos de un paisaje acariciado por el sol. El acabado pulido agrega un suave brillo, reflejando la luz en una danza que celebra la belleza inherente de la piedra.<\/p>\n<p>El Granito Amarillo Malwada es una hermosa variedad de granito conocida por su c\u00e1lido color amarillo y su encanto natural, por lo que es una de las piedras naturales indias preferidas entre los proveedores de granito de Gujarat.<\/p>\n<p>El Granito Amarillo Malwada generalmente presenta un fondo predominantemente amarillo con sutiles variaciones en el tono, que van desde tonos claros hasta medios. Exuda un ambiente c\u00e1lido y acogedor, aportando un toque de luminosidad a cualquier espacio.<\/p>\n","protected":false},"excerpt":{"rendered":"<p>El Granito Amarillo Malwada es una encarnaci\u00f3n radiante del sol capturado en una piedra. Sus tonos dorados, reminiscentes del resplandor de una puesta de sol, infunden cualquier espacio con calidez y alegr\u00eda. Como una explosi\u00f3n del deleite m\u00e1s puro de la naturaleza, aporta un toque de la esencia del verano a tu entorno. Su textura &hellip; <a href=\"https:\/\/www.ratani.in\/es\/malwada-yellow-granite-manufacturer-and-exporter\/\" class=\"more-link\">Continue reading<span class=\"screen-reader-text\"> &#8220;Granito Amarillo Malwada&#8221;<\/span><\/a><\/p>\n","protected":false},"author":1,"featured_media":906,"parent":0,"menu_order":0,"comment_status":"closed","ping_status":"closed","template":"page-templates\/product.php","meta":{"footnotes":""},"translation":{"provider":"WPGlobus","version":"2.12.2","language":"es","enabled_languages":["en","es","fr","ru","ar","zh","pt"],"languages":{"en":{"title":true,"content":true,"excerpt":false},"es":{"title":true,"content":true,"excerpt":false},"fr":{"title":true,"content":true,"excerpt":false},"ru":{"title":true,"content":true,"excerpt":false},"ar":{"title":true,"content":true,"excerpt":false},"zh":{"title":true,"content":true,"excerpt":false},"pt":{"title":true,"content":true,"excerpt":false}}},"acf":[],"_links":{"self":[{"href":"https:\/\/www.ratani.in\/es\/wp-json\/wp\/v2\/pages\/901"}],"collection":[{"href":"https:\/\/www.ratani.in\/es\/wp-json\/wp\/v2\/pages"}],"about":[{"href":"https:\/\/www.ratani.in\/es\/wp-json\/wp\/v2\/types\/page"}],"author":[{"embeddable":true,"href":"https:\/\/www.ratani.in\/es\/wp-json\/wp\/v2\/users\/1"}],"replies":[{"embeddable":true,"href":"https:\/\/www.ratani.in\/es\/wp-json\/wp\/v2\/comments?post=901"}],"version-history":[{"count":11,"href":"https:\/\/www.ratani.in\/es\/wp-json\/wp\/v2\/pages\/901\/revisions"}],"predecessor-version":[{"id":2541,"href":"https:\/\/www.ratani.in\/es\/wp-json\/wp\/v2\/pages\/901\/revisions\/2541"}],"wp:featuredmedia":[{"embeddable":true,"href":"https:\/\/www.ratani.in\/es\/wp-json\/wp\/v2\/media\/906"}],"wp:attachment":[{"href":"https:\/\/www.ratani.in\/es\/wp-json\/wp\/v2\/media?parent=901"}],"curies":[{"name":"wp","href":"https:\/\/api.w.org\/{rel}","templated":true}]}}