{"id":960,"date":"2023-08-17T14:37:46","date_gmt":"2023-08-17T14:37:46","guid":{"rendered":"https:\/\/www.ratani.in\/?page_id=960"},"modified":"2023-09-01T11:30:57","modified_gmt":"2023-09-01T11:30:57","slug":"granite-by-origin","status":"publish","type":"page","link":"https:\/\/www.ratani.in\/es\/granite-by-origin\/","title":{"rendered":"Por origen"},"content":{"rendered":"<p>Nuestra colecci\u00f3n de granito proviene tanto del norte como del sur de la India. As\u00ed que puede elevar su espacio con la elegancia de los granitos del norte de la India o la solidez de los granitos del sur de la India seg\u00fan sus necesidades. Estamos seguros de que los diferentes productos de granito indio le proporcionar\u00e1n una combinaci\u00f3n armoniosa de durabilidad y atractivo visual, sin importar cu\u00e1l elija.<\/p>\n","protected":false},"excerpt":{"rendered":"<p>Nuestra colecci\u00f3n de granito proviene tanto del norte como del sur de la India. As\u00ed que puede elevar su espacio con la elegancia de los granitos del norte de la India o la solidez de los granitos del sur de la India seg\u00fan sus necesidades. Estamos seguros de que los diferentes productos de granito indio &hellip; <a href=\"https:\/\/www.ratani.in\/es\/granite-by-origin\/\" class=\"more-link\">Continue reading<span class=\"screen-reader-text\"> &#8220;Por origen&#8221;<\/span><\/a><\/p>\n","protected":false},"author":1,"featured_media":103,"parent":0,"menu_order":0,"comment_status":"closed","ping_status":"closed","template":"page-templates\/byregion-page.php","meta":{"footnotes":""},"translation":{"provider":"WPGlobus","version":"2.12.2","language":"es","enabled_languages":["en","es","fr","ru","ar","zh","pt"],"languages":{"en":{"title":true,"content":true,"excerpt":false},"es":{"title":true,"content":true,"excerpt":false},"fr":{"title":true,"content":true,"excerpt":false},"ru":{"title":true,"content":true,"excerpt":false},"ar":{"title":true,"content":true,"excerpt":false},"zh":{"title":true,"content":true,"excerpt":false},"pt":{"title":true,"content":true,"excerpt":false}}},"acf":[],"_links":{"self":[{"href":"https:\/\/www.ratani.in\/es\/wp-json\/wp\/v2\/pages\/960"}],"collection":[{"href":"https:\/\/www.ratani.in\/es\/wp-json\/wp\/v2\/pages"}],"about":[{"href":"https:\/\/www.ratani.in\/es\/wp-json\/wp\/v2\/types\/page"}],"author":[{"embeddable":true,"href":"https:\/\/www.ratani.in\/es\/wp-json\/wp\/v2\/users\/1"}],"replies":[{"embeddable":true,"href":"https:\/\/www.ratani.in\/es\/wp-json\/wp\/v2\/comments?post=960"}],"version-history":[{"count":14,"href":"https:\/\/www.ratani.in\/es\/wp-json\/wp\/v2\/pages\/960\/revisions"}],"predecessor-version":[{"id":2506,"href":"https:\/\/www.ratani.in\/es\/wp-json\/wp\/v2\/pages\/960\/revisions\/2506"}],"wp:featuredmedia":[{"embeddable":true,"href":"https:\/\/www.ratani.in\/es\/wp-json\/wp\/v2\/media\/103"}],"wp:attachment":[{"href":"https:\/\/www.ratani.in\/es\/wp-json\/wp\/v2\/media?parent=960"}],"curies":[{"name":"wp","href":"https:\/\/api.w.org\/{rel}","templated":true}]}}