{"id":111,"date":"2023-08-09T12:31:20","date_gmt":"2023-08-09T12:31:20","guid":{"rendered":"https:\/\/www.ratani.in\/?page_id=111"},"modified":"2025-05-16T13:10:34","modified_gmt":"2025-05-16T13:10:34","slug":"absolute-black-granite-manufacturer-and-exporter","status":"publish","type":"page","link":"https:\/\/www.ratani.in\/fr\/absolute-black-granite-manufacturer-and-exporter\/","title":{"rendered":"Granit noir absolu"},"content":{"rendered":"<p>Le granit noir absolu de l&#8217;Inde est une pierre naturelle tr\u00e8s recherch\u00e9e ayant ses carri\u00e8res de granit dans le sud de l&#8217;Inde, v\u00e9n\u00e9r\u00e9e pour sa beaut\u00e9 intemporelle et sa couleur noire riche et profonde. Ce qui distingue le granit noir absolu, c&#8217;est son apparence noire uniforme et coh\u00e9rente, d\u00e9pourvue de variations ou de motifs significatifs. Ce fond noir solide en fait un choix id\u00e9al pour cr\u00e9er une esth\u00e9tique \u00e9l\u00e9gante et sophistiqu\u00e9e dans les designs contemporains et traditionnels.<\/p>\n<p>La texture du granit noir absolu en Inde est g\u00e9n\u00e9ralement fine, lisse et polie, ce qui renforce son attrait \u00e9l\u00e9gant. En raison de sa duret\u00e9 et de sa durabilit\u00e9 exceptionnelles, le carreau de granit noir absolu est un mat\u00e9riau pr\u00e9f\u00e9r\u00e9 pour les plans de travail, les rev\u00eatements de sol, le parement mural et d&#8217;autres applications int\u00e9rieures et ext\u00e9rieures. Qu&#8217;il soit utilis\u00e9 comme pi\u00e8ce ma\u00eetresse audacieuse ou comme \u00e9l\u00e9ment compl\u00e9mentaire dans un sch\u00e9ma de conception, le granit noir absolu ajoute une touche de sophistication et d&#8217;intemporalit\u00e9 \u00e0 tout espace.<\/p>\n","protected":false},"excerpt":{"rendered":"<p>Le granit noir absolu de l&#8217;Inde est une pierre naturelle tr\u00e8s recherch\u00e9e ayant ses carri\u00e8res de granit dans le sud de l&#8217;Inde, v\u00e9n\u00e9r\u00e9e pour sa beaut\u00e9 intemporelle et sa couleur noire riche et profonde. Ce qui distingue le granit noir absolu, c&#8217;est son apparence noire uniforme et coh\u00e9rente, d\u00e9pourvue de variations ou de motifs significatifs. &hellip; <a href=\"https:\/\/www.ratani.in\/fr\/absolute-black-granite-manufacturer-and-exporter\/\" class=\"more-link\">Continue reading<span class=\"screen-reader-text\"> &#8220;Granit noir absolu&#8221;<\/span><\/a><\/p>\n","protected":false},"author":1,"featured_media":76,"parent":0,"menu_order":0,"comment_status":"closed","ping_status":"closed","template":"page-templates\/product.php","meta":{"footnotes":""},"translation":{"provider":"WPGlobus","version":"2.12.2","language":"fr","enabled_languages":["en","es","fr","ru","ar","zh","pt"],"languages":{"en":{"title":true,"content":true,"excerpt":false},"es":{"title":true,"content":true,"excerpt":false},"fr":{"title":true,"content":true,"excerpt":false},"ru":{"title":true,"content":true,"excerpt":false},"ar":{"title":true,"content":true,"excerpt":false},"zh":{"title":true,"content":true,"excerpt":false},"pt":{"title":true,"content":true,"excerpt":false}}},"acf":[],"_links":{"self":[{"href":"https:\/\/www.ratani.in\/fr\/wp-json\/wp\/v2\/pages\/111"}],"collection":[{"href":"https:\/\/www.ratani.in\/fr\/wp-json\/wp\/v2\/pages"}],"about":[{"href":"https:\/\/www.ratani.in\/fr\/wp-json\/wp\/v2\/types\/page"}],"author":[{"embeddable":true,"href":"https:\/\/www.ratani.in\/fr\/wp-json\/wp\/v2\/users\/1"}],"replies":[{"embeddable":true,"href":"https:\/\/www.ratani.in\/fr\/wp-json\/wp\/v2\/comments?post=111"}],"version-history":[{"count":19,"href":"https:\/\/www.ratani.in\/fr\/wp-json\/wp\/v2\/pages\/111\/revisions"}],"predecessor-version":[{"id":2697,"href":"https:\/\/www.ratani.in\/fr\/wp-json\/wp\/v2\/pages\/111\/revisions\/2697"}],"wp:featuredmedia":[{"embeddable":true,"href":"https:\/\/www.ratani.in\/fr\/wp-json\/wp\/v2\/media\/76"}],"wp:attachment":[{"href":"https:\/\/www.ratani.in\/fr\/wp-json\/wp\/v2\/media?parent=111"}],"curies":[{"name":"wp","href":"https:\/\/api.w.org\/{rel}","templated":true}]}}