{"id":139,"date":"2023-08-16T11:17:43","date_gmt":"2023-08-16T11:17:43","guid":{"rendered":"https:\/\/www.ratani.in\/?page_id=139"},"modified":"2023-09-05T12:18:59","modified_gmt":"2023-09-05T12:18:59","slug":"fish-black-granite-manufacturer-and-exporter","status":"publish","type":"page","link":"https:\/\/www.ratani.in\/fr\/fish-black-granite-manufacturer-and-exporter\/","title":{"rendered":"Granit noir Fish"},"content":{"rendered":"<p>Le granit noir Fish en Inde fait r\u00e9f\u00e9rence \u00e0 un type de granit connu pour sa couleur noire fonc\u00e9e et son motif unique qui ressemble \u00e0 des \u00e9cailles de poisson. Il a ses mines de granit au Rajasthan, en Inde. Il pr\u00e9sente g\u00e9n\u00e9ralement une base noire profonde avec des motifs complexes qui ressemblent aux \u00e9cailles de poisson qui se chevauchent.<\/p>\n<p>Ces motifs peuvent varier en couleur du gris argent\u00e9 au blanc, cr\u00e9ant une apparence visuellement frappante. Le granit noir Fish est souvent utilis\u00e9 dans les applications de design int\u00e9rieur telles que les plans de travail, les cr\u00e9dences et les \u00e9l\u00e9ments d&#8217;accent, ajoutant une touche distinctive et inspir\u00e9e par la nature \u00e0 l&#8217;espace.<\/p>\n","protected":false},"excerpt":{"rendered":"<p>Le granit noir Fish en Inde fait r\u00e9f\u00e9rence \u00e0 un type de granit connu pour sa couleur noire fonc\u00e9e et son motif unique qui ressemble \u00e0 des \u00e9cailles de poisson. Il a ses mines de granit au Rajasthan, en Inde. Il pr\u00e9sente g\u00e9n\u00e9ralement une base noire profonde avec des motifs complexes qui ressemblent aux \u00e9cailles &hellip; <a href=\"https:\/\/www.ratani.in\/fr\/fish-black-granite-manufacturer-and-exporter\/\" class=\"more-link\">Continue reading<span class=\"screen-reader-text\"> &#8220;Granit noir Fish&#8221;<\/span><\/a><\/p>\n","protected":false},"author":1,"featured_media":140,"parent":0,"menu_order":0,"comment_status":"closed","ping_status":"closed","template":"page-templates\/product.php","meta":{"footnotes":""},"translation":{"provider":"WPGlobus","version":"2.12.2","language":"fr","enabled_languages":["en","es","fr","ru","ar","zh","pt"],"languages":{"en":{"title":true,"content":true,"excerpt":false},"es":{"title":true,"content":true,"excerpt":false},"fr":{"title":true,"content":true,"excerpt":false},"ru":{"title":true,"content":true,"excerpt":false},"ar":{"title":true,"content":true,"excerpt":false},"zh":{"title":true,"content":true,"excerpt":false},"pt":{"title":true,"content":true,"excerpt":false}}},"acf":[],"_links":{"self":[{"href":"https:\/\/www.ratani.in\/fr\/wp-json\/wp\/v2\/pages\/139"}],"collection":[{"href":"https:\/\/www.ratani.in\/fr\/wp-json\/wp\/v2\/pages"}],"about":[{"href":"https:\/\/www.ratani.in\/fr\/wp-json\/wp\/v2\/types\/page"}],"author":[{"embeddable":true,"href":"https:\/\/www.ratani.in\/fr\/wp-json\/wp\/v2\/users\/1"}],"replies":[{"embeddable":true,"href":"https:\/\/www.ratani.in\/fr\/wp-json\/wp\/v2\/comments?post=139"}],"version-history":[{"count":11,"href":"https:\/\/www.ratani.in\/fr\/wp-json\/wp\/v2\/pages\/139\/revisions"}],"predecessor-version":[{"id":2667,"href":"https:\/\/www.ratani.in\/fr\/wp-json\/wp\/v2\/pages\/139\/revisions\/2667"}],"wp:featuredmedia":[{"embeddable":true,"href":"https:\/\/www.ratani.in\/fr\/wp-json\/wp\/v2\/media\/140"}],"wp:attachment":[{"href":"https:\/\/www.ratani.in\/fr\/wp-json\/wp\/v2\/media?parent=139"}],"curies":[{"name":"wp","href":"https:\/\/api.w.org\/{rel}","templated":true}]}}