{"id":149,"date":"2023-08-16T11:21:35","date_gmt":"2023-08-16T11:21:35","guid":{"rendered":"https:\/\/www.ratani.in\/?page_id=149"},"modified":"2025-05-16T13:08:24","modified_gmt":"2025-05-16T13:08:24","slug":"kotda-black-granite-manufacturer-and-exporter","status":"publish","type":"page","link":"https:\/\/www.ratani.in\/fr\/kotda-black-granite-manufacturer-and-exporter\/","title":{"rendered":"Granit noir Kotda"},"content":{"rendered":"<p>Le granit noir Kotda est une vari\u00e9t\u00e9 captivante de granit connue pour sa couleur noire profonde et son apparence frappante. C&#8217;est une pierre naturelle indienne extraite des carri\u00e8res de granit au Rajasthan, qui respire l&#8217;\u00e9l\u00e9gance et la sophistication, en faisant un choix populaire pour les projets de design int\u00e9rieur et ext\u00e9rieur.<\/p>\n<p>La texture du granit noir Kotda est g\u00e9n\u00e9ralement de grains moyens \u00e0 gros, offrant une sensation naturelle et tactile. Lorsqu&#8217;il est poli, il pr\u00e9sente un bel \u00e9clat qui rehausse son \u00e9clat inh\u00e9rent et sa douceur, ajoutant \u00e0 son attrait visuel.<\/p>\n<p>Cette vari\u00e9t\u00e9 de granit est largement utilis\u00e9e pour diverses applications, notamment les plans de travail de cuisine, les vanit\u00e9s de salle de bains, les rev\u00eatements de sol, le parement mural et les accents architecturaux. Sa durabilit\u00e9, sa r\u00e9sistance aux rayures et ses exigences d&#8217;entretien r\u00e9duites en font un choix pratique.<\/p>\n<p>La teinte noire intemporelle et l&#8217;apparence \u00e9l\u00e9gante du granit noir Kotda en font une option polyvalente qui peut compl\u00e9ter un \u00e9ventail de styles de design, du contemporain et minimaliste au traditionnel et transitionnel.<\/p>\n","protected":false},"excerpt":{"rendered":"<p>Le granit noir Kotda est une vari\u00e9t\u00e9 captivante de granit connue pour sa couleur noire profonde et son apparence frappante. C&#8217;est une pierre naturelle indienne extraite des carri\u00e8res de granit au Rajasthan, qui respire l&#8217;\u00e9l\u00e9gance et la sophistication, en faisant un choix populaire pour les projets de design int\u00e9rieur et ext\u00e9rieur. La texture du granit &hellip; <a href=\"https:\/\/www.ratani.in\/fr\/kotda-black-granite-manufacturer-and-exporter\/\" class=\"more-link\">Continue reading<span class=\"screen-reader-text\"> &#8220;Granit noir Kotda&#8221;<\/span><\/a><\/p>\n","protected":false},"author":1,"featured_media":152,"parent":0,"menu_order":0,"comment_status":"closed","ping_status":"closed","template":"page-templates\/product.php","meta":{"footnotes":""},"translation":{"provider":"WPGlobus","version":"2.12.2","language":"fr","enabled_languages":["en","es","fr","ru","ar","zh","pt"],"languages":{"en":{"title":true,"content":true,"excerpt":false},"es":{"title":true,"content":true,"excerpt":false},"fr":{"title":true,"content":true,"excerpt":false},"ru":{"title":true,"content":true,"excerpt":false},"ar":{"title":true,"content":true,"excerpt":false},"zh":{"title":true,"content":true,"excerpt":false},"pt":{"title":true,"content":true,"excerpt":false}}},"acf":[],"_links":{"self":[{"href":"https:\/\/www.ratani.in\/fr\/wp-json\/wp\/v2\/pages\/149"}],"collection":[{"href":"https:\/\/www.ratani.in\/fr\/wp-json\/wp\/v2\/pages"}],"about":[{"href":"https:\/\/www.ratani.in\/fr\/wp-json\/wp\/v2\/types\/page"}],"author":[{"embeddable":true,"href":"https:\/\/www.ratani.in\/fr\/wp-json\/wp\/v2\/users\/1"}],"replies":[{"embeddable":true,"href":"https:\/\/www.ratani.in\/fr\/wp-json\/wp\/v2\/comments?post=149"}],"version-history":[{"count":15,"href":"https:\/\/www.ratani.in\/fr\/wp-json\/wp\/v2\/pages\/149\/revisions"}],"predecessor-version":[{"id":3302,"href":"https:\/\/www.ratani.in\/fr\/wp-json\/wp\/v2\/pages\/149\/revisions\/3302"}],"wp:featuredmedia":[{"embeddable":true,"href":"https:\/\/www.ratani.in\/fr\/wp-json\/wp\/v2\/media\/152"}],"wp:attachment":[{"href":"https:\/\/www.ratani.in\/fr\/wp-json\/wp\/v2\/media?parent=149"}],"curies":[{"name":"wp","href":"https:\/\/api.w.org\/{rel}","templated":true}]}}