{"id":163,"date":"2023-08-16T11:27:23","date_gmt":"2023-08-16T11:27:23","guid":{"rendered":"https:\/\/www.ratani.in\/?page_id=163"},"modified":"2023-09-05T12:22:52","modified_gmt":"2023-09-05T12:22:52","slug":"malkot-black-granite-manufacturer-and-exporter","status":"publish","type":"page","link":"https:\/\/www.ratani.in\/fr\/malkot-black-granite-manufacturer-and-exporter\/","title":{"rendered":"Granit noir Malkot"},"content":{"rendered":"<p>Le granit noir Malkot est un type de granit indien connu pour sa couleur noire profonde et son apparence distinctive. Il a ses mines de granit au Rajasthan. Le granit noir Malkot est caract\u00e9ris\u00e9 par sa couleur noire uniforme et coh\u00e9rente, souvent avec des grains fins et des variations minimales de teinte.<\/p>\n<p>La surface du granit a g\u00e9n\u00e9ralement une finition polie ou adoucie, ce qui am\u00e9liore son apparence \u00e9l\u00e9gante et lisse. Cette vari\u00e9t\u00e9 de granit est renomm\u00e9e pour sa durabilit\u00e9, ce qui en fait un mat\u00e9riau adapt\u00e9 \u00e0 un large \u00e9ventail d&#8217;applications.<\/p>\n<p>Il est couramment utilis\u00e9 pour les plans de travail de cuisine, les vanit\u00e9s de salle de bains, les rev\u00eatements de sol, le parement mural et divers autres \u00e9l\u00e9ments de design int\u00e9rieur et ext\u00e9rieur. Le granit noir Malkot cr\u00e9e un contraste frappant lorsqu&#8217;il est associ\u00e9 \u00e0 des mat\u00e9riaux de couleur plus claire, ajoutant une touche de sophistication \u00e0 n&#8217;importe quel espace. Il est appr\u00e9ci\u00e9 pour sa capacit\u00e9 \u00e0 se fondre parfaitement dans diff\u00e9rents styles de design, du moderne au traditionnel.<\/p>\n","protected":false},"excerpt":{"rendered":"<p>Le granit noir Malkot est un type de granit indien connu pour sa couleur noire profonde et son apparence distinctive. Il a ses mines de granit au Rajasthan. Le granit noir Malkot est caract\u00e9ris\u00e9 par sa couleur noire uniforme et coh\u00e9rente, souvent avec des grains fins et des variations minimales de teinte. La surface du &hellip; <a href=\"https:\/\/www.ratani.in\/fr\/malkot-black-granite-manufacturer-and-exporter\/\" class=\"more-link\">Continue reading<span class=\"screen-reader-text\"> &#8220;Granit noir Malkot&#8221;<\/span><\/a><\/p>\n","protected":false},"author":1,"featured_media":170,"parent":0,"menu_order":0,"comment_status":"closed","ping_status":"closed","template":"page-templates\/product.php","meta":{"footnotes":""},"translation":{"provider":"WPGlobus","version":"2.12.2","language":"fr","enabled_languages":["en","es","fr","ru","ar","zh","pt"],"languages":{"en":{"title":true,"content":true,"excerpt":false},"es":{"title":true,"content":true,"excerpt":false},"fr":{"title":true,"content":true,"excerpt":false},"ru":{"title":true,"content":true,"excerpt":false},"ar":{"title":true,"content":true,"excerpt":false},"zh":{"title":true,"content":true,"excerpt":false},"pt":{"title":true,"content":true,"excerpt":false}}},"acf":[],"_links":{"self":[{"href":"https:\/\/www.ratani.in\/fr\/wp-json\/wp\/v2\/pages\/163"}],"collection":[{"href":"https:\/\/www.ratani.in\/fr\/wp-json\/wp\/v2\/pages"}],"about":[{"href":"https:\/\/www.ratani.in\/fr\/wp-json\/wp\/v2\/types\/page"}],"author":[{"embeddable":true,"href":"https:\/\/www.ratani.in\/fr\/wp-json\/wp\/v2\/users\/1"}],"replies":[{"embeddable":true,"href":"https:\/\/www.ratani.in\/fr\/wp-json\/wp\/v2\/comments?post=163"}],"version-history":[{"count":11,"href":"https:\/\/www.ratani.in\/fr\/wp-json\/wp\/v2\/pages\/163\/revisions"}],"predecessor-version":[{"id":2547,"href":"https:\/\/www.ratani.in\/fr\/wp-json\/wp\/v2\/pages\/163\/revisions\/2547"}],"wp:featuredmedia":[{"embeddable":true,"href":"https:\/\/www.ratani.in\/fr\/wp-json\/wp\/v2\/media\/170"}],"wp:attachment":[{"href":"https:\/\/www.ratani.in\/fr\/wp-json\/wp\/v2\/media?parent=163"}],"curies":[{"name":"wp","href":"https:\/\/api.w.org\/{rel}","templated":true}]}}