{"id":173,"date":"2023-08-16T11:42:04","date_gmt":"2023-08-16T11:42:04","guid":{"rendered":"https:\/\/www.ratani.in\/?page_id=173"},"modified":"2023-09-05T12:15:36","modified_gmt":"2023-09-05T12:15:36","slug":"markino-black-granite-manufacturer-and-exporter","status":"publish","type":"page","link":"https:\/\/www.ratani.in\/fr\/markino-black-granite-manufacturer-and-exporter\/","title":{"rendered":"Granit noir Markino"},"content":{"rendered":"<p>Le granit noir Markino de l&#8217;Inde fait r\u00e9f\u00e9rence \u00e0 un type de granit principalement de couleur noire. Il pr\u00e9sente g\u00e9n\u00e9ralement une base noire profonde et riche avec des motifs et des veines complexes dans des nuances de gris, de blanc, voire d&#8217;or. Les veines et les motifs peuvent varier d&#8217;une dalle \u00e0 l&#8217;autre, donnant \u00e0 chaque pi\u00e8ce une apparence unique et distinctive. Le granit noir Markino est tr\u00e8s appr\u00e9ci\u00e9 pour son esth\u00e9tique \u00e9l\u00e9gante et dramatique, ce qui en fait un choix populaire pour les plans de travail, les rev\u00eatements de sol et d&#8217;autres applications int\u00e9rieures o\u00f9 un look audacieux et sophistiqu\u00e9 est souhait\u00e9.<\/p>\n<p>C&#8217;est une pierre polyvalente qui offre une large gamme de possibilit\u00e9s de design. C&#8217;est le choix parfait pour ceux qui recherchent l&#8217;\u00e9l\u00e9gance et une apparence \u00e9l\u00e9gante.<\/p>\n","protected":false},"excerpt":{"rendered":"<p>Le granit noir Markino de l&#8217;Inde fait r\u00e9f\u00e9rence \u00e0 un type de granit principalement de couleur noire. Il pr\u00e9sente g\u00e9n\u00e9ralement une base noire profonde et riche avec des motifs et des veines complexes dans des nuances de gris, de blanc, voire d&#8217;or. Les veines et les motifs peuvent varier d&#8217;une dalle \u00e0 l&#8217;autre, donnant \u00e0 &hellip; <a href=\"https:\/\/www.ratani.in\/fr\/markino-black-granite-manufacturer-and-exporter\/\" class=\"more-link\">Continue reading<span class=\"screen-reader-text\"> &#8220;Granit noir Markino&#8221;<\/span><\/a><\/p>\n","protected":false},"author":1,"featured_media":190,"parent":0,"menu_order":0,"comment_status":"closed","ping_status":"closed","template":"page-templates\/product.php","meta":{"footnotes":""},"translation":{"provider":"WPGlobus","version":"2.12.2","language":"fr","enabled_languages":["en","es","fr","ru","ar","zh","pt"],"languages":{"en":{"title":true,"content":true,"excerpt":false},"es":{"title":true,"content":true,"excerpt":false},"fr":{"title":true,"content":true,"excerpt":false},"ru":{"title":true,"content":true,"excerpt":false},"ar":{"title":true,"content":true,"excerpt":false},"zh":{"title":true,"content":true,"excerpt":false},"pt":{"title":true,"content":true,"excerpt":false}}},"acf":[],"_links":{"self":[{"href":"https:\/\/www.ratani.in\/fr\/wp-json\/wp\/v2\/pages\/173"}],"collection":[{"href":"https:\/\/www.ratani.in\/fr\/wp-json\/wp\/v2\/pages"}],"about":[{"href":"https:\/\/www.ratani.in\/fr\/wp-json\/wp\/v2\/types\/page"}],"author":[{"embeddable":true,"href":"https:\/\/www.ratani.in\/fr\/wp-json\/wp\/v2\/users\/1"}],"replies":[{"embeddable":true,"href":"https:\/\/www.ratani.in\/fr\/wp-json\/wp\/v2\/comments?post=173"}],"version-history":[{"count":13,"href":"https:\/\/www.ratani.in\/fr\/wp-json\/wp\/v2\/pages\/173\/revisions"}],"predecessor-version":[{"id":2664,"href":"https:\/\/www.ratani.in\/fr\/wp-json\/wp\/v2\/pages\/173\/revisions\/2664"}],"wp:featuredmedia":[{"embeddable":true,"href":"https:\/\/www.ratani.in\/fr\/wp-json\/wp\/v2\/media\/190"}],"wp:attachment":[{"href":"https:\/\/www.ratani.in\/fr\/wp-json\/wp\/v2\/media?parent=173"}],"curies":[{"name":"wp","href":"https:\/\/api.w.org\/{rel}","templated":true}]}}