{"id":212,"date":"2023-08-16T12:03:34","date_gmt":"2023-08-16T12:03:34","guid":{"rendered":"https:\/\/www.ratani.in\/?page_id=212"},"modified":"2023-09-05T12:18:15","modified_gmt":"2023-09-05T12:18:15","slug":"r-black-brown-spots-granite-manufacturer-and-exporter","status":"publish","type":"page","link":"https:\/\/www.ratani.in\/fr\/r-black-brown-spots-granite-manufacturer-and-exporter\/","title":{"rendered":"Granit noir \u00e0 taches brunes R"},"content":{"rendered":"<p>Le granit noir du Rajasthan en Inde avec des taches brunes est une vari\u00e9t\u00e9 distincte de granit qui provient de l&#8217;\u00c9tat du Rajasthan en Inde. Il est caract\u00e9ris\u00e9 par sa couleur de fond noir profond, orn\u00e9e de taches ou de points bruns dispers\u00e9s.<\/p>\n<p>La couleur principale du granit noir du Rajasthan est un noir velout\u00e9 et riche qui cr\u00e9e une esth\u00e9tique audacieuse et dramatique. Les taches brunes sont g\u00e9n\u00e9ralement dispers\u00e9es dans la pierre dans diff\u00e9rentes tailles et densit\u00e9s, cr\u00e9ant un motif unique et ajoutant de l&#8217;int\u00e9r\u00eat visuel \u00e0 la surface.<\/p>\n<p>La texture du granit noir du Rajasthan est g\u00e9n\u00e9ralement de grains moyens \u00e0 gros, offrant une sensation naturelle et tactile. Il est souvent poli \u00e0 l&#8217;usine de granit du Rajasthan pour am\u00e9liorer son lustre et sa douceur g\u00e9n\u00e9rale.<\/p>\n<p>Cette vari\u00e9t\u00e9 de granit est largement utilis\u00e9e dans les applications r\u00e9sidentielles et commerciales. Elle est couramment utilis\u00e9e pour les plans de travail de cuisine, les rev\u00eatements de sol, les parements muraux, les plateaux de table et d&#8217;autres \u00e9l\u00e9ments de design int\u00e9rieur et ext\u00e9rieur.<\/p>\n<p>Le granit noir du Rajasthan avec des taches brunes est appr\u00e9ci\u00e9 pour sa durabilit\u00e9, sa r\u00e9sistance aux rayures et aux taches, ainsi que sa capacit\u00e9 \u00e0 compl\u00e9ter une gamme de styles de design.<\/p>\n","protected":false},"excerpt":{"rendered":"<p>Le granit noir du Rajasthan en Inde avec des taches brunes est une vari\u00e9t\u00e9 distincte de granit qui provient de l&#8217;\u00c9tat du Rajasthan en Inde. Il est caract\u00e9ris\u00e9 par sa couleur de fond noir profond, orn\u00e9e de taches ou de points bruns dispers\u00e9s. La couleur principale du granit noir du Rajasthan est un noir velout\u00e9 &hellip; <a href=\"https:\/\/www.ratani.in\/fr\/r-black-brown-spots-granite-manufacturer-and-exporter\/\" class=\"more-link\">Continue reading<span class=\"screen-reader-text\"> &#8220;Granit noir \u00e0 taches brunes R&#8221;<\/span><\/a><\/p>\n","protected":false},"author":1,"featured_media":213,"parent":0,"menu_order":0,"comment_status":"closed","ping_status":"closed","template":"page-templates\/product.php","meta":{"footnotes":""},"translation":{"provider":"WPGlobus","version":"2.12.2","language":"fr","enabled_languages":["en","es","fr","ru","ar","zh","pt"],"languages":{"en":{"title":true,"content":true,"excerpt":false},"es":{"title":true,"content":true,"excerpt":false},"fr":{"title":true,"content":true,"excerpt":false},"ru":{"title":true,"content":true,"excerpt":false},"ar":{"title":true,"content":true,"excerpt":false},"zh":{"title":true,"content":true,"excerpt":false},"pt":{"title":true,"content":true,"excerpt":false}}},"acf":[],"_links":{"self":[{"href":"https:\/\/www.ratani.in\/fr\/wp-json\/wp\/v2\/pages\/212"}],"collection":[{"href":"https:\/\/www.ratani.in\/fr\/wp-json\/wp\/v2\/pages"}],"about":[{"href":"https:\/\/www.ratani.in\/fr\/wp-json\/wp\/v2\/types\/page"}],"author":[{"embeddable":true,"href":"https:\/\/www.ratani.in\/fr\/wp-json\/wp\/v2\/users\/1"}],"replies":[{"embeddable":true,"href":"https:\/\/www.ratani.in\/fr\/wp-json\/wp\/v2\/comments?post=212"}],"version-history":[{"count":11,"href":"https:\/\/www.ratani.in\/fr\/wp-json\/wp\/v2\/pages\/212\/revisions"}],"predecessor-version":[{"id":2666,"href":"https:\/\/www.ratani.in\/fr\/wp-json\/wp\/v2\/pages\/212\/revisions\/2666"}],"wp:featuredmedia":[{"embeddable":true,"href":"https:\/\/www.ratani.in\/fr\/wp-json\/wp\/v2\/media\/213"}],"wp:attachment":[{"href":"https:\/\/www.ratani.in\/fr\/wp-json\/wp\/v2\/media?parent=212"}],"curies":[{"name":"wp","href":"https:\/\/api.w.org\/{rel}","templated":true}]}}