{"id":222,"date":"2023-08-16T12:12:42","date_gmt":"2023-08-16T12:12:42","guid":{"rendered":"https:\/\/www.ratani.in\/?page_id=222"},"modified":"2023-09-05T12:09:37","modified_gmt":"2023-09-05T12:09:37","slug":"bengal-black-g20-granite-manufacturer-and-exporter","status":"publish","type":"page","link":"https:\/\/www.ratani.in\/fr\/bengal-black-g20-granite-manufacturer-and-exporter\/","title":{"rendered":"Granit noir du Bengale G20"},"content":{"rendered":"<p>Le granit noir du Bengale indien est une pierre naturelle frappante qui d\u00e9gage une sophistication et une \u00e9l\u00e9gance intemporelles. Le granit du Bengale Noir\/G20 a ses mines de granit dans le sud de l&#8217;Inde. Il pr\u00e9sente une couleur de base noire profonde qui d\u00e9gage un sentiment de luxe et de raffinement. Ce granit affiche souvent des variations subtiles et des reflets de gris plus clair ou de tons argent\u00e9s, ajoutant de la profondeur et de l&#8217;int\u00e9r\u00eat visuel \u00e0 son apparence globale. La texture lisse et uniforme du granit du Bengale Noir renforce encore son attrait, en en faisant un choix recherch\u00e9 pour les plans de travail, les rev\u00eatements de sol et diverses autres applications int\u00e9rieures et ext\u00e9rieures.<\/p>\n<p>Avec son esth\u00e9tique \u00e9l\u00e9gante et spectaculaire, le granit du Bengale Noir compl\u00e8te sans effort les styles de design modernes et traditionnels, cr\u00e9ant une d\u00e9claration audacieuse dans n&#8217;importe quel espace.<\/p>\n","protected":false},"excerpt":{"rendered":"<p>Le granit noir du Bengale indien est une pierre naturelle frappante qui d\u00e9gage une sophistication et une \u00e9l\u00e9gance intemporelles. Le granit du Bengale Noir\/G20 a ses mines de granit dans le sud de l&#8217;Inde. Il pr\u00e9sente une couleur de base noire profonde qui d\u00e9gage un sentiment de luxe et de raffinement. Ce granit affiche souvent &hellip; <a href=\"https:\/\/www.ratani.in\/fr\/bengal-black-g20-granite-manufacturer-and-exporter\/\" class=\"more-link\">Continue reading<span class=\"screen-reader-text\"> &#8220;Granit noir du Bengale G20&#8221;<\/span><\/a><\/p>\n","protected":false},"author":1,"featured_media":223,"parent":0,"menu_order":0,"comment_status":"closed","ping_status":"closed","template":"page-templates\/product.php","meta":{"footnotes":""},"translation":{"provider":"WPGlobus","version":"2.12.2","language":"fr","enabled_languages":["en","es","fr","ru","ar","zh","pt"],"languages":{"en":{"title":true,"content":true,"excerpt":false},"es":{"title":true,"content":true,"excerpt":false},"fr":{"title":true,"content":true,"excerpt":false},"ru":{"title":true,"content":true,"excerpt":false},"ar":{"title":true,"content":true,"excerpt":false},"zh":{"title":true,"content":true,"excerpt":false},"pt":{"title":true,"content":true,"excerpt":false}}},"acf":[],"_links":{"self":[{"href":"https:\/\/www.ratani.in\/fr\/wp-json\/wp\/v2\/pages\/222"}],"collection":[{"href":"https:\/\/www.ratani.in\/fr\/wp-json\/wp\/v2\/pages"}],"about":[{"href":"https:\/\/www.ratani.in\/fr\/wp-json\/wp\/v2\/types\/page"}],"author":[{"embeddable":true,"href":"https:\/\/www.ratani.in\/fr\/wp-json\/wp\/v2\/users\/1"}],"replies":[{"embeddable":true,"href":"https:\/\/www.ratani.in\/fr\/wp-json\/wp\/v2\/comments?post=222"}],"version-history":[{"count":12,"href":"https:\/\/www.ratani.in\/fr\/wp-json\/wp\/v2\/pages\/222\/revisions"}],"predecessor-version":[{"id":2660,"href":"https:\/\/www.ratani.in\/fr\/wp-json\/wp\/v2\/pages\/222\/revisions\/2660"}],"wp:featuredmedia":[{"embeddable":true,"href":"https:\/\/www.ratani.in\/fr\/wp-json\/wp\/v2\/media\/223"}],"wp:attachment":[{"href":"https:\/\/www.ratani.in\/fr\/wp-json\/wp\/v2\/media?parent=222"}],"curies":[{"name":"wp","href":"https:\/\/api.w.org\/{rel}","templated":true}]}}