{"id":232,"date":"2023-08-16T12:16:11","date_gmt":"2023-08-16T12:16:11","guid":{"rendered":"https:\/\/www.ratani.in\/?page_id=232"},"modified":"2023-09-05T12:21:18","modified_gmt":"2023-09-05T12:21:18","slug":"black-beauty-granite-manufacturer-and-exporter","status":"publish","type":"page","link":"https:\/\/www.ratani.in\/fr\/black-beauty-granite-manufacturer-and-exporter\/","title":{"rendered":"Granit noir Beauty"},"content":{"rendered":"<p>Le granit noir Beauty de l&#8217;Inde est une pierre naturelle captivante et \u00e9l\u00e9gante r\u00e9put\u00e9e pour sa couleur noire profonde et sa beaut\u00e9 exquise. C&#8217;est un choix populaire pour cr\u00e9er une atmosph\u00e8re sophistiqu\u00e9e et luxueuse dans divers projets de design.<\/p>\n<p>Les granites Black Beauty en Inde sont trait\u00e9s dans l&#8217;usine de granit du Sud de l&#8217;Inde. Ils pr\u00e9sentent un fond noir uniforme et riche avec des tourbillons blancs partout qui d\u00e9gagent une sensation de profondeur et d&#8217;intemporalit\u00e9. Sa surface lisse et polie refl\u00e8te la lumi\u00e8re, cr\u00e9ant un impact visuel saisissant et ajoutant une touche de glamour \u00e0 n&#8217;importe quel espace.<\/p>\n<p>Il poss\u00e8de une finition lisse et brillante, am\u00e9liorant son lustre et sa douceur inh\u00e9rents, \u00e9levant davantage son attrait esth\u00e9tique.<\/p>\n<p>Cette vari\u00e9t\u00e9 de granit est largement utilis\u00e9e pour les applications int\u00e9rieures et ext\u00e9rieures. Elle est couramment utilis\u00e9e pour les plans de travail de cuisine, les vanit\u00e9s de salle de bains, les rev\u00eatements de sol, le parement mural et les accents architecturaux. Sa durabilit\u00e9, sa r\u00e9sistance aux rayures et ses exigences d&#8217;entretien r\u00e9duites en font un choix pratique pour les zones \u00e0 fort trafic.<\/p>\n<p>Il sert de toile de fond magnifique pour mettre en valeur d&#8217;autres \u00e9l\u00e9ments de design et cr\u00e9er un sentiment de drame et de sophistication.<\/p>\n","protected":false},"excerpt":{"rendered":"<p>Le granit noir Beauty de l&#8217;Inde est une pierre naturelle captivante et \u00e9l\u00e9gante r\u00e9put\u00e9e pour sa couleur noire profonde et sa beaut\u00e9 exquise. C&#8217;est un choix populaire pour cr\u00e9er une atmosph\u00e8re sophistiqu\u00e9e et luxueuse dans divers projets de design. Les granites Black Beauty en Inde sont trait\u00e9s dans l&#8217;usine de granit du Sud de l&#8217;Inde. &hellip; <a href=\"https:\/\/www.ratani.in\/fr\/black-beauty-granite-manufacturer-and-exporter\/\" class=\"more-link\">Continue reading<span class=\"screen-reader-text\"> &#8220;Granit noir Beauty&#8221;<\/span><\/a><\/p>\n","protected":false},"author":1,"featured_media":237,"parent":0,"menu_order":0,"comment_status":"closed","ping_status":"closed","template":"page-templates\/product.php","meta":{"footnotes":""},"translation":{"provider":"WPGlobus","version":"2.12.2","language":"fr","enabled_languages":["en","es","fr","ru","ar","zh","pt"],"languages":{"en":{"title":true,"content":true,"excerpt":false},"es":{"title":true,"content":true,"excerpt":false},"fr":{"title":true,"content":true,"excerpt":false},"ru":{"title":true,"content":true,"excerpt":false},"ar":{"title":true,"content":true,"excerpt":false},"zh":{"title":true,"content":true,"excerpt":false},"pt":{"title":true,"content":true,"excerpt":false}}},"acf":[],"_links":{"self":[{"href":"https:\/\/www.ratani.in\/fr\/wp-json\/wp\/v2\/pages\/232"}],"collection":[{"href":"https:\/\/www.ratani.in\/fr\/wp-json\/wp\/v2\/pages"}],"about":[{"href":"https:\/\/www.ratani.in\/fr\/wp-json\/wp\/v2\/types\/page"}],"author":[{"embeddable":true,"href":"https:\/\/www.ratani.in\/fr\/wp-json\/wp\/v2\/users\/1"}],"replies":[{"embeddable":true,"href":"https:\/\/www.ratani.in\/fr\/wp-json\/wp\/v2\/comments?post=232"}],"version-history":[{"count":11,"href":"https:\/\/www.ratani.in\/fr\/wp-json\/wp\/v2\/pages\/232\/revisions"}],"predecessor-version":[{"id":2668,"href":"https:\/\/www.ratani.in\/fr\/wp-json\/wp\/v2\/pages\/232\/revisions\/2668"}],"wp:featuredmedia":[{"embeddable":true,"href":"https:\/\/www.ratani.in\/fr\/wp-json\/wp\/v2\/media\/237"}],"wp:attachment":[{"href":"https:\/\/www.ratani.in\/fr\/wp-json\/wp\/v2\/media?parent=232"}],"curies":[{"name":"wp","href":"https:\/\/api.w.org\/{rel}","templated":true}]}}