{"id":242,"date":"2023-08-16T12:22:47","date_gmt":"2023-08-16T12:22:47","guid":{"rendered":"https:\/\/www.ratani.in\/?page_id=242"},"modified":"2023-09-05T12:22:01","modified_gmt":"2023-09-05T12:22:01","slug":"black-forest-granite-manufacturer-and-exporter","status":"publish","type":"page","link":"https:\/\/www.ratani.in\/fr\/black-forest-granite-manufacturer-and-exporter\/","title":{"rendered":"Granit noir de la for\u00eat noire"},"content":{"rendered":"<p>Le granit de la for\u00eat noire en Inde est une superbe pierre naturelle r\u00e9put\u00e9e pour sa couleur sombre et riche. Le granit de la for\u00eat noire est une pierre naturelle dans le sud de l&#8217;Inde qui pr\u00e9sente un fond noir solide avec des motifs complexes de gris, de blanc et parfois m\u00eame de veines d&#8217;or ou de brun. Ces veines et taches peuvent varier en taille, en densit\u00e9 et en distribution, donnant \u00e0 chaque dalle une apparence unique et accrocheuse. Les couleurs contrast\u00e9es et les motifs complexes cr\u00e9ent une impression de profondeur et de mouvement, ajoutant de l&#8217;int\u00e9r\u00eat visuel \u00e0 n&#8217;importe quel espace. La texture du granit de la for\u00eat noire est g\u00e9n\u00e9ralement fine et polie, rehaussant sa finition lisse et \u00e9l\u00e9gante.<\/p>\n<p>Ce granit est couramment utilis\u00e9 pour les plans de travail, les rev\u00eatements de sol, les cr\u00e9dences et les murs d&#8217;accent, o\u00f9 sa pr\u00e9sence audacieuse et dramatique cr\u00e9e un point focal saisissant. Le granit de la for\u00eat noire apporte une sensation de sophistication et de beaut\u00e9 intemporelle, ce qui en fait une option captivante pour les applications r\u00e9sidentielles et commerciales.<\/p>\n","protected":false},"excerpt":{"rendered":"<p>Le granit de la for\u00eat noire en Inde est une superbe pierre naturelle r\u00e9put\u00e9e pour sa couleur sombre et riche. Le granit de la for\u00eat noire est une pierre naturelle dans le sud de l&#8217;Inde qui pr\u00e9sente un fond noir solide avec des motifs complexes de gris, de blanc et parfois m\u00eame de veines d&#8217;or &hellip; <a href=\"https:\/\/www.ratani.in\/fr\/black-forest-granite-manufacturer-and-exporter\/\" class=\"more-link\">Continue reading<span class=\"screen-reader-text\"> &#8220;Granit noir de la for\u00eat noire&#8221;<\/span><\/a><\/p>\n","protected":false},"author":1,"featured_media":247,"parent":0,"menu_order":0,"comment_status":"closed","ping_status":"closed","template":"page-templates\/product.php","meta":{"footnotes":""},"translation":{"provider":"WPGlobus","version":"2.12.2","language":"fr","enabled_languages":["en","es","fr","ru","ar","zh","pt"],"languages":{"en":{"title":true,"content":true,"excerpt":false},"es":{"title":true,"content":true,"excerpt":false},"fr":{"title":true,"content":true,"excerpt":false},"ru":{"title":true,"content":true,"excerpt":false},"ar":{"title":true,"content":true,"excerpt":false},"zh":{"title":true,"content":true,"excerpt":false},"pt":{"title":true,"content":true,"excerpt":false}}},"acf":[],"_links":{"self":[{"href":"https:\/\/www.ratani.in\/fr\/wp-json\/wp\/v2\/pages\/242"}],"collection":[{"href":"https:\/\/www.ratani.in\/fr\/wp-json\/wp\/v2\/pages"}],"about":[{"href":"https:\/\/www.ratani.in\/fr\/wp-json\/wp\/v2\/types\/page"}],"author":[{"embeddable":true,"href":"https:\/\/www.ratani.in\/fr\/wp-json\/wp\/v2\/users\/1"}],"replies":[{"embeddable":true,"href":"https:\/\/www.ratani.in\/fr\/wp-json\/wp\/v2\/comments?post=242"}],"version-history":[{"count":14,"href":"https:\/\/www.ratani.in\/fr\/wp-json\/wp\/v2\/pages\/242\/revisions"}],"predecessor-version":[{"id":2669,"href":"https:\/\/www.ratani.in\/fr\/wp-json\/wp\/v2\/pages\/242\/revisions\/2669"}],"wp:featuredmedia":[{"embeddable":true,"href":"https:\/\/www.ratani.in\/fr\/wp-json\/wp\/v2\/media\/247"}],"wp:attachment":[{"href":"https:\/\/www.ratani.in\/fr\/wp-json\/wp\/v2\/media?parent=242"}],"curies":[{"name":"wp","href":"https:\/\/api.w.org\/{rel}","templated":true}]}}