{"id":25,"date":"2023-08-07T08:35:07","date_gmt":"2023-08-07T08:35:07","guid":{"rendered":"https:\/\/www.ratani.in\/?page_id=25"},"modified":"2025-05-16T13:06:13","modified_gmt":"2025-05-16T13:06:13","slug":"granite-mine-company-in-india","status":"publish","type":"page","link":"https:\/\/www.ratani.in\/fr\/granite-mine-company-in-india\/","title":{"rendered":"\u00c0 propos de nous"},"content":{"rendered":"<p>Chez Ratani, nous sommes fiers d&#8217;\u00eatre l&#8217;un des principaux fournisseurs de granit en Inde pour une vari\u00e9t\u00e9 de produits, y compris ceux qui ajoutent \u00e9l\u00e9gance, durabilit\u00e9 et finition naturelle \u00e0 chaque espace. Notre voyage a commenc\u00e9 avec une id\u00e9e et une passion de servir le monde avec les pierres naturelles de l&#8217;Inde. Nous fonctionnons en tant qu&#8217;usine de traitement de granit en Inde et avons pour vision de cr\u00e9er un environnement remarquable en tant que symbole de beaut\u00e9 et de sophistication. Nous sommes devenus un nom de confiance dans l&#8217;industrie, avec un d\u00e9vouement \u00e0 offrir un savoir-faire et un service client de premi\u00e8re classe \u00e0 nos clients. Notre usine de granit en Inde garantit que nous offrons \u00e0 nos clients le meilleur choix de granit indien extrait de carri\u00e8res.<\/p>\n<p>Chez Ratani, nous reconnaissons que chaque projet et chaque besoin est diff\u00e9rent. Notre \u00e9quipe exp\u00e9riment\u00e9e de professionnels qualifi\u00e9s s\u00e9lectionne m\u00e9ticuleusement des blocs de granit dans les mines de granit en Inde qui correspondent aux visions et aux exigences des clients. Notre \u00e9quipe inspecte la dalle pour sa couleur, ses variations, ses diff\u00e9rents motifs et sa durabilit\u00e9, garantissant que le produit final respecte les normes les plus \u00e9lev\u00e9es de qualit\u00e9 et d&#8217;esth\u00e9tique.<\/p>\n","protected":false},"excerpt":{"rendered":"<p>Chez Ratani, nous sommes fiers d&#8217;\u00eatre l&#8217;un des principaux fournisseurs de granit en Inde pour une vari\u00e9t\u00e9 de produits, y compris ceux qui ajoutent \u00e9l\u00e9gance, durabilit\u00e9 et finition naturelle \u00e0 chaque espace. Notre voyage a commenc\u00e9 avec une id\u00e9e et une passion de servir le monde avec les pierres naturelles de l&#8217;Inde. Nous fonctionnons en &hellip; <a href=\"https:\/\/www.ratani.in\/fr\/granite-mine-company-in-india\/\" class=\"more-link\">Continue reading<span class=\"screen-reader-text\"> &#8220;\u00c0 propos de nous&#8221;<\/span><\/a><\/p>\n","protected":false},"author":1,"featured_media":138,"parent":0,"menu_order":0,"comment_status":"closed","ping_status":"closed","template":"page-templates\/about.php","meta":{"footnotes":""},"translation":{"provider":"WPGlobus","version":"2.12.2","language":"fr","enabled_languages":["en","es","fr","ru","ar","zh","pt"],"languages":{"en":{"title":true,"content":true,"excerpt":false},"es":{"title":true,"content":true,"excerpt":false},"fr":{"title":true,"content":true,"excerpt":false},"ru":{"title":true,"content":true,"excerpt":false},"ar":{"title":true,"content":true,"excerpt":false},"zh":{"title":true,"content":true,"excerpt":false},"pt":{"title":true,"content":true,"excerpt":false}}},"acf":[],"_links":{"self":[{"href":"https:\/\/www.ratani.in\/fr\/wp-json\/wp\/v2\/pages\/25"}],"collection":[{"href":"https:\/\/www.ratani.in\/fr\/wp-json\/wp\/v2\/pages"}],"about":[{"href":"https:\/\/www.ratani.in\/fr\/wp-json\/wp\/v2\/types\/page"}],"author":[{"embeddable":true,"href":"https:\/\/www.ratani.in\/fr\/wp-json\/wp\/v2\/users\/1"}],"replies":[{"embeddable":true,"href":"https:\/\/www.ratani.in\/fr\/wp-json\/wp\/v2\/comments?post=25"}],"version-history":[{"count":19,"href":"https:\/\/www.ratani.in\/fr\/wp-json\/wp\/v2\/pages\/25\/revisions"}],"predecessor-version":[{"id":3299,"href":"https:\/\/www.ratani.in\/fr\/wp-json\/wp\/v2\/pages\/25\/revisions\/3299"}],"wp:featuredmedia":[{"embeddable":true,"href":"https:\/\/www.ratani.in\/fr\/wp-json\/wp\/v2\/media\/138"}],"wp:attachment":[{"href":"https:\/\/www.ratani.in\/fr\/wp-json\/wp\/v2\/media?parent=25"}],"curies":[{"name":"wp","href":"https:\/\/api.w.org\/{rel}","templated":true}]}}