{"id":252,"date":"2023-08-16T12:27:55","date_gmt":"2023-08-16T12:27:55","guid":{"rendered":"https:\/\/www.ratani.in\/?page_id=252"},"modified":"2025-05-16T13:12:43","modified_gmt":"2025-05-16T13:12:43","slug":"black-galaxy-granite-manufacturer-and-exporter","status":"publish","type":"page","link":"https:\/\/www.ratani.in\/fr\/black-galaxy-granite-manufacturer-and-exporter\/","title":{"rendered":"Granit Galaxy Noir"},"content":{"rendered":"<p>Le granit Galaxy Noir en Inde est une superbe pierre naturelle connue pour son apparence sombre et captivante. Il est principalement extrait de carri\u00e8res dans l&#8217;Andhra Pradesh en Inde. Ce granit pr\u00e9sente un fond noir profond, orn\u00e9 de petites particules r\u00e9fl\u00e9chissantes de couleur cuivr\u00e9e or ou argent, rappelant un ciel \u00e9toil\u00e9. Ces particules scintillantes, souvent appel\u00e9es formations &#8220;galaxies&#8221; ou &#8220;constellations&#8221;, cr\u00e9ent un effet hypnotique et conf\u00e8rent \u00e0 la pierre son caract\u00e8re unique et \u00e9l\u00e9gant.<\/p>\n<p>Les carreaux de granit Galaxy Noir sont couramment utilis\u00e9s dans diverses applications telles que les plans de travail, les rev\u00eatements de sol, les cr\u00e9dences et les rev\u00eatements muraux, ajoutant une touche de luxe et de sophistication \u00e0 tout espace. Les dalles de granit Galaxy Noir, sa durabilit\u00e9, sa r\u00e9sistance \u00e0 la chaleur et aux rayures, ainsi que son attrait visuel distinctif, en font un choix populaire parmi les propri\u00e9taires et les designers.<\/p>\n","protected":false},"excerpt":{"rendered":"<p>Le granit Galaxy Noir en Inde est une superbe pierre naturelle connue pour son apparence sombre et captivante. Il est principalement extrait de carri\u00e8res dans l&#8217;Andhra Pradesh en Inde. Ce granit pr\u00e9sente un fond noir profond, orn\u00e9 de petites particules r\u00e9fl\u00e9chissantes de couleur cuivr\u00e9e or ou argent, rappelant un ciel \u00e9toil\u00e9. Ces particules scintillantes, souvent &hellip; <a href=\"https:\/\/www.ratani.in\/fr\/black-galaxy-granite-manufacturer-and-exporter\/\" class=\"more-link\">Continue reading<span class=\"screen-reader-text\"> &#8220;Granit Galaxy Noir&#8221;<\/span><\/a><\/p>\n","protected":false},"author":1,"featured_media":260,"parent":0,"menu_order":0,"comment_status":"closed","ping_status":"closed","template":"page-templates\/product.php","meta":{"footnotes":""},"translation":{"provider":"WPGlobus","version":"2.12.2","language":"fr","enabled_languages":["en","es","fr","ru","ar","zh","pt"],"languages":{"en":{"title":true,"content":true,"excerpt":false},"es":{"title":true,"content":true,"excerpt":false},"fr":{"title":true,"content":true,"excerpt":false},"ru":{"title":true,"content":true,"excerpt":false},"ar":{"title":true,"content":true,"excerpt":false},"zh":{"title":true,"content":true,"excerpt":false},"pt":{"title":true,"content":true,"excerpt":false}}},"acf":[],"_links":{"self":[{"href":"https:\/\/www.ratani.in\/fr\/wp-json\/wp\/v2\/pages\/252"}],"collection":[{"href":"https:\/\/www.ratani.in\/fr\/wp-json\/wp\/v2\/pages"}],"about":[{"href":"https:\/\/www.ratani.in\/fr\/wp-json\/wp\/v2\/types\/page"}],"author":[{"embeddable":true,"href":"https:\/\/www.ratani.in\/fr\/wp-json\/wp\/v2\/users\/1"}],"replies":[{"embeddable":true,"href":"https:\/\/www.ratani.in\/fr\/wp-json\/wp\/v2\/comments?post=252"}],"version-history":[{"count":15,"href":"https:\/\/www.ratani.in\/fr\/wp-json\/wp\/v2\/pages\/252\/revisions"}],"predecessor-version":[{"id":2687,"href":"https:\/\/www.ratani.in\/fr\/wp-json\/wp\/v2\/pages\/252\/revisions\/2687"}],"wp:featuredmedia":[{"embeddable":true,"href":"https:\/\/www.ratani.in\/fr\/wp-json\/wp\/v2\/media\/260"}],"wp:attachment":[{"href":"https:\/\/www.ratani.in\/fr\/wp-json\/wp\/v2\/media?parent=252"}],"curies":[{"name":"wp","href":"https:\/\/api.w.org\/{rel}","templated":true}]}}