{"id":262,"date":"2023-08-16T12:31:05","date_gmt":"2023-08-16T12:31:05","guid":{"rendered":"https:\/\/www.ratani.in\/?page_id=262"},"modified":"2023-09-05T12:11:29","modified_gmt":"2023-09-05T12:11:29","slug":"river-black-granite-manufacturer-and-exporter","status":"publish","type":"page","link":"https:\/\/www.ratani.in\/fr\/river-black-granite-manufacturer-and-exporter\/","title":{"rendered":"Granit noir de la rivi\u00e8re"},"content":{"rendered":"<p>Le granit noir de la rivi\u00e8re en Inde est une pierre naturelle captivante qui pr\u00e9sente une esth\u00e9tique riche et sophistiqu\u00e9e. Il a son usine de traitement de granit dans le sud de l&#8217;Inde. Il est caract\u00e9ris\u00e9 par une couleur de base noire profonde avec des veines et des motifs de tourbillonnement occasionnels dans des nuances de gris, d&#8217;argent ou de blanc. Les veines fluides \u00e0 l&#8217;int\u00e9rieur de la pierre ressemblent au cours sinueux d&#8217;une rivi\u00e8re, lui conf\u00e9rant un sentiment de mouvement et de profondeur. Les tons sombres et contrastants de ce granit cr\u00e9ent un look audacieux et dramatique, en en faisant un choix id\u00e9al pour ajouter une touche de luxe \u00e0 diff\u00e9rentes applications int\u00e9rieures et ext\u00e9rieures.<\/p>\n<p>Le granit noir de la rivi\u00e8re en Inde est souvent utilis\u00e9 pour les plans de travail, les rev\u00eatements de sol, les rev\u00eatements muraux et les pi\u00e8ces d&#8217;accent, ce qui permet d&#8217;augmenter l&#8217;attrait visuel de n&#8217;importe quel espace. Sa durabilit\u00e9 inh\u00e9rente et sa beaut\u00e9 intemporelle en font une option populaire pour ceux qui recherchent une pierre naturelle raffin\u00e9e et frappante.<\/p>\n","protected":false},"excerpt":{"rendered":"<p>Le granit noir de la rivi\u00e8re en Inde est une pierre naturelle captivante qui pr\u00e9sente une esth\u00e9tique riche et sophistiqu\u00e9e. Il a son usine de traitement de granit dans le sud de l&#8217;Inde. Il est caract\u00e9ris\u00e9 par une couleur de base noire profonde avec des veines et des motifs de tourbillonnement occasionnels dans des nuances &hellip; <a href=\"https:\/\/www.ratani.in\/fr\/river-black-granite-manufacturer-and-exporter\/\" class=\"more-link\">Continue reading<span class=\"screen-reader-text\"> &#8220;Granit noir de la rivi\u00e8re&#8221;<\/span><\/a><\/p>\n","protected":false},"author":1,"featured_media":263,"parent":0,"menu_order":0,"comment_status":"closed","ping_status":"closed","template":"page-templates\/product.php","meta":{"footnotes":""},"translation":{"provider":"WPGlobus","version":"2.12.2","language":"fr","enabled_languages":["en","es","fr","ru","ar","zh","pt"],"languages":{"en":{"title":true,"content":true,"excerpt":false},"es":{"title":true,"content":true,"excerpt":false},"fr":{"title":true,"content":true,"excerpt":false},"ru":{"title":true,"content":true,"excerpt":false},"ar":{"title":true,"content":true,"excerpt":false},"zh":{"title":true,"content":true,"excerpt":false},"pt":{"title":true,"content":true,"excerpt":false}}},"acf":[],"_links":{"self":[{"href":"https:\/\/www.ratani.in\/fr\/wp-json\/wp\/v2\/pages\/262"}],"collection":[{"href":"https:\/\/www.ratani.in\/fr\/wp-json\/wp\/v2\/pages"}],"about":[{"href":"https:\/\/www.ratani.in\/fr\/wp-json\/wp\/v2\/types\/page"}],"author":[{"embeddable":true,"href":"https:\/\/www.ratani.in\/fr\/wp-json\/wp\/v2\/users\/1"}],"replies":[{"embeddable":true,"href":"https:\/\/www.ratani.in\/fr\/wp-json\/wp\/v2\/comments?post=262"}],"version-history":[{"count":13,"href":"https:\/\/www.ratani.in\/fr\/wp-json\/wp\/v2\/pages\/262\/revisions"}],"predecessor-version":[{"id":2380,"href":"https:\/\/www.ratani.in\/fr\/wp-json\/wp\/v2\/pages\/262\/revisions\/2380"}],"wp:featuredmedia":[{"embeddable":true,"href":"https:\/\/www.ratani.in\/fr\/wp-json\/wp\/v2\/media\/263"}],"wp:attachment":[{"href":"https:\/\/www.ratani.in\/fr\/wp-json\/wp\/v2\/media?parent=262"}],"curies":[{"name":"wp","href":"https:\/\/api.w.org\/{rel}","templated":true}]}}