{"id":282,"date":"2023-08-16T12:34:55","date_gmt":"2023-08-16T12:34:55","guid":{"rendered":"https:\/\/www.ratani.in\/?page_id=282"},"modified":"2023-09-05T12:14:56","modified_gmt":"2023-09-05T12:14:56","slug":"titanium-black-granite-manufacturer-and-exporter","status":"publish","type":"page","link":"https:\/\/www.ratani.in\/fr\/titanium-black-granite-manufacturer-and-exporter\/","title":{"rendered":"Granit noir Titane"},"content":{"rendered":"<p>Le granit noir Titane est une pierre naturelle saisissante et audacieuse, r\u00e9put\u00e9e pour sa couleur noire profonde et son apparence m\u00e9tallique. C&#8217;est un choix populaire parmi les fournisseurs de granit du sud de l&#8217;Inde pour ceux qui recherchent une esth\u00e9tique luxueuse et contemporaine dans leurs projets de design.<\/p>\n<p>Le granit noir Titane pr\u00e9sente un fond noir coh\u00e9rent et uniforme qui d\u00e9gage une ambiance \u00e9l\u00e9gante et sophistiqu\u00e9e. Sa surface pr\u00e9sente souvent un \u00e9clat m\u00e9tallique ou une qualit\u00e9 r\u00e9fl\u00e9chissante, ajoutant une touche de glamour et de modernit\u00e9 \u00e0 tout espace.<\/p>\n<p>Cette vari\u00e9t\u00e9 de granit est couramment utilis\u00e9e pour une vari\u00e9t\u00e9 d&#8217;applications, tant \u00e0 l&#8217;int\u00e9rieur qu&#8217;\u00e0 l&#8217;ext\u00e9rieur. Il est souvent utilis\u00e9 pour les plans de travail de cuisine, les vanit\u00e9s de salle de bains, les rev\u00eatements de sol, les parements muraux et les accents architecturaux. Sa durabilit\u00e9, sa r\u00e9sistance \u00e0 la chaleur et aux rayures, ainsi que ses exigences d&#8217;entretien r\u00e9duites, en font un choix pratique pour les zones \u00e0 fort trafic.<\/p>\n<p>La couleur noire profonde et l&#8217;apparence m\u00e9tallique du granit noir Titane en font une option visuellement saisissante qui peut ajouter une touche de modernit\u00e9 et de sophistication \u00e0 diverses conceptions d&#8217;int\u00e9rieur.<\/p>\n","protected":false},"excerpt":{"rendered":"<p>Le granit noir Titane est une pierre naturelle saisissante et audacieuse, r\u00e9put\u00e9e pour sa couleur noire profonde et son apparence m\u00e9tallique. C&#8217;est un choix populaire parmi les fournisseurs de granit du sud de l&#8217;Inde pour ceux qui recherchent une esth\u00e9tique luxueuse et contemporaine dans leurs projets de design. Le granit noir Titane pr\u00e9sente un fond &hellip; <a href=\"https:\/\/www.ratani.in\/fr\/titanium-black-granite-manufacturer-and-exporter\/\" class=\"more-link\">Continue reading<span class=\"screen-reader-text\"> &#8220;Granit noir Titane&#8221;<\/span><\/a><\/p>\n","protected":false},"author":1,"featured_media":290,"parent":0,"menu_order":0,"comment_status":"closed","ping_status":"closed","template":"page-templates\/product.php","meta":{"footnotes":""},"translation":{"provider":"WPGlobus","version":"2.12.2","language":"fr","enabled_languages":["en","es","fr","ru","ar","zh","pt"],"languages":{"en":{"title":true,"content":true,"excerpt":false},"es":{"title":true,"content":true,"excerpt":false},"fr":{"title":true,"content":true,"excerpt":false},"ru":{"title":true,"content":true,"excerpt":false},"ar":{"title":true,"content":true,"excerpt":false},"zh":{"title":true,"content":true,"excerpt":false},"pt":{"title":true,"content":true,"excerpt":false}}},"acf":[],"_links":{"self":[{"href":"https:\/\/www.ratani.in\/fr\/wp-json\/wp\/v2\/pages\/282"}],"collection":[{"href":"https:\/\/www.ratani.in\/fr\/wp-json\/wp\/v2\/pages"}],"about":[{"href":"https:\/\/www.ratani.in\/fr\/wp-json\/wp\/v2\/types\/page"}],"author":[{"embeddable":true,"href":"https:\/\/www.ratani.in\/fr\/wp-json\/wp\/v2\/users\/1"}],"replies":[{"embeddable":true,"href":"https:\/\/www.ratani.in\/fr\/wp-json\/wp\/v2\/comments?post=282"}],"version-history":[{"count":14,"href":"https:\/\/www.ratani.in\/fr\/wp-json\/wp\/v2\/pages\/282\/revisions"}],"predecessor-version":[{"id":2539,"href":"https:\/\/www.ratani.in\/fr\/wp-json\/wp\/v2\/pages\/282\/revisions\/2539"}],"wp:featuredmedia":[{"embeddable":true,"href":"https:\/\/www.ratani.in\/fr\/wp-json\/wp\/v2\/media\/290"}],"wp:attachment":[{"href":"https:\/\/www.ratani.in\/fr\/wp-json\/wp\/v2\/media?parent=282"}],"curies":[{"name":"wp","href":"https:\/\/api.w.org\/{rel}","templated":true}]}}