{"id":2866,"date":"2024-08-15T10:17:49","date_gmt":"2024-08-15T10:17:49","guid":{"rendered":"https:\/\/www.ratani.in\/?page_id=2866"},"modified":"2025-01-07T12:26:08","modified_gmt":"2025-01-07T12:26:08","slug":"granite-headstones","status":"publish","type":"page","link":"https:\/\/www.ratani.in\/fr\/granite-headstones\/","title":{"rendered":"Pierres tombales en granit"},"content":{"rendered":"<p>Chez Ratani, nous sommes sp\u00e9cialis\u00e9s dans la cr\u00e9ation des meilleures pierres tombales en granit qui rendent hommage aux \u00eatres chers d&#8217;une mani\u00e8re \u00e0 la fois durable et \u00e9ternelle. Ratani est le premier fabricant de pierres tombales en granit en Inde. Nous proposons diff\u00e9rentes formes et tailles de pierres tombales en granit fabriqu\u00e9es par des experts. Depuis des ann\u00e9es, nous travaillons \u00e0 la construction de magnifiques monuments comm\u00e9moratifs en granit en utilisant les bonnes pierres et en proposant des formes de pierres tombales uniques. Nos pierres tombales en granit sont un hommage \u00e0 l&#8217;\u00e9l\u00e9gance et au savoir-faire ainsi qu&#8217;un signe de souvenir.<\/p>\n<p>Le granit est appr\u00e9ci\u00e9 pour les pierres tombales en raison de sa durabilit\u00e9 exceptionnelle et de sa beaut\u00e9 attrayante. Il r\u00e9siste aux dommages et continue de briller pendant des si\u00e8cles. Le granit est disponible dans une large gamme de teintes et de textures, offrant des options de personnalisation infinies. Le granit se d\u00e9cline dans une vari\u00e9t\u00e9 de couleurs, allant des teintes brillantes aux noirs profonds et aux blancs paisibles, permettant de personnaliser les monuments pour capturer l&#8217;essence de la personne d\u00e9c\u00e9d\u00e9e. La meilleure partie est que Ratani peut vous fournir facilement toutes les formes et toutes les couleurs. L&#8217;\u00e9l\u00e9gance classique des pierres tombales que nous proposons garantit que le souvenir de votre proche sera toujours charmant et vibrant.<\/p>\n","protected":false},"excerpt":{"rendered":"<p>Chez Ratani, nous sommes sp\u00e9cialis\u00e9s dans la cr\u00e9ation des meilleures pierres tombales en granit qui rendent hommage aux \u00eatres chers d&#8217;une mani\u00e8re \u00e0 la fois durable et \u00e9ternelle. Ratani est le premier fabricant de pierres tombales en granit en Inde. Nous proposons diff\u00e9rentes formes et tailles de pierres tombales en granit fabriqu\u00e9es par des experts. &hellip; <a href=\"https:\/\/www.ratani.in\/fr\/granite-headstones\/\" class=\"more-link\">Continue reading<span class=\"screen-reader-text\"> &#8220;Pierres tombales en granit&#8221;<\/span><\/a><\/p>\n","protected":false},"author":2,"featured_media":0,"parent":0,"menu_order":0,"comment_status":"closed","ping_status":"closed","template":"page-templates\/graniteheadstone-page.php","meta":{"footnotes":""},"translation":{"provider":"WPGlobus","version":"2.12.2","language":"fr","enabled_languages":["en","es","fr","ru","ar","zh","pt"],"languages":{"en":{"title":true,"content":true,"excerpt":false},"es":{"title":false,"content":true,"excerpt":false},"fr":{"title":true,"content":true,"excerpt":false},"ru":{"title":false,"content":true,"excerpt":false},"ar":{"title":false,"content":true,"excerpt":false},"zh":{"title":false,"content":true,"excerpt":false},"pt":{"title":false,"content":true,"excerpt":false}}},"acf":[],"_links":{"self":[{"href":"https:\/\/www.ratani.in\/fr\/wp-json\/wp\/v2\/pages\/2866"}],"collection":[{"href":"https:\/\/www.ratani.in\/fr\/wp-json\/wp\/v2\/pages"}],"about":[{"href":"https:\/\/www.ratani.in\/fr\/wp-json\/wp\/v2\/types\/page"}],"author":[{"embeddable":true,"href":"https:\/\/www.ratani.in\/fr\/wp-json\/wp\/v2\/users\/2"}],"replies":[{"embeddable":true,"href":"https:\/\/www.ratani.in\/fr\/wp-json\/wp\/v2\/comments?post=2866"}],"version-history":[{"count":38,"href":"https:\/\/www.ratani.in\/fr\/wp-json\/wp\/v2\/pages\/2866\/revisions"}],"predecessor-version":[{"id":3164,"href":"https:\/\/www.ratani.in\/fr\/wp-json\/wp\/v2\/pages\/2866\/revisions\/3164"}],"wp:attachment":[{"href":"https:\/\/www.ratani.in\/fr\/wp-json\/wp\/v2\/media?parent=2866"}],"curies":[{"name":"wp","href":"https:\/\/api.w.org\/{rel}","templated":true}]}}