{"id":29,"date":"2023-08-07T10:37:31","date_gmt":"2023-08-07T10:37:31","guid":{"rendered":"https:\/\/www.ratani.in\/?page_id=29"},"modified":"2023-09-01T11:27:26","modified_gmt":"2023-09-01T11:27:26","slug":"career","status":"publish","type":"page","link":"https:\/\/www.ratani.in\/fr\/career\/","title":{"rendered":"Carri\u00e8re"},"content":{"rendered":"<p>Vous recherchez une carri\u00e8re enrichissante dans l&#8217;industrie de l&#8217;exportation de granit ? Rejoignez Ratani Global Private Limited, o\u00f9 nous ne vendons pas seulement des pierres, mais construisons des h\u00e9ritages. En tant qu&#8217;acteur cl\u00e9 sur le march\u00e9 mondial, nous vous offrons :<\/p>\n","protected":false},"excerpt":{"rendered":"<p>Vous recherchez une carri\u00e8re enrichissante dans l&#8217;industrie de l&#8217;exportation de granit ? Rejoignez Ratani Global Private Limited, o\u00f9 nous ne vendons pas seulement des pierres, mais construisons des h\u00e9ritages. En tant qu&#8217;acteur cl\u00e9 sur le march\u00e9 mondial, nous vous offrons :<\/p>\n","protected":false},"author":1,"featured_media":39,"parent":0,"menu_order":0,"comment_status":"closed","ping_status":"closed","template":"page-templates\/career.php","meta":{"footnotes":""},"translation":{"provider":"WPGlobus","version":"2.12.2","language":"fr","enabled_languages":["en","es","fr","ru","ar","zh","pt"],"languages":{"en":{"title":true,"content":true,"excerpt":false},"es":{"title":true,"content":true,"excerpt":false},"fr":{"title":true,"content":true,"excerpt":false},"ru":{"title":true,"content":true,"excerpt":false},"ar":{"title":true,"content":true,"excerpt":false},"zh":{"title":true,"content":true,"excerpt":false},"pt":{"title":true,"content":true,"excerpt":false}}},"acf":[],"_links":{"self":[{"href":"https:\/\/www.ratani.in\/fr\/wp-json\/wp\/v2\/pages\/29"}],"collection":[{"href":"https:\/\/www.ratani.in\/fr\/wp-json\/wp\/v2\/pages"}],"about":[{"href":"https:\/\/www.ratani.in\/fr\/wp-json\/wp\/v2\/types\/page"}],"author":[{"embeddable":true,"href":"https:\/\/www.ratani.in\/fr\/wp-json\/wp\/v2\/users\/1"}],"replies":[{"embeddable":true,"href":"https:\/\/www.ratani.in\/fr\/wp-json\/wp\/v2\/comments?post=29"}],"version-history":[{"count":11,"href":"https:\/\/www.ratani.in\/fr\/wp-json\/wp\/v2\/pages\/29\/revisions"}],"predecessor-version":[{"id":2566,"href":"https:\/\/www.ratani.in\/fr\/wp-json\/wp\/v2\/pages\/29\/revisions\/2566"}],"wp:featuredmedia":[{"embeddable":true,"href":"https:\/\/www.ratani.in\/fr\/wp-json\/wp\/v2\/media\/39"}],"wp:attachment":[{"href":"https:\/\/www.ratani.in\/fr\/wp-json\/wp\/v2\/media?parent=29"}],"curies":[{"name":"wp","href":"https:\/\/api.w.org\/{rel}","templated":true}]}}