{"id":292,"date":"2023-08-16T13:24:14","date_gmt":"2023-08-16T13:24:14","guid":{"rendered":"https:\/\/www.ratani.in\/?page_id=292"},"modified":"2023-09-01T12:59:38","modified_gmt":"2023-09-01T12:59:38","slug":"alaska-white-granite-manufacturer-and-exporter","status":"publish","type":"page","link":"https:\/\/www.ratani.in\/fr\/alaska-white-granite-manufacturer-and-exporter\/","title":{"rendered":"Granit blanc Alaska"},"content":{"rendered":"<p>Le granit blanc Alaska est renomm\u00e9 pour sa couleur de fond claire, qui pr\u00e9sente g\u00e9n\u00e9ralement des tons blancs cr\u00e9meux ou gris p\u00e2le. Caract\u00e9ris\u00e9 par des motifs complexes de couleurs contrast\u00e9es, comprenant des nuances de gris, de beige et de noir, le granit blanc Alaska en Inde ressemble \u00e0 de d\u00e9licates veines ou \u00e0 des vagues fluides, ajoutant de la profondeur et de l&#8217;intrigue visuelle \u00e0 la surface de la pierre.<\/p>\n<p>Avec une finition polie \u00e0 l&#8217;usine de traitement du granit dans le nord de l&#8217;Inde, le granit blanc Alaska arbore une belle brillance qui rehausse son apparence g\u00e9n\u00e9rale. Le mariage harmonieux de son fond clair et de ses accents plus sombres lui permet de s&#8217;int\u00e9grer parfaitement \u00e0 diff\u00e9rents styles de design, en en faisant un choix polyvalent pour les environnements contemporains et traditionnels.<\/p>\n<p>Couramment utilis\u00e9 pour les plans de travail, les cr\u00e9dences et les \u00e9l\u00e9ments d&#8217;accent dans les cuisines et les salles de bains, le granit blanc Alaska insuffle aux espaces une \u00e9l\u00e9gance et une sophistication. Sa durabilit\u00e9 et sa r\u00e9sistance \u00e0 la chaleur et aux rayures en font une option pratique et durable pour les surfaces soumises \u00e0 une utilisation quotidienne intensive.<\/p>\n","protected":false},"excerpt":{"rendered":"<p>Le granit blanc Alaska est renomm\u00e9 pour sa couleur de fond claire, qui pr\u00e9sente g\u00e9n\u00e9ralement des tons blancs cr\u00e9meux ou gris p\u00e2le. Caract\u00e9ris\u00e9 par des motifs complexes de couleurs contrast\u00e9es, comprenant des nuances de gris, de beige et de noir, le granit blanc Alaska en Inde ressemble \u00e0 de d\u00e9licates veines ou \u00e0 des vagues &hellip; <a href=\"https:\/\/www.ratani.in\/fr\/alaska-white-granite-manufacturer-and-exporter\/\" class=\"more-link\">Continue reading<span class=\"screen-reader-text\"> &#8220;Granit blanc Alaska&#8221;<\/span><\/a><\/p>\n","protected":false},"author":1,"featured_media":293,"parent":0,"menu_order":0,"comment_status":"closed","ping_status":"closed","template":"page-templates\/product.php","meta":{"footnotes":""},"translation":{"provider":"WPGlobus","version":"2.12.2","language":"fr","enabled_languages":["en","es","fr","ru","ar","zh","pt"],"languages":{"en":{"title":true,"content":true,"excerpt":false},"es":{"title":true,"content":true,"excerpt":false},"fr":{"title":true,"content":true,"excerpt":false},"ru":{"title":true,"content":true,"excerpt":false},"ar":{"title":true,"content":true,"excerpt":false},"zh":{"title":true,"content":true,"excerpt":false},"pt":{"title":true,"content":true,"excerpt":false}}},"acf":[],"_links":{"self":[{"href":"https:\/\/www.ratani.in\/fr\/wp-json\/wp\/v2\/pages\/292"}],"collection":[{"href":"https:\/\/www.ratani.in\/fr\/wp-json\/wp\/v2\/pages"}],"about":[{"href":"https:\/\/www.ratani.in\/fr\/wp-json\/wp\/v2\/types\/page"}],"author":[{"embeddable":true,"href":"https:\/\/www.ratani.in\/fr\/wp-json\/wp\/v2\/users\/1"}],"replies":[{"embeddable":true,"href":"https:\/\/www.ratani.in\/fr\/wp-json\/wp\/v2\/comments?post=292"}],"version-history":[{"count":11,"href":"https:\/\/www.ratani.in\/fr\/wp-json\/wp\/v2\/pages\/292\/revisions"}],"predecessor-version":[{"id":2556,"href":"https:\/\/www.ratani.in\/fr\/wp-json\/wp\/v2\/pages\/292\/revisions\/2556"}],"wp:featuredmedia":[{"embeddable":true,"href":"https:\/\/www.ratani.in\/fr\/wp-json\/wp\/v2\/media\/293"}],"wp:attachment":[{"href":"https:\/\/www.ratani.in\/fr\/wp-json\/wp\/v2\/media?parent=292"}],"curies":[{"name":"wp","href":"https:\/\/api.w.org\/{rel}","templated":true}]}}