{"id":3029,"date":"2024-10-13T12:03:31","date_gmt":"2024-10-13T12:03:31","guid":{"rendered":"https:\/\/www.ratani.in\/?page_id=3029"},"modified":"2025-05-16T13:09:08","modified_gmt":"2025-05-16T13:09:08","slug":"granite-gravestones","status":"publish","type":"page","link":"https:\/\/www.ratani.in\/fr\/granite-gravestones\/","title":{"rendered":"Pierres tombales en granit"},"content":{"rendered":"<p>Chez Ratani, nous reconnaissons qu&#8217;une pierre tombale est un rappel tr\u00e8s personnel de la vie et de l&#8217;h\u00e9ritage d&#8217;un \u00eatre cher, plus qu&#8217;un simple lieu \u00e0 marquer. \u00c9tant l&#8217;un des principaux producteurs de pierres tombales en granit en Inde, nous prenons un immense plaisir \u00e0 cr\u00e9er des monuments qui servent de symboles durables de respect et de m\u00e9moire. Nos pierres tombales sont fabriqu\u00e9es avec gr\u00e2ce, \u00e9l\u00e9gance et respect afin que la m\u00e9moire de votre proche perdure et reste dans les m\u00e9moires pour toujours.<\/p>\n<p>Le granit est le choix privil\u00e9gi\u00e9 pour les pierres tombales en raison de sa remarquable durabilit\u00e9 et de son attrait intemporel. Il r\u00e9siste \u00e0 l\u2019\u00e9preuve du temps et reste r\u00e9sistant aux intemp\u00e9ries, \u00e0 l\u2019\u00e9rosion et \u00e0 la d\u00e9coloration. Cela garantit que la pierre tombale de votre proche reste aussi belle et solide qu\u2019au jour o\u00f9 elle a \u00e9t\u00e9 plac\u00e9e. Chez Ratani, nous proposons une large gamme d&#8217;options de granit, vous permettant de choisir la pierre qui refl\u00e8te le mieux la personnalit\u00e9 et l&#8217;esprit du d\u00e9funt. Que vous pr\u00e9f\u00e9riez les tons profonds et profonds du noir, les nuances sereines du bleu Vizag ou l&#8217;\u00e9l\u00e9gance subtile du blanc Viscon, notre collection de granit offre la toile parfaite pour un m\u00e9morial significatif.<\/p>\n","protected":false},"excerpt":{"rendered":"<p>Chez Ratani, nous reconnaissons qu&#8217;une pierre tombale est un rappel tr\u00e8s personnel de la vie et de l&#8217;h\u00e9ritage d&#8217;un \u00eatre cher, plus qu&#8217;un simple lieu \u00e0 marquer. \u00c9tant l&#8217;un des principaux producteurs de pierres tombales en granit en Inde, nous prenons un immense plaisir \u00e0 cr\u00e9er des monuments qui servent de symboles durables de respect &hellip; <a href=\"https:\/\/www.ratani.in\/fr\/granite-gravestones\/\" class=\"more-link\">Continue reading<span class=\"screen-reader-text\"> &#8220;Pierres tombales en granit&#8221;<\/span><\/a><\/p>\n","protected":false},"author":2,"featured_media":0,"parent":0,"menu_order":0,"comment_status":"closed","ping_status":"closed","template":"page-templates\/graniteheadstone-page.php","meta":{"footnotes":""},"translation":{"provider":"WPGlobus","version":"2.12.2","language":"fr","enabled_languages":["en","es","fr","ru","ar","zh","pt"],"languages":{"en":{"title":true,"content":true,"excerpt":false},"es":{"title":true,"content":true,"excerpt":false},"fr":{"title":true,"content":true,"excerpt":false},"ru":{"title":true,"content":true,"excerpt":false},"ar":{"title":true,"content":true,"excerpt":false},"zh":{"title":true,"content":true,"excerpt":false},"pt":{"title":true,"content":true,"excerpt":false}}},"acf":[],"_links":{"self":[{"href":"https:\/\/www.ratani.in\/fr\/wp-json\/wp\/v2\/pages\/3029"}],"collection":[{"href":"https:\/\/www.ratani.in\/fr\/wp-json\/wp\/v2\/pages"}],"about":[{"href":"https:\/\/www.ratani.in\/fr\/wp-json\/wp\/v2\/types\/page"}],"author":[{"embeddable":true,"href":"https:\/\/www.ratani.in\/fr\/wp-json\/wp\/v2\/users\/2"}],"replies":[{"embeddable":true,"href":"https:\/\/www.ratani.in\/fr\/wp-json\/wp\/v2\/comments?post=3029"}],"version-history":[{"count":6,"href":"https:\/\/www.ratani.in\/fr\/wp-json\/wp\/v2\/pages\/3029\/revisions"}],"predecessor-version":[{"id":3173,"href":"https:\/\/www.ratani.in\/fr\/wp-json\/wp\/v2\/pages\/3029\/revisions\/3173"}],"wp:attachment":[{"href":"https:\/\/www.ratani.in\/fr\/wp-json\/wp\/v2\/media?parent=3029"}],"curies":[{"name":"wp","href":"https:\/\/api.w.org\/{rel}","templated":true}]}}