{"id":3032,"date":"2024-10-13T12:29:58","date_gmt":"2024-10-13T12:29:58","guid":{"rendered":"https:\/\/www.ratani.in\/?page_id=3032"},"modified":"2025-05-16T13:09:48","modified_gmt":"2025-05-16T13:09:48","slug":"granite-tombstones","status":"publish","type":"page","link":"https:\/\/www.ratani.in\/fr\/granite-tombstones\/","title":{"rendered":"Pierres tombales en granit"},"content":{"rendered":"<p>Chez Ratani, nous savons tr\u00e8s bien qu&#8217;une pierre tombale est un m\u00e9morial \u00e0 la vie et \u00e0 l&#8217;h\u00e9ritage de nos proches, bien plus qu&#8217;un simple lieu o\u00f9 \u00eatre enterr\u00e9. Nous nous sp\u00e9cialisons dans la cr\u00e9ation de pierres tombales en granit personnalis\u00e9es qui durent toute une vie en tant que signes durables d&#8217;amour, de respect et de d\u00e9votion. Nous sommes l\u2019un des principaux fabricants de pierres tombales en granit en Inde. La m\u00e9moire de vos proches sera pr\u00e9serv\u00e9e pour les g\u00e9n\u00e9rations futures \u00e0 travers chaque pierre tombale que nous concevons, qui allie un savoir-faire exquis \u00e0 une durabilit\u00e9 durable.<\/p>\n<p>Le granit est r\u00e9put\u00e9 pour sa durabilit\u00e9 exceptionnelle et sa beaut\u00e9 intemporelle, ce qui en fait le mat\u00e9riau id\u00e9al pour les pierres tombales. Avec Granite, l&#8217;honneur de votre proche dure toute une vie car il r\u00e9siste \u00e0 la d\u00e9coloration, aux intemp\u00e9ries et \u00e0 l&#8217;\u00e9rosion. Vous pouvez choisir une pierre tombale vraiment unique chez Ratani car nous proposons une large gamme de teintes et de finitions de granit. Nos alternatives de granit s&#8217;adaptent \u00e0 tous les styles et \u00e0 toutes les humeurs, des tons chauds et invitants comme Imperial Gold et le spectaculaire Black Galaxy aux noirs profonds et solennels comme Absolute Black.<\/p>\n","protected":false},"excerpt":{"rendered":"<p>Chez Ratani, nous savons tr\u00e8s bien qu&#8217;une pierre tombale est un m\u00e9morial \u00e0 la vie et \u00e0 l&#8217;h\u00e9ritage de nos proches, bien plus qu&#8217;un simple lieu o\u00f9 \u00eatre enterr\u00e9. Nous nous sp\u00e9cialisons dans la cr\u00e9ation de pierres tombales en granit personnalis\u00e9es qui durent toute une vie en tant que signes durables d&#8217;amour, de respect et &hellip; <a href=\"https:\/\/www.ratani.in\/fr\/granite-tombstones\/\" class=\"more-link\">Continue reading<span class=\"screen-reader-text\"> &#8220;Pierres tombales en granit&#8221;<\/span><\/a><\/p>\n","protected":false},"author":2,"featured_media":0,"parent":0,"menu_order":0,"comment_status":"closed","ping_status":"closed","template":"page-templates\/graniteheadstone-page.php","meta":{"footnotes":""},"translation":{"provider":"WPGlobus","version":"2.12.2","language":"fr","enabled_languages":["en","es","fr","ru","ar","zh","pt"],"languages":{"en":{"title":true,"content":true,"excerpt":false},"es":{"title":true,"content":true,"excerpt":false},"fr":{"title":true,"content":true,"excerpt":false},"ru":{"title":true,"content":true,"excerpt":false},"ar":{"title":true,"content":true,"excerpt":false},"zh":{"title":true,"content":true,"excerpt":false},"pt":{"title":true,"content":true,"excerpt":false}}},"acf":[],"_links":{"self":[{"href":"https:\/\/www.ratani.in\/fr\/wp-json\/wp\/v2\/pages\/3032"}],"collection":[{"href":"https:\/\/www.ratani.in\/fr\/wp-json\/wp\/v2\/pages"}],"about":[{"href":"https:\/\/www.ratani.in\/fr\/wp-json\/wp\/v2\/types\/page"}],"author":[{"embeddable":true,"href":"https:\/\/www.ratani.in\/fr\/wp-json\/wp\/v2\/users\/2"}],"replies":[{"embeddable":true,"href":"https:\/\/www.ratani.in\/fr\/wp-json\/wp\/v2\/comments?post=3032"}],"version-history":[{"count":9,"href":"https:\/\/www.ratani.in\/fr\/wp-json\/wp\/v2\/pages\/3032\/revisions"}],"predecessor-version":[{"id":3177,"href":"https:\/\/www.ratani.in\/fr\/wp-json\/wp\/v2\/pages\/3032\/revisions\/3177"}],"wp:attachment":[{"href":"https:\/\/www.ratani.in\/fr\/wp-json\/wp\/v2\/media?parent=3032"}],"curies":[{"name":"wp","href":"https:\/\/api.w.org\/{rel}","templated":true}]}}