{"id":3037,"date":"2024-10-13T13:12:18","date_gmt":"2024-10-13T13:12:18","guid":{"rendered":"https:\/\/www.ratani.in\/?page_id=3037"},"modified":"2025-05-16T13:15:57","modified_gmt":"2025-05-16T13:15:57","slug":"pet-memorial","status":"publish","type":"page","link":"https:\/\/www.ratani.in\/fr\/pet-memorial\/","title":{"rendered":"M\u00e9morial pour animaux de compagnie"},"content":{"rendered":"<p>Chez Ratani, nous comprenons le lien profond entre les animaux de compagnie et leurs propri\u00e9taires. Nos pierres comm\u00e9moratives pour animaux de compagnie sont fabriqu\u00e9es avec soin et respect, offrant une fa\u00e7on sinc\u00e8re d&#8217;honorer et de se souvenir de vos animaux de compagnie bien-aim\u00e9s. En tant que fabricant leader de pierres comm\u00e9moratives pour animaux de compagnie en Inde, nous nous sp\u00e9cialisons dans la cr\u00e9ation d&#8217;hommages magnifiques et durables qui c\u00e9l\u00e8brent l&#8217;esprit unique de chaque compagnon ch\u00e9ri. Chaque pierre comm\u00e9morative pour animal de compagnie t\u00e9moigne de l&#8217;amour et de la joie que votre animal de compagnie a apport\u00e9 dans votre vie, capturant son souvenir d&#8217;une mani\u00e8re intemporelle et \u00e9l\u00e9gante.<\/p>\n<p>Le granit est un mat\u00e9riau id\u00e9al pour les monuments comm\u00e9moratifs Garden Pet en raison de sa durabilit\u00e9 et de son attrait intemporel. Il r\u00e9siste aux \u00e9l\u00e9ments et conserve sa beaut\u00e9 au fil des ann\u00e9es, garantissant ainsi que la m\u00e9moire de votre animal reste vive et pr\u00e9cieuse. Nos m\u00e9moriaux pour animaux de compagnie, disponibles dans une gamme de teintes et de textures, peuvent \u00eatre personnalis\u00e9s pour repr\u00e9senter avec pr\u00e9cision l&#8217;essence de votre animal et la place sp\u00e9ciale qu&#8217;il occupe dans votre vie.<\/p>\n","protected":false},"excerpt":{"rendered":"<p>Chez Ratani, nous comprenons le lien profond entre les animaux de compagnie et leurs propri\u00e9taires. Nos pierres comm\u00e9moratives pour animaux de compagnie sont fabriqu\u00e9es avec soin et respect, offrant une fa\u00e7on sinc\u00e8re d&#8217;honorer et de se souvenir de vos animaux de compagnie bien-aim\u00e9s. En tant que fabricant leader de pierres comm\u00e9moratives pour animaux de compagnie &hellip; <a href=\"https:\/\/www.ratani.in\/fr\/pet-memorial\/\" class=\"more-link\">Continue reading<span class=\"screen-reader-text\"> &#8220;M\u00e9morial pour animaux de compagnie&#8221;<\/span><\/a><\/p>\n","protected":false},"author":2,"featured_media":0,"parent":0,"menu_order":0,"comment_status":"closed","ping_status":"closed","template":"page-templates\/graniteheadstone-page.php","meta":{"footnotes":""},"translation":{"provider":"WPGlobus","version":"2.12.2","language":"fr","enabled_languages":["en","es","fr","ru","ar","zh","pt"],"languages":{"en":{"title":true,"content":true,"excerpt":false},"es":{"title":true,"content":true,"excerpt":false},"fr":{"title":true,"content":true,"excerpt":false},"ru":{"title":true,"content":true,"excerpt":false},"ar":{"title":true,"content":true,"excerpt":false},"zh":{"title":true,"content":true,"excerpt":false},"pt":{"title":true,"content":true,"excerpt":false}}},"acf":[],"_links":{"self":[{"href":"https:\/\/www.ratani.in\/fr\/wp-json\/wp\/v2\/pages\/3037"}],"collection":[{"href":"https:\/\/www.ratani.in\/fr\/wp-json\/wp\/v2\/pages"}],"about":[{"href":"https:\/\/www.ratani.in\/fr\/wp-json\/wp\/v2\/types\/page"}],"author":[{"embeddable":true,"href":"https:\/\/www.ratani.in\/fr\/wp-json\/wp\/v2\/users\/2"}],"replies":[{"embeddable":true,"href":"https:\/\/www.ratani.in\/fr\/wp-json\/wp\/v2\/comments?post=3037"}],"version-history":[{"count":5,"href":"https:\/\/www.ratani.in\/fr\/wp-json\/wp\/v2\/pages\/3037\/revisions"}],"predecessor-version":[{"id":3175,"href":"https:\/\/www.ratani.in\/fr\/wp-json\/wp\/v2\/pages\/3037\/revisions\/3175"}],"wp:attachment":[{"href":"https:\/\/www.ratani.in\/fr\/wp-json\/wp\/v2\/media?parent=3037"}],"curies":[{"name":"wp","href":"https:\/\/api.w.org\/{rel}","templated":true}]}}