{"id":312,"date":"2023-08-16T13:32:24","date_gmt":"2023-08-16T13:32:24","guid":{"rendered":"https:\/\/www.ratani.in\/?page_id=312"},"modified":"2023-09-01T12:41:37","modified_gmt":"2023-09-01T12:41:37","slug":"chima-white-granite-manufacturer-and-exporter","status":"publish","type":"page","link":"https:\/\/www.ratani.in\/fr\/chima-white-granite-manufacturer-and-exporter\/","title":{"rendered":"Granit Chima Blanc"},"content":{"rendered":"<p>Le granit Chima Blanc indien pr\u00e9sente principalement un fond blanc avec des motifs complexes dans des nuances de gris et de noir. L&#8217;effet global est un look classique et \u00e9l\u00e9gant qui peut am\u00e9liorer l&#8217;esth\u00e9tique de tout espace, car c&#8217;est l&#8217;une des belles pierres naturelles au Rajasthan.<\/p>\n<p>Le granit Chima Blanc en Inde est tr\u00e8s recherch\u00e9 pour les plans de travail, les rev\u00eatements de sol, les cr\u00e9dences et d&#8217;autres projets de design int\u00e9rieur. Sa couleur de base blanche lui permet de s&#8217;int\u00e9grer harmonieusement \u00e0 un large \u00e9ventail de palettes de couleurs et de styles de design. Les veines et les motifs ajoutent de l&#8217;int\u00e9r\u00eat visuel et de la profondeur \u00e0 la pierre, cr\u00e9ant un impact visuel captivant.<\/p>\n<p>Outre son attrait esth\u00e9tique, le granit Chima Blanc est \u00e9galement appr\u00e9ci\u00e9 pour sa durabilit\u00e9 et sa r\u00e9sistance. C&#8217;est un mat\u00e9riau r\u00e9silient qui peut supporter l&#8217;usure quotidienne, le rendant adapt\u00e9 aux applications r\u00e9sidentielles et commerciales. De plus, il est r\u00e9sistant \u00e0 la chaleur et aux rayures, en faisant un choix pratique pour les plans de travail de cuisine.<\/p>\n","protected":false},"excerpt":{"rendered":"<p>Le granit Chima Blanc indien pr\u00e9sente principalement un fond blanc avec des motifs complexes dans des nuances de gris et de noir. L&#8217;effet global est un look classique et \u00e9l\u00e9gant qui peut am\u00e9liorer l&#8217;esth\u00e9tique de tout espace, car c&#8217;est l&#8217;une des belles pierres naturelles au Rajasthan. Le granit Chima Blanc en Inde est tr\u00e8s recherch\u00e9 &hellip; <a href=\"https:\/\/www.ratani.in\/fr\/chima-white-granite-manufacturer-and-exporter\/\" class=\"more-link\">Continue reading<span class=\"screen-reader-text\"> &#8220;Granit Chima Blanc&#8221;<\/span><\/a><\/p>\n","protected":false},"author":1,"featured_media":320,"parent":0,"menu_order":0,"comment_status":"closed","ping_status":"closed","template":"page-templates\/product.php","meta":{"footnotes":""},"translation":{"provider":"WPGlobus","version":"2.12.2","language":"fr","enabled_languages":["en","es","fr","ru","ar","zh","pt"],"languages":{"en":{"title":true,"content":true,"excerpt":false},"es":{"title":true,"content":true,"excerpt":false},"fr":{"title":true,"content":true,"excerpt":false},"ru":{"title":true,"content":true,"excerpt":false},"ar":{"title":true,"content":true,"excerpt":false},"zh":{"title":true,"content":true,"excerpt":false},"pt":{"title":true,"content":true,"excerpt":false}}},"acf":[],"_links":{"self":[{"href":"https:\/\/www.ratani.in\/fr\/wp-json\/wp\/v2\/pages\/312"}],"collection":[{"href":"https:\/\/www.ratani.in\/fr\/wp-json\/wp\/v2\/pages"}],"about":[{"href":"https:\/\/www.ratani.in\/fr\/wp-json\/wp\/v2\/types\/page"}],"author":[{"embeddable":true,"href":"https:\/\/www.ratani.in\/fr\/wp-json\/wp\/v2\/users\/1"}],"replies":[{"embeddable":true,"href":"https:\/\/www.ratani.in\/fr\/wp-json\/wp\/v2\/comments?post=312"}],"version-history":[{"count":11,"href":"https:\/\/www.ratani.in\/fr\/wp-json\/wp\/v2\/pages\/312\/revisions"}],"predecessor-version":[{"id":2550,"href":"https:\/\/www.ratani.in\/fr\/wp-json\/wp\/v2\/pages\/312\/revisions\/2550"}],"wp:featuredmedia":[{"embeddable":true,"href":"https:\/\/www.ratani.in\/fr\/wp-json\/wp\/v2\/media\/320"}],"wp:attachment":[{"href":"https:\/\/www.ratani.in\/fr\/wp-json\/wp\/v2\/media?parent=312"}],"curies":[{"name":"wp","href":"https:\/\/api.w.org\/{rel}","templated":true}]}}