{"id":332,"date":"2023-08-16T13:36:33","date_gmt":"2023-08-16T13:36:33","guid":{"rendered":"https:\/\/www.ratani.in\/?page_id=332"},"modified":"2023-09-01T13:02:31","modified_gmt":"2023-09-01T13:02:31","slug":"monte-cristo-granite-manufacturer-and-exporter","status":"publish","type":"page","link":"https:\/\/www.ratani.in\/fr\/monte-cristo-granite-manufacturer-and-exporter\/","title":{"rendered":"Granit Monte Cristo"},"content":{"rendered":"<p>Le granit Monte Cristo pr\u00e9sente g\u00e9n\u00e9ralement un motif fluide sur un fond blanc nacr\u00e9 avec des veines dans des tons de bleu clair, de jaune et de gris, ce qui lui conf\u00e8re une apparence d\u00e9licate. Ce granit est trait\u00e9 \u00e0 l&#8217;usine de granit dans le nord de l&#8217;Inde. Les motifs peuvent varier, allant de tourbillons audacieux \u00e0 des taches complexes, cr\u00e9ant un effet visuellement captivant.<\/p>\n<p>La texture du granit Monte Cristo est g\u00e9n\u00e9ralement de moyenne \u00e0 grosse granulom\u00e9trie, offrant une sensation naturelle et tactile. C&#8217;est un mat\u00e9riau durable, ce qui en fait un choix adapt\u00e9 \u00e0 diverses applications, notamment les plans de travail, les rev\u00eatements de sol, les rev\u00eatements muraux et les accents d\u00e9coratifs.<\/p>\n<p>La palette de couleurs unique et les motifs du granit Monte Cristo en font une option polyvalente qui peut compl\u00e9ter \u00e0 la fois les styles de design modernes et traditionnels. Il ajoute une touche de sophistication et d&#8217;\u00e9l\u00e9gance \u00e0 tout espace.<\/p>\n","protected":false},"excerpt":{"rendered":"<p>Le granit Monte Cristo pr\u00e9sente g\u00e9n\u00e9ralement un motif fluide sur un fond blanc nacr\u00e9 avec des veines dans des tons de bleu clair, de jaune et de gris, ce qui lui conf\u00e8re une apparence d\u00e9licate. Ce granit est trait\u00e9 \u00e0 l&#8217;usine de granit dans le nord de l&#8217;Inde. Les motifs peuvent varier, allant de tourbillons &hellip; <a href=\"https:\/\/www.ratani.in\/fr\/monte-cristo-granite-manufacturer-and-exporter\/\" class=\"more-link\">Continue reading<span class=\"screen-reader-text\"> &#8220;Granit Monte Cristo&#8221;<\/span><\/a><\/p>\n","protected":false},"author":1,"featured_media":1058,"parent":0,"menu_order":0,"comment_status":"closed","ping_status":"closed","template":"page-templates\/product.php","meta":{"footnotes":""},"translation":{"provider":"WPGlobus","version":"2.12.2","language":"fr","enabled_languages":["en","es","fr","ru","ar","zh","pt"],"languages":{"en":{"title":true,"content":true,"excerpt":false},"es":{"title":true,"content":true,"excerpt":false},"fr":{"title":true,"content":true,"excerpt":false},"ru":{"title":true,"content":true,"excerpt":false},"ar":{"title":true,"content":true,"excerpt":false},"zh":{"title":true,"content":true,"excerpt":false},"pt":{"title":true,"content":true,"excerpt":false}}},"acf":[],"_links":{"self":[{"href":"https:\/\/www.ratani.in\/fr\/wp-json\/wp\/v2\/pages\/332"}],"collection":[{"href":"https:\/\/www.ratani.in\/fr\/wp-json\/wp\/v2\/pages"}],"about":[{"href":"https:\/\/www.ratani.in\/fr\/wp-json\/wp\/v2\/types\/page"}],"author":[{"embeddable":true,"href":"https:\/\/www.ratani.in\/fr\/wp-json\/wp\/v2\/users\/1"}],"replies":[{"embeddable":true,"href":"https:\/\/www.ratani.in\/fr\/wp-json\/wp\/v2\/comments?post=332"}],"version-history":[{"count":12,"href":"https:\/\/www.ratani.in\/fr\/wp-json\/wp\/v2\/pages\/332\/revisions"}],"predecessor-version":[{"id":2396,"href":"https:\/\/www.ratani.in\/fr\/wp-json\/wp\/v2\/pages\/332\/revisions\/2396"}],"wp:featuredmedia":[{"embeddable":true,"href":"https:\/\/www.ratani.in\/fr\/wp-json\/wp\/v2\/media\/1058"}],"wp:attachment":[{"href":"https:\/\/www.ratani.in\/fr\/wp-json\/wp\/v2\/media?parent=332"}],"curies":[{"name":"wp","href":"https:\/\/api.w.org\/{rel}","templated":true}]}}