{"id":34,"date":"2023-08-07T13:04:55","date_gmt":"2023-08-07T13:04:55","guid":{"rendered":"https:\/\/www.ratani.in\/?page_id=34"},"modified":"2023-09-01T14:14:00","modified_gmt":"2023-09-01T14:14:00","slug":"contact-us","status":"publish","type":"page","link":"https:\/\/www.ratani.in\/fr\/contact-us\/","title":{"rendered":"Contactez-nous"},"content":{"rendered":"<p>Nous, Ratani Global Private Limited, sommes un fabricant, exportateur et fournisseur de premier plan en provenance d&#8217;Inde. N&#8217;h\u00e9sitez pas \u00e0 nous contacter pour devenir distributeur de notre entreprise, obtenir des images\/vid\u00e9os haute r\u00e9solution des couleurs de granit, la liste des prix ou toute autre question. Nous serons ravis de r\u00e9pondre \u00e0 toutes vos interrogations.<\/p>\n","protected":false},"excerpt":{"rendered":"<p>Nous, Ratani Global Private Limited, sommes un fabricant, exportateur et fournisseur de premier plan en provenance d&#8217;Inde. N&#8217;h\u00e9sitez pas \u00e0 nous contacter pour devenir distributeur de notre entreprise, obtenir des images\/vid\u00e9os haute r\u00e9solution des couleurs de granit, la liste des prix ou toute autre question. Nous serons ravis de r\u00e9pondre \u00e0 toutes vos interrogations.<\/p>\n","protected":false},"author":1,"featured_media":37,"parent":0,"menu_order":0,"comment_status":"closed","ping_status":"closed","template":"page-templates\/contact.php","meta":{"footnotes":""},"translation":{"provider":"WPGlobus","version":"2.12.2","language":"fr","enabled_languages":["en","es","fr","ru","ar","zh","pt"],"languages":{"en":{"title":true,"content":true,"excerpt":false},"es":{"title":true,"content":true,"excerpt":false},"fr":{"title":true,"content":true,"excerpt":false},"ru":{"title":true,"content":true,"excerpt":false},"ar":{"title":true,"content":true,"excerpt":false},"zh":{"title":true,"content":true,"excerpt":false},"pt":{"title":true,"content":true,"excerpt":false}}},"acf":[],"_links":{"self":[{"href":"https:\/\/www.ratani.in\/fr\/wp-json\/wp\/v2\/pages\/34"}],"collection":[{"href":"https:\/\/www.ratani.in\/fr\/wp-json\/wp\/v2\/pages"}],"about":[{"href":"https:\/\/www.ratani.in\/fr\/wp-json\/wp\/v2\/types\/page"}],"author":[{"embeddable":true,"href":"https:\/\/www.ratani.in\/fr\/wp-json\/wp\/v2\/users\/1"}],"replies":[{"embeddable":true,"href":"https:\/\/www.ratani.in\/fr\/wp-json\/wp\/v2\/comments?post=34"}],"version-history":[{"count":12,"href":"https:\/\/www.ratani.in\/fr\/wp-json\/wp\/v2\/pages\/34\/revisions"}],"predecessor-version":[{"id":2567,"href":"https:\/\/www.ratani.in\/fr\/wp-json\/wp\/v2\/pages\/34\/revisions\/2567"}],"wp:featuredmedia":[{"embeddable":true,"href":"https:\/\/www.ratani.in\/fr\/wp-json\/wp\/v2\/media\/37"}],"wp:attachment":[{"href":"https:\/\/www.ratani.in\/fr\/wp-json\/wp\/v2\/media?parent=34"}],"curies":[{"name":"wp","href":"https:\/\/api.w.org\/{rel}","templated":true}]}}