{"id":342,"date":"2023-08-16T13:43:00","date_gmt":"2023-08-16T13:43:00","guid":{"rendered":"https:\/\/www.ratani.in\/?page_id=342"},"modified":"2025-05-16T13:17:01","modified_gmt":"2025-05-16T13:17:01","slug":"platinum-white-granite-manufacturer-and-exporter","status":"publish","type":"page","link":"https:\/\/www.ratani.in\/fr\/platinum-white-granite-manufacturer-and-exporter\/","title":{"rendered":"Granit blanc platine"},"content":{"rendered":"<p>Le granit blanc platine, \u00e9galement connu sous le nom de P White en Inde, provient de carri\u00e8res de granit du nord de l&#8217;Inde. Ce granit est largement export\u00e9 par les exportateurs de granit du Rajasthan vers diff\u00e9rentes parties du monde depuis l&#8217;Inde. Le granit P White fait r\u00e9f\u00e9rence \u00e0 un type de granit principalement blanc en couleur. Il pr\u00e9sente g\u00e9n\u00e9ralement une base blanche ou ivoire clair avec des motifs, des veines ou des taches de diff\u00e9rentes nuances de blanc, de gris, voire de noir. L&#8217;apparence exacte peut varier en fonction de la carri\u00e8re sp\u00e9cifique et de la dalle.<\/p>\n<p>Le granit P White est connu pour son \u00e9l\u00e9gance, sa polyvalence et sa capacit\u00e9 \u00e0 compl\u00e9ter un large \u00e9ventail de styles de design int\u00e9rieur. Il est souvent utilis\u00e9 pour les plans de travail, les rev\u00eatements muraux, les rev\u00eatements de sol et d&#8217;autres applications d\u00e9coratives.<\/p>\n","protected":false},"excerpt":{"rendered":"<p>Le granit blanc platine, \u00e9galement connu sous le nom de P White en Inde, provient de carri\u00e8res de granit du nord de l&#8217;Inde. Ce granit est largement export\u00e9 par les exportateurs de granit du Rajasthan vers diff\u00e9rentes parties du monde depuis l&#8217;Inde. Le granit P White fait r\u00e9f\u00e9rence \u00e0 un type de granit principalement blanc &hellip; <a href=\"https:\/\/www.ratani.in\/fr\/platinum-white-granite-manufacturer-and-exporter\/\" class=\"more-link\">Continue reading<span class=\"screen-reader-text\"> &#8220;Granit blanc platine&#8221;<\/span><\/a><\/p>\n","protected":false},"author":1,"featured_media":351,"parent":0,"menu_order":0,"comment_status":"closed","ping_status":"closed","template":"page-templates\/product.php","meta":{"footnotes":""},"translation":{"provider":"WPGlobus","version":"2.12.2","language":"fr","enabled_languages":["en","es","fr","ru","ar","zh","pt"],"languages":{"en":{"title":true,"content":true,"excerpt":false},"es":{"title":true,"content":true,"excerpt":false},"fr":{"title":true,"content":true,"excerpt":false},"ru":{"title":true,"content":true,"excerpt":false},"ar":{"title":true,"content":true,"excerpt":false},"zh":{"title":true,"content":true,"excerpt":false},"pt":{"title":true,"content":true,"excerpt":false}}},"acf":[],"_links":{"self":[{"href":"https:\/\/www.ratani.in\/fr\/wp-json\/wp\/v2\/pages\/342"}],"collection":[{"href":"https:\/\/www.ratani.in\/fr\/wp-json\/wp\/v2\/pages"}],"about":[{"href":"https:\/\/www.ratani.in\/fr\/wp-json\/wp\/v2\/types\/page"}],"author":[{"embeddable":true,"href":"https:\/\/www.ratani.in\/fr\/wp-json\/wp\/v2\/users\/1"}],"replies":[{"embeddable":true,"href":"https:\/\/www.ratani.in\/fr\/wp-json\/wp\/v2\/comments?post=342"}],"version-history":[{"count":10,"href":"https:\/\/www.ratani.in\/fr\/wp-json\/wp\/v2\/pages\/342\/revisions"}],"predecessor-version":[{"id":3308,"href":"https:\/\/www.ratani.in\/fr\/wp-json\/wp\/v2\/pages\/342\/revisions\/3308"}],"wp:featuredmedia":[{"embeddable":true,"href":"https:\/\/www.ratani.in\/fr\/wp-json\/wp\/v2\/media\/351"}],"wp:attachment":[{"href":"https:\/\/www.ratani.in\/fr\/wp-json\/wp\/v2\/media?parent=342"}],"curies":[{"name":"wp","href":"https:\/\/api.w.org\/{rel}","templated":true}]}}