{"id":353,"date":"2023-08-16T13:46:06","date_gmt":"2023-08-16T13:46:06","guid":{"rendered":"https:\/\/www.ratani.in\/?page_id=353"},"modified":"2023-09-01T13:03:30","modified_gmt":"2023-09-01T13:03:30","slug":"panchalwada-granite-manufacturer-and-exporter","status":"publish","type":"page","link":"https:\/\/www.ratani.in\/fr\/panchalwada-granite-manufacturer-and-exporter\/","title":{"rendered":"Granit Panchalwada"},"content":{"rendered":"<p>Le granit Panchalwada de l&#8217;Inde pr\u00e9sente g\u00e9n\u00e9ralement une texture de granulom\u00e9trie moyenne \u00e0 grossi\u00e8re, offrant une sensation naturelle et tactile. Ce granit est extrait du district de Pali, mais est \u00e9galement trait\u00e9 dans l&#8217;usine de traitement du granit \u00e0 Jalore ainsi que dans les usines de granit \u00e0 Kishangarh. Sa palette de couleurs peut varier, allant des nuances claires aux teintes fonc\u00e9es, notamment des variations de gris, de beige, de brun et m\u00eame des nuances de rose ou de rouge. Le fond est blanc nacr\u00e9. Ces variations de couleur contribuent \u00e0 l&#8217;apparence distinctive du granit Panchalwada.<\/p>\n<p>L&#8217;une des caract\u00e9ristiques notables du granit Panchalwada est sa capacit\u00e9 \u00e0 pr\u00e9senter des motifs et des d\u00e9p\u00f4ts min\u00e9raux complexes. Ces formations naturelles ajoutent de la profondeur et de l&#8217;int\u00e9r\u00eat visuel \u00e0 la pierre, faisant de chaque dalle une \u0153uvre d&#8217;art unique.<\/p>\n<p>C&#8217;est un choix populaire pour les plans de travail de cuisine, les vanit\u00e9s de salle de bains, les rev\u00eatements de sol, les rev\u00eatements muraux et d&#8217;autres projets de design int\u00e9rieur et ext\u00e9rieur.<\/p>\n","protected":false},"excerpt":{"rendered":"<p>Le granit Panchalwada de l&#8217;Inde pr\u00e9sente g\u00e9n\u00e9ralement une texture de granulom\u00e9trie moyenne \u00e0 grossi\u00e8re, offrant une sensation naturelle et tactile. Ce granit est extrait du district de Pali, mais est \u00e9galement trait\u00e9 dans l&#8217;usine de traitement du granit \u00e0 Jalore ainsi que dans les usines de granit \u00e0 Kishangarh. Sa palette de couleurs peut varier, &hellip; <a href=\"https:\/\/www.ratani.in\/fr\/panchalwada-granite-manufacturer-and-exporter\/\" class=\"more-link\">Continue reading<span class=\"screen-reader-text\"> &#8220;Granit Panchalwada&#8221;<\/span><\/a><\/p>\n","protected":false},"author":1,"featured_media":361,"parent":0,"menu_order":0,"comment_status":"closed","ping_status":"closed","template":"page-templates\/product.php","meta":{"footnotes":""},"translation":{"provider":"WPGlobus","version":"2.12.2","language":"fr","enabled_languages":["en","es","fr","ru","ar","zh","pt"],"languages":{"en":{"title":true,"content":true,"excerpt":false},"es":{"title":true,"content":true,"excerpt":false},"fr":{"title":true,"content":true,"excerpt":false},"ru":{"title":true,"content":true,"excerpt":false},"ar":{"title":true,"content":true,"excerpt":false},"zh":{"title":true,"content":true,"excerpt":false},"pt":{"title":true,"content":true,"excerpt":false}}},"acf":[],"_links":{"self":[{"href":"https:\/\/www.ratani.in\/fr\/wp-json\/wp\/v2\/pages\/353"}],"collection":[{"href":"https:\/\/www.ratani.in\/fr\/wp-json\/wp\/v2\/pages"}],"about":[{"href":"https:\/\/www.ratani.in\/fr\/wp-json\/wp\/v2\/types\/page"}],"author":[{"embeddable":true,"href":"https:\/\/www.ratani.in\/fr\/wp-json\/wp\/v2\/users\/1"}],"replies":[{"embeddable":true,"href":"https:\/\/www.ratani.in\/fr\/wp-json\/wp\/v2\/comments?post=353"}],"version-history":[{"count":11,"href":"https:\/\/www.ratani.in\/fr\/wp-json\/wp\/v2\/pages\/353\/revisions"}],"predecessor-version":[{"id":2559,"href":"https:\/\/www.ratani.in\/fr\/wp-json\/wp\/v2\/pages\/353\/revisions\/2559"}],"wp:featuredmedia":[{"embeddable":true,"href":"https:\/\/www.ratani.in\/fr\/wp-json\/wp\/v2\/media\/361"}],"wp:attachment":[{"href":"https:\/\/www.ratani.in\/fr\/wp-json\/wp\/v2\/media?parent=353"}],"curies":[{"name":"wp","href":"https:\/\/api.w.org\/{rel}","templated":true}]}}