{"id":363,"date":"2023-08-16T13:57:05","date_gmt":"2023-08-16T13:57:05","guid":{"rendered":"https:\/\/www.ratani.in\/?page_id=363"},"modified":"2023-09-01T12:42:40","modified_gmt":"2023-09-01T12:42:40","slug":"amba-white-granite-manufacturer-and-exporter","status":"publish","type":"page","link":"https:\/\/www.ratani.in\/fr\/amba-white-granite-manufacturer-and-exporter\/","title":{"rendered":"Granit blanc Amba"},"content":{"rendered":"<p>Le granit blanc Amba de l&#8217;Inde pr\u00e9sente g\u00e9n\u00e9ralement une couleur de fond principalement blanche ou ivoire. Les carri\u00e8res de granit Amba White en Inde sont situ\u00e9es dans l&#8217;Andhra Pradesh, en Inde du Sud. Il pr\u00e9sente souvent un motif coh\u00e9rent et uniforme, avec des variations subtiles de nuances de blanc, de gris ou de beige. L&#8217;aspect g\u00e9n\u00e9ral est g\u00e9n\u00e9ralement propre et sophistiqu\u00e9, ce qui en fait un choix polyvalent pour une vari\u00e9t\u00e9 de styles de design.<\/p>\n<p>La texture du granit blanc Amba est g\u00e9n\u00e9ralement fine et polie, ce qui lui conf\u00e8re une surface lisse et lustr\u00e9e. Sa durabilit\u00e9, sa r\u00e9sistance \u00e0 la chaleur et aux rayures, et sa facilit\u00e9 d&#8217;entretien en font un choix adapt\u00e9 \u00e0 diverses applications telles que les plans de travail, les rev\u00eatements de sol, les rev\u00eatements muraux, et plus encore.<\/p>\n","protected":false},"excerpt":{"rendered":"<p>Le granit blanc Amba de l&#8217;Inde pr\u00e9sente g\u00e9n\u00e9ralement une couleur de fond principalement blanche ou ivoire. Les carri\u00e8res de granit Amba White en Inde sont situ\u00e9es dans l&#8217;Andhra Pradesh, en Inde du Sud. Il pr\u00e9sente souvent un motif coh\u00e9rent et uniforme, avec des variations subtiles de nuances de blanc, de gris ou de beige. L&#8217;aspect &hellip; <a href=\"https:\/\/www.ratani.in\/fr\/amba-white-granite-manufacturer-and-exporter\/\" class=\"more-link\">Continue reading<span class=\"screen-reader-text\"> &#8220;Granit blanc Amba&#8221;<\/span><\/a><\/p>\n","protected":false},"author":1,"featured_media":381,"parent":0,"menu_order":0,"comment_status":"closed","ping_status":"closed","template":"page-templates\/product.php","meta":{"footnotes":""},"translation":{"provider":"WPGlobus","version":"2.12.2","language":"fr","enabled_languages":["en","es","fr","ru","ar","zh","pt"],"languages":{"en":{"title":true,"content":true,"excerpt":false},"es":{"title":true,"content":true,"excerpt":false},"fr":{"title":true,"content":true,"excerpt":false},"ru":{"title":true,"content":true,"excerpt":false},"ar":{"title":true,"content":true,"excerpt":false},"zh":{"title":true,"content":true,"excerpt":false},"pt":{"title":true,"content":true,"excerpt":false}}},"acf":[],"_links":{"self":[{"href":"https:\/\/www.ratani.in\/fr\/wp-json\/wp\/v2\/pages\/363"}],"collection":[{"href":"https:\/\/www.ratani.in\/fr\/wp-json\/wp\/v2\/pages"}],"about":[{"href":"https:\/\/www.ratani.in\/fr\/wp-json\/wp\/v2\/types\/page"}],"author":[{"embeddable":true,"href":"https:\/\/www.ratani.in\/fr\/wp-json\/wp\/v2\/users\/1"}],"replies":[{"embeddable":true,"href":"https:\/\/www.ratani.in\/fr\/wp-json\/wp\/v2\/comments?post=363"}],"version-history":[{"count":10,"href":"https:\/\/www.ratani.in\/fr\/wp-json\/wp\/v2\/pages\/363\/revisions"}],"predecessor-version":[{"id":2551,"href":"https:\/\/www.ratani.in\/fr\/wp-json\/wp\/v2\/pages\/363\/revisions\/2551"}],"wp:featuredmedia":[{"embeddable":true,"href":"https:\/\/www.ratani.in\/fr\/wp-json\/wp\/v2\/media\/381"}],"wp:attachment":[{"href":"https:\/\/www.ratani.in\/fr\/wp-json\/wp\/v2\/media?parent=363"}],"curies":[{"name":"wp","href":"https:\/\/api.w.org\/{rel}","templated":true}]}}