{"id":364,"date":"2023-08-16T13:55:16","date_gmt":"2023-08-16T13:55:16","guid":{"rendered":"https:\/\/www.ratani.in\/?page_id=364"},"modified":"2023-09-01T13:00:30","modified_gmt":"2023-09-01T13:00:30","slug":"s-white-granite-manufacturer-and-exporter","status":"publish","type":"page","link":"https:\/\/www.ratani.in\/fr\/s-white-granite-manufacturer-and-exporter\/","title":{"rendered":"Granit blanc S"},"content":{"rendered":"<p>Le granit blanc S de l&#8217;Inde est un type de granit r\u00e9put\u00e9 pour sa belle couleur blanche immacul\u00e9e. Il pr\u00e9sente principalement un fond blanc avec des variations subtiles de ton, allant du blanc pur \u00e0 l&#8217;ivoire. Bien que ce soit une pierre naturelle dans le nord de l&#8217;Inde, la couleur est g\u00e9n\u00e9ralement constante dans toute la pierre, cr\u00e9ant une apparence propre et \u00e9l\u00e9gante. C&#8217;est un granit blanc lustr\u00e9, connu pour la pr\u00e9sence de petites taches grises fonc\u00e9es et claires \u00e0 sa surface.<\/p>\n<p>Ce qui distingue le granit blanc S, c&#8217;est sa capacit\u00e9 \u00e0 refl\u00e9ter la lumi\u00e8re, lui conf\u00e9rant une qualit\u00e9 lumineuse et lumineuse. Cela en fait un excellent choix pour les espaces qui n\u00e9cessitent une sensation d&#8217;a\u00e9ration et d&#8217;ouverture. La couleur blanche permet \u00e9galement une coordination facile avec divers styles de design, en faisant une option polyvalente pour les param\u00e8tres modernes et classiques.<\/p>\n<p>Le granit blanc S est couramment utilis\u00e9 pour les plans de travail, les rev\u00eatements muraux et les rev\u00eatements de sol, ajoutant une touche de sophistication et d&#8217;\u00e9l\u00e9gance aux cuisines et aux salles de bains. Sa surface lisse et polie rehausse encore son attrait esth\u00e9tique, tandis que sa durabilit\u00e9 et sa r\u00e9sistance \u00e0 la chaleur et aux taches en font un choix pratique pour les zones \u00e0 fort trafic.<\/p>\n<p>La meilleure raison d&#8217;importer ce granit du nord de l&#8217;Inde est sa couleur blanche nette et intemporelle qui apporte une sensation de puret\u00e9 et de s\u00e9r\u00e9nit\u00e9 \u00e0 tout espace, cr\u00e9ant une atmosph\u00e8re visuellement plaisante et accueillante.<\/p>\n","protected":false},"excerpt":{"rendered":"<p>Le granit blanc S de l&#8217;Inde est un type de granit r\u00e9put\u00e9 pour sa belle couleur blanche immacul\u00e9e. Il pr\u00e9sente principalement un fond blanc avec des variations subtiles de ton, allant du blanc pur \u00e0 l&#8217;ivoire. Bien que ce soit une pierre naturelle dans le nord de l&#8217;Inde, la couleur est g\u00e9n\u00e9ralement constante dans toute &hellip; <a href=\"https:\/\/www.ratani.in\/fr\/s-white-granite-manufacturer-and-exporter\/\" class=\"more-link\">Continue reading<span class=\"screen-reader-text\"> &#8220;Granit blanc S&#8221;<\/span><\/a><\/p>\n","protected":false},"author":1,"featured_media":372,"parent":0,"menu_order":0,"comment_status":"closed","ping_status":"closed","template":"page-templates\/product.php","meta":{"footnotes":""},"translation":{"provider":"WPGlobus","version":"2.12.2","language":"fr","enabled_languages":["en","es","fr","ru","ar","zh","pt"],"languages":{"en":{"title":true,"content":true,"excerpt":false},"es":{"title":true,"content":true,"excerpt":false},"fr":{"title":true,"content":true,"excerpt":false},"ru":{"title":true,"content":true,"excerpt":false},"ar":{"title":true,"content":true,"excerpt":false},"zh":{"title":true,"content":true,"excerpt":false},"pt":{"title":true,"content":true,"excerpt":false}}},"acf":[],"_links":{"self":[{"href":"https:\/\/www.ratani.in\/fr\/wp-json\/wp\/v2\/pages\/364"}],"collection":[{"href":"https:\/\/www.ratani.in\/fr\/wp-json\/wp\/v2\/pages"}],"about":[{"href":"https:\/\/www.ratani.in\/fr\/wp-json\/wp\/v2\/types\/page"}],"author":[{"embeddable":true,"href":"https:\/\/www.ratani.in\/fr\/wp-json\/wp\/v2\/users\/1"}],"replies":[{"embeddable":true,"href":"https:\/\/www.ratani.in\/fr\/wp-json\/wp\/v2\/comments?post=364"}],"version-history":[{"count":11,"href":"https:\/\/www.ratani.in\/fr\/wp-json\/wp\/v2\/pages\/364\/revisions"}],"predecessor-version":[{"id":2558,"href":"https:\/\/www.ratani.in\/fr\/wp-json\/wp\/v2\/pages\/364\/revisions\/2558"}],"wp:featuredmedia":[{"embeddable":true,"href":"https:\/\/www.ratani.in\/fr\/wp-json\/wp\/v2\/media\/372"}],"wp:attachment":[{"href":"https:\/\/www.ratani.in\/fr\/wp-json\/wp\/v2\/media?parent=364"}],"curies":[{"name":"wp","href":"https:\/\/api.w.org\/{rel}","templated":true}]}}