{"id":383,"date":"2023-08-16T13:59:34","date_gmt":"2023-08-16T13:59:34","guid":{"rendered":"https:\/\/www.ratani.in\/?page_id=383"},"modified":"2023-09-01T12:55:16","modified_gmt":"2023-09-01T12:55:16","slug":"moon-white-granite-manufacturer-and-exporter","status":"publish","type":"page","link":"https:\/\/www.ratani.in\/fr\/moon-white-granite-manufacturer-and-exporter\/","title":{"rendered":"Granit blanc lunaire"},"content":{"rendered":"<p>Le granit blanc lunaire est une pierre naturelle \u00e9poustouflante d&#8217;Andhra Pradesh, en Inde, connue pour sa beaut\u00e9 et son \u00e9l\u00e9gance \u00e9th\u00e9r\u00e9e. Il pr\u00e9sente principalement une couleur de base blanche avec des variations subtiles de gris et des taches occasionnelles de teintes plus sombres. Les motifs complexes et les veines dans le granit blanc lunaire ressemblent \u00e0 la lueur douce et \u00e0 la texture du ciel \u00e9clair\u00e9 par la lune, d&#8217;o\u00f9 son nom. Ce granit d\u00e9gage une sensation de tranquillit\u00e9 et de sophistication, ce qui en fait un choix populaire pour cr\u00e9er des espaces sereins et accueillants.<\/p>\n<p>La palette de couleurs neutres du granit blanc lunaire lui permet de compl\u00e9ter un large \u00e9ventail de styles de design, du moderne au traditionnel. Que ce soit pour les plans de travail, les rev\u00eatements de sol ou les rev\u00eatements muraux, le granit blanc lunaire ajoute une touche de gr\u00e2ce et de raffinement \u00e0 toute application int\u00e9rieure ou ext\u00e9rieure. Sa durabilit\u00e9 et son attrait intemporel en font une option recherch\u00e9e pour ceux qui recherchent un m\u00e9lange harmonieux d&#8217;esth\u00e9tique et de fonctionnalit\u00e9.<\/p>\n","protected":false},"excerpt":{"rendered":"<p>Le granit blanc lunaire est une pierre naturelle \u00e9poustouflante d&#8217;Andhra Pradesh, en Inde, connue pour sa beaut\u00e9 et son \u00e9l\u00e9gance \u00e9th\u00e9r\u00e9e. Il pr\u00e9sente principalement une couleur de base blanche avec des variations subtiles de gris et des taches occasionnelles de teintes plus sombres. Les motifs complexes et les veines dans le granit blanc lunaire ressemblent &hellip; <a href=\"https:\/\/www.ratani.in\/fr\/moon-white-granite-manufacturer-and-exporter\/\" class=\"more-link\">Continue reading<span class=\"screen-reader-text\"> &#8220;Granit blanc lunaire&#8221;<\/span><\/a><\/p>\n","protected":false},"author":1,"featured_media":388,"parent":0,"menu_order":0,"comment_status":"closed","ping_status":"closed","template":"page-templates\/product.php","meta":{"footnotes":""},"translation":{"provider":"WPGlobus","version":"2.12.2","language":"fr","enabled_languages":["en","es","fr","ru","ar","zh","pt"],"languages":{"en":{"title":true,"content":true,"excerpt":false},"es":{"title":true,"content":true,"excerpt":false},"fr":{"title":true,"content":true,"excerpt":false},"ru":{"title":true,"content":true,"excerpt":false},"ar":{"title":true,"content":true,"excerpt":false},"zh":{"title":true,"content":true,"excerpt":false},"pt":{"title":true,"content":true,"excerpt":false}}},"acf":[],"_links":{"self":[{"href":"https:\/\/www.ratani.in\/fr\/wp-json\/wp\/v2\/pages\/383"}],"collection":[{"href":"https:\/\/www.ratani.in\/fr\/wp-json\/wp\/v2\/pages"}],"about":[{"href":"https:\/\/www.ratani.in\/fr\/wp-json\/wp\/v2\/types\/page"}],"author":[{"embeddable":true,"href":"https:\/\/www.ratani.in\/fr\/wp-json\/wp\/v2\/users\/1"}],"replies":[{"embeddable":true,"href":"https:\/\/www.ratani.in\/fr\/wp-json\/wp\/v2\/comments?post=383"}],"version-history":[{"count":11,"href":"https:\/\/www.ratani.in\/fr\/wp-json\/wp\/v2\/pages\/383\/revisions"}],"predecessor-version":[{"id":2404,"href":"https:\/\/www.ratani.in\/fr\/wp-json\/wp\/v2\/pages\/383\/revisions\/2404"}],"wp:featuredmedia":[{"embeddable":true,"href":"https:\/\/www.ratani.in\/fr\/wp-json\/wp\/v2\/media\/388"}],"wp:attachment":[{"href":"https:\/\/www.ratani.in\/fr\/wp-json\/wp\/v2\/media?parent=383"}],"curies":[{"name":"wp","href":"https:\/\/api.w.org\/{rel}","templated":true}]}}