{"id":393,"date":"2023-08-16T14:02:31","date_gmt":"2023-08-16T14:02:31","guid":{"rendered":"https:\/\/www.ratani.in\/?page_id=393"},"modified":"2023-09-01T12:39:33","modified_gmt":"2023-09-01T12:39:33","slug":"river-white-granite-manufacturer-and-exporter","status":"publish","type":"page","link":"https:\/\/www.ratani.in\/fr\/river-white-granite-manufacturer-and-exporter\/","title":{"rendered":"Granit blanc de rivi\u00e8re"},"content":{"rendered":"<p>Le granit blanc de rivi\u00e8re d&#8217;Inde est une pierre naturelle impressionnante de Visakhapatnam, en Inde, caract\u00e9ris\u00e9e par son fond blanc immacul\u00e9 et ses motifs complexes de veines grises, noires et bordeaux. Le granit blanc de rivi\u00e8re pr\u00e9sente une texture fine qui lui conf\u00e8re une apparence lisse et polie. La couleur primaire de ce granit est un blanc cr\u00e9meux, qui sert de base neutre et qui se marie bien avec une vari\u00e9t\u00e9 de styles de design. Les veines et les motifs dans des nuances de gris, de noir et de bordeaux serpentent \u00e0 la surface, cr\u00e9ant une sensation de mouvement et d&#8217;int\u00e9r\u00eat visuel.<\/p>\n<p>Le contraste entre le fond blanc et les veines plus fonc\u00e9es ajoute de la profondeur et de l&#8217;\u00e9l\u00e9gance \u00e0 l&#8217;ensemble de l&#8217;apparence. Le granit blanc de rivi\u00e8re est couramment utilis\u00e9 pour les plans de travail, les rev\u00eatements de sol, les rev\u00eatements muraux, ajoutant une touche de sophistication et de beaut\u00e9 intemporelle \u00e0 tout espace.<\/p>\n<p>Sa durabilit\u00e9, sa r\u00e9sistance \u00e0 la chaleur et aux rayures, ainsi que sa polyvalence pour compl\u00e9ter diff\u00e9rentes esth\u00e9tiques de design, en font un choix populaire parmi les propri\u00e9taires et les concepteurs qui ach\u00e8tent du granit en provenance d&#8217;Inde. Le granit blanc de rivi\u00e8re apporte une sensation d&#8217;\u00e9l\u00e9gance naturelle et de tranquillit\u00e9, en en faisant un choix captivant pour divers projets r\u00e9sidentiels et commerciaux.<\/p>\n","protected":false},"excerpt":{"rendered":"<p>Le granit blanc de rivi\u00e8re d&#8217;Inde est une pierre naturelle impressionnante de Visakhapatnam, en Inde, caract\u00e9ris\u00e9e par son fond blanc immacul\u00e9 et ses motifs complexes de veines grises, noires et bordeaux. Le granit blanc de rivi\u00e8re pr\u00e9sente une texture fine qui lui conf\u00e8re une apparence lisse et polie. La couleur primaire de ce granit est &hellip; <a href=\"https:\/\/www.ratani.in\/fr\/river-white-granite-manufacturer-and-exporter\/\" class=\"more-link\">Continue reading<span class=\"screen-reader-text\"> &#8220;Granit blanc de rivi\u00e8re&#8221;<\/span><\/a><\/p>\n","protected":false},"author":1,"featured_media":398,"parent":0,"menu_order":0,"comment_status":"closed","ping_status":"closed","template":"page-templates\/product.php","meta":{"footnotes":""},"translation":{"provider":"WPGlobus","version":"2.12.2","language":"fr","enabled_languages":["en","es","fr","ru","ar","zh","pt"],"languages":{"en":{"title":true,"content":true,"excerpt":false},"es":{"title":true,"content":true,"excerpt":false},"fr":{"title":true,"content":true,"excerpt":false},"ru":{"title":true,"content":true,"excerpt":false},"ar":{"title":true,"content":true,"excerpt":false},"zh":{"title":true,"content":true,"excerpt":false},"pt":{"title":true,"content":true,"excerpt":false}}},"acf":[],"_links":{"self":[{"href":"https:\/\/www.ratani.in\/fr\/wp-json\/wp\/v2\/pages\/393"}],"collection":[{"href":"https:\/\/www.ratani.in\/fr\/wp-json\/wp\/v2\/pages"}],"about":[{"href":"https:\/\/www.ratani.in\/fr\/wp-json\/wp\/v2\/types\/page"}],"author":[{"embeddable":true,"href":"https:\/\/www.ratani.in\/fr\/wp-json\/wp\/v2\/users\/1"}],"replies":[{"embeddable":true,"href":"https:\/\/www.ratani.in\/fr\/wp-json\/wp\/v2\/comments?post=393"}],"version-history":[{"count":10,"href":"https:\/\/www.ratani.in\/fr\/wp-json\/wp\/v2\/pages\/393\/revisions"}],"predecessor-version":[{"id":2139,"href":"https:\/\/www.ratani.in\/fr\/wp-json\/wp\/v2\/pages\/393\/revisions\/2139"}],"wp:featuredmedia":[{"embeddable":true,"href":"https:\/\/www.ratani.in\/fr\/wp-json\/wp\/v2\/media\/398"}],"wp:attachment":[{"href":"https:\/\/www.ratani.in\/fr\/wp-json\/wp\/v2\/media?parent=393"}],"curies":[{"name":"wp","href":"https:\/\/api.w.org\/{rel}","templated":true}]}}