{"id":403,"date":"2023-08-16T14:05:24","date_gmt":"2023-08-16T14:05:24","guid":{"rendered":"https:\/\/www.ratani.in\/?page_id=403"},"modified":"2023-09-01T12:57:15","modified_gmt":"2023-09-01T12:57:15","slug":"thunder-white-granite-manufacturer-and-exporter","status":"publish","type":"page","link":"https:\/\/www.ratani.in\/fr\/thunder-white-granite-manufacturer-and-exporter\/","title":{"rendered":"Granit blanc Thunder"},"content":{"rendered":"<p>Le granit blanc Thunder est une pierre naturelle \u00e0 couper le souffle import\u00e9e d&#8217;Inde, connue pour sa beaut\u00e9 frappante et son apparence captivante. C&#8217;est un choix populaire pour ceux qui recherchent une combinaison d&#8217;\u00e9l\u00e9gance et d&#8217;unicit\u00e9 dans leurs projets de design.<\/p>\n<p>Le granit blanc Thunder pr\u00e9sente principalement un fond blanc avec des motifs complexes et des veines qui rappellent le mouvement dramatique des orages. Ces motifs peuvent varier des boucles et des tourbillons subtils aux veines audacieuses et pro\u00e9minentes, cr\u00e9ant un effet visuel dynamique et dramatique.<\/p>\n<p>Cette vari\u00e9t\u00e9 de granit est couramment utilis\u00e9e pour des applications int\u00e9rieures et ext\u00e9rieures, ce qui la rend polyvalente dans son application. Il est souvent utilis\u00e9 pour les plans de travail de cuisine, les vanit\u00e9s de salle de bains, les rev\u00eatements de sol, les rev\u00eatements muraux, les chemin\u00e9es et les accents d\u00e9coratifs. Sa durabilit\u00e9, sa r\u00e9sistance aux taches et sa facilit\u00e9 d&#8217;entretien en font une option pratique pour divers environnements.<\/p>\n<p>Le granit blanc Thunder apporte une sensation d&#8217;\u00e9l\u00e9gance et de sophistication \u00e0 tout espace. Son fond blanc lumineux cr\u00e9e une ambiance propre et immacul\u00e9e, tandis que les motifs complexes ajoutent une touche de drame et d&#8217;int\u00e9r\u00eat visuel. Qu&#8217;il soit utilis\u00e9 dans un sch\u00e9ma de design contemporain ou traditionnel, le granit blanc Thunder ne manquera pas de laisser une impression durable.<\/p>\n<p>Ce granit offre l&#8217;apparence du marbre blanc de Carrare, mais poss\u00e8de les caract\u00e9ristiques uniques du granit, ce qui en fait un meilleur choix pour les personnes souhaitant acheter du granit en provenance d&#8217;Inde.<\/p>\n","protected":false},"excerpt":{"rendered":"<p>Le granit blanc Thunder est une pierre naturelle \u00e0 couper le souffle import\u00e9e d&#8217;Inde, connue pour sa beaut\u00e9 frappante et son apparence captivante. C&#8217;est un choix populaire pour ceux qui recherchent une combinaison d&#8217;\u00e9l\u00e9gance et d&#8217;unicit\u00e9 dans leurs projets de design. Le granit blanc Thunder pr\u00e9sente principalement un fond blanc avec des motifs complexes et &hellip; <a href=\"https:\/\/www.ratani.in\/fr\/thunder-white-granite-manufacturer-and-exporter\/\" class=\"more-link\">Continue reading<span class=\"screen-reader-text\"> &#8220;Granit blanc Thunder&#8221;<\/span><\/a><\/p>\n","protected":false},"author":1,"featured_media":411,"parent":0,"menu_order":0,"comment_status":"closed","ping_status":"closed","template":"page-templates\/product.php","meta":{"footnotes":""},"translation":{"provider":"WPGlobus","version":"2.12.2","language":"fr","enabled_languages":["en","es","fr","ru","ar","zh","pt"],"languages":{"en":{"title":true,"content":true,"excerpt":false},"es":{"title":true,"content":true,"excerpt":false},"fr":{"title":true,"content":true,"excerpt":false},"ru":{"title":true,"content":true,"excerpt":false},"ar":{"title":true,"content":true,"excerpt":false},"zh":{"title":true,"content":true,"excerpt":false},"pt":{"title":true,"content":true,"excerpt":false}}},"acf":[],"_links":{"self":[{"href":"https:\/\/www.ratani.in\/fr\/wp-json\/wp\/v2\/pages\/403"}],"collection":[{"href":"https:\/\/www.ratani.in\/fr\/wp-json\/wp\/v2\/pages"}],"about":[{"href":"https:\/\/www.ratani.in\/fr\/wp-json\/wp\/v2\/types\/page"}],"author":[{"embeddable":true,"href":"https:\/\/www.ratani.in\/fr\/wp-json\/wp\/v2\/users\/1"}],"replies":[{"embeddable":true,"href":"https:\/\/www.ratani.in\/fr\/wp-json\/wp\/v2\/comments?post=403"}],"version-history":[{"count":11,"href":"https:\/\/www.ratani.in\/fr\/wp-json\/wp\/v2\/pages\/403\/revisions"}],"predecessor-version":[{"id":2407,"href":"https:\/\/www.ratani.in\/fr\/wp-json\/wp\/v2\/pages\/403\/revisions\/2407"}],"wp:featuredmedia":[{"embeddable":true,"href":"https:\/\/www.ratani.in\/fr\/wp-json\/wp\/v2\/media\/411"}],"wp:attachment":[{"href":"https:\/\/www.ratani.in\/fr\/wp-json\/wp\/v2\/media?parent=403"}],"curies":[{"name":"wp","href":"https:\/\/api.w.org\/{rel}","templated":true}]}}