{"id":413,"date":"2023-08-16T14:07:53","date_gmt":"2023-08-16T14:07:53","guid":{"rendered":"https:\/\/www.ratani.in\/?page_id=413"},"modified":"2024-06-28T12:22:07","modified_gmt":"2024-06-28T12:22:07","slug":"viscon-white-granite-manufacturer-and-exporter","status":"publish","type":"page","link":"https:\/\/www.ratani.in\/fr\/viscon-white-granite-manufacturer-and-exporter\/","title":{"rendered":"Granit blanc Viscon"},"content":{"rendered":"<p>Le granit blanc Viscon de l&#8217;Inde est une pierre naturelle sophistiqu\u00e9e et visuellement frappante, connue pour son fond blanc distinct et ses motifs complexes. C&#8217;est un choix populaire pour ceux qui recherchent une combinaison d&#8217;\u00e9l\u00e9gance et d&#8217;unicit\u00e9 dans leurs projets de design.<\/p>\n<p>Le granit blanc Viscon pr\u00e9sente principalement une couleur de base blanche ou ivoire, qui sert de toile de fond \u00e0 des motifs et des veines fascinants. Ces motifs peuvent varier de subtils tourbillons et ondulations \u00e0 des formations plus audacieuses et pro\u00e9minentes. L&#8217;interaction des nuances claires et sombres dans la pierre cr\u00e9e un attrait visuel captivant et ajoute de la profondeur \u00e0 son apparence g\u00e9n\u00e9rale.<\/p>\n<p>Sa durabilit\u00e9, sa r\u00e9sistance aux taches et sa facilit\u00e9 d&#8217;entretien en font une option pratique pour divers environnements.<br \/>\nChaque dalle de granit blanc Viscon poss\u00e8de ses propres motifs et caract\u00e9ristiques uniques, garantissant que votre projet aura une touche distinctive.<\/p>\n","protected":false},"excerpt":{"rendered":"<p>Le granit blanc Viscon de l&#8217;Inde est une pierre naturelle sophistiqu\u00e9e et visuellement frappante, connue pour son fond blanc distinct et ses motifs complexes. C&#8217;est un choix populaire pour ceux qui recherchent une combinaison d&#8217;\u00e9l\u00e9gance et d&#8217;unicit\u00e9 dans leurs projets de design. Le granit blanc Viscon pr\u00e9sente principalement une couleur de base blanche ou ivoire, &hellip; <a href=\"https:\/\/www.ratani.in\/fr\/viscon-white-granite-manufacturer-and-exporter\/\" class=\"more-link\">Continue reading<span class=\"screen-reader-text\"> &#8220;Granit blanc Viscon&#8221;<\/span><\/a><\/p>\n","protected":false},"author":1,"featured_media":421,"parent":0,"menu_order":0,"comment_status":"closed","ping_status":"closed","template":"page-templates\/product.php","meta":{"footnotes":""},"translation":{"provider":"WPGlobus","version":"2.12.2","language":"fr","enabled_languages":["en","es","fr","ru","ar","zh","pt"],"languages":{"en":{"title":true,"content":true,"excerpt":false},"es":{"title":true,"content":true,"excerpt":false},"fr":{"title":true,"content":true,"excerpt":false},"ru":{"title":true,"content":true,"excerpt":false},"ar":{"title":true,"content":true,"excerpt":false},"zh":{"title":true,"content":true,"excerpt":false},"pt":{"title":true,"content":true,"excerpt":false}}},"acf":[],"_links":{"self":[{"href":"https:\/\/www.ratani.in\/fr\/wp-json\/wp\/v2\/pages\/413"}],"collection":[{"href":"https:\/\/www.ratani.in\/fr\/wp-json\/wp\/v2\/pages"}],"about":[{"href":"https:\/\/www.ratani.in\/fr\/wp-json\/wp\/v2\/types\/page"}],"author":[{"embeddable":true,"href":"https:\/\/www.ratani.in\/fr\/wp-json\/wp\/v2\/users\/1"}],"replies":[{"embeddable":true,"href":"https:\/\/www.ratani.in\/fr\/wp-json\/wp\/v2\/comments?post=413"}],"version-history":[{"count":12,"href":"https:\/\/www.ratani.in\/fr\/wp-json\/wp\/v2\/pages\/413\/revisions"}],"predecessor-version":[{"id":2690,"href":"https:\/\/www.ratani.in\/fr\/wp-json\/wp\/v2\/pages\/413\/revisions\/2690"}],"wp:featuredmedia":[{"embeddable":true,"href":"https:\/\/www.ratani.in\/fr\/wp-json\/wp\/v2\/media\/421"}],"wp:attachment":[{"href":"https:\/\/www.ratani.in\/fr\/wp-json\/wp\/v2\/media?parent=413"}],"curies":[{"name":"wp","href":"https:\/\/api.w.org\/{rel}","templated":true}]}}