{"id":423,"date":"2023-08-16T14:20:44","date_gmt":"2023-08-16T14:20:44","guid":{"rendered":"https:\/\/www.ratani.in\/?page_id=423"},"modified":"2023-09-01T12:26:22","modified_gmt":"2023-09-01T12:26:22","slug":"azul-nuevo-granite-manufacturer-and-exporter","status":"publish","type":"page","link":"https:\/\/www.ratani.in\/fr\/azul-nuevo-granite-manufacturer-and-exporter\/","title":{"rendered":"Granit Azul Nuevo"},"content":{"rendered":"<p>Le granit Azul Nuevo d&#8217;Inde est une superbe vari\u00e9t\u00e9 de granit connue pour sa couleur bleue captivante et ses motifs complexes. C&#8217;est une pierre naturelle extraite des mines autour de Kishangarh, Rajasthan, Inde et \u00e9galement transform\u00e9e dans des entreprises de granit \u00e0 Jalore, Rajasthan, Inde, offrant une esth\u00e9tique unique et luxueuse.<\/p>\n<p>Le granit Azul Nuevo pr\u00e9sente g\u00e9n\u00e9ralement un fond bleu profond, rappelant un ciel clair ou les profondeurs de l&#8217;oc\u00e9an, ce qui en fait un granit bleu populaire en Inde. La couleur bleue peut varier de vibrante et intense \u00e0 des teintes plus douces et plus att\u00e9nu\u00e9es, cr\u00e9ant diff\u00e9rents effets visuels.<\/p>\n<p>De plus, il pr\u00e9sente souvent des motifs complexes, tels que des vagues, des tourbillons ou des veines, dans des couleurs compl\u00e9mentaires comme le blanc, le gris ou le noir. Ces motifs ajoutent de la profondeur et du caract\u00e8re \u00e0 la pierre, rendant chaque dalle distinctive.<\/p>\n<p>La texture du granit Azul Nuevo est g\u00e9n\u00e9ralement \u00e0 gros grain, offrant une sensation tactile et naturelle. C&#8217;est un mat\u00e9riau durable, ce qui le rend adapt\u00e9 \u00e0 diverses applications, notamment les plans de travail, les rev\u00eatements de sol, les rev\u00eatements muraux et les accents d\u00e9coratifs.<\/p>\n<p>La couleur bleue frappante et les motifs complexes de l&#8217;Azul Nuevo Granite en font un excellent choix pour ajouter une touche d&#8217;\u00e9l\u00e9gance et de sophistication aux espaces r\u00e9sidentiels et commerciaux.<\/p>\n","protected":false},"excerpt":{"rendered":"<p>Le granit Azul Nuevo d&#8217;Inde est une superbe vari\u00e9t\u00e9 de granit connue pour sa couleur bleue captivante et ses motifs complexes. C&#8217;est une pierre naturelle extraite des mines autour de Kishangarh, Rajasthan, Inde et \u00e9galement transform\u00e9e dans des entreprises de granit \u00e0 Jalore, Rajasthan, Inde, offrant une esth\u00e9tique unique et luxueuse. Le granit Azul Nuevo &hellip; <a href=\"https:\/\/www.ratani.in\/fr\/azul-nuevo-granite-manufacturer-and-exporter\/\" class=\"more-link\">Continue reading<span class=\"screen-reader-text\"> &#8220;Granit Azul Nuevo&#8221;<\/span><\/a><\/p>\n","protected":false},"author":1,"featured_media":425,"parent":0,"menu_order":0,"comment_status":"closed","ping_status":"closed","template":"page-templates\/product.php","meta":{"footnotes":""},"translation":{"provider":"WPGlobus","version":"2.12.2","language":"fr","enabled_languages":["en","es","fr","ru","ar","zh","pt"],"languages":{"en":{"title":true,"content":true,"excerpt":false},"es":{"title":true,"content":true,"excerpt":false},"fr":{"title":true,"content":true,"excerpt":false},"ru":{"title":true,"content":true,"excerpt":false},"ar":{"title":true,"content":true,"excerpt":false},"zh":{"title":true,"content":true,"excerpt":false},"pt":{"title":true,"content":true,"excerpt":false}}},"acf":[],"_links":{"self":[{"href":"https:\/\/www.ratani.in\/fr\/wp-json\/wp\/v2\/pages\/423"}],"collection":[{"href":"https:\/\/www.ratani.in\/fr\/wp-json\/wp\/v2\/pages"}],"about":[{"href":"https:\/\/www.ratani.in\/fr\/wp-json\/wp\/v2\/types\/page"}],"author":[{"embeddable":true,"href":"https:\/\/www.ratani.in\/fr\/wp-json\/wp\/v2\/users\/1"}],"replies":[{"embeddable":true,"href":"https:\/\/www.ratani.in\/fr\/wp-json\/wp\/v2\/comments?post=423"}],"version-history":[{"count":12,"href":"https:\/\/www.ratani.in\/fr\/wp-json\/wp\/v2\/pages\/423\/revisions"}],"predecessor-version":[{"id":2481,"href":"https:\/\/www.ratani.in\/fr\/wp-json\/wp\/v2\/pages\/423\/revisions\/2481"}],"wp:featuredmedia":[{"embeddable":true,"href":"https:\/\/www.ratani.in\/fr\/wp-json\/wp\/v2\/media\/425"}],"wp:attachment":[{"href":"https:\/\/www.ratani.in\/fr\/wp-json\/wp\/v2\/media?parent=423"}],"curies":[{"name":"wp","href":"https:\/\/api.w.org\/{rel}","templated":true}]}}