{"id":434,"date":"2023-08-16T14:30:04","date_gmt":"2023-08-16T14:30:04","guid":{"rendered":"https:\/\/www.ratani.in\/?page_id=434"},"modified":"2023-09-01T12:10:59","modified_gmt":"2023-09-01T12:10:59","slug":"crystal-blue-granite-manufacturer-and-exporter","status":"publish","type":"page","link":"https:\/\/www.ratani.in\/fr\/crystal-blue-granite-manufacturer-and-exporter\/","title":{"rendered":"Granit Bleu Cristal"},"content":{"rendered":"<p>Le granit bleu Cristal d&#8217;Inde est une pierre naturelle captivante connue pour sa couleur bleue frappante et son apparence cristalline. Il est extrait des mines du Nord de l&#8217;Inde et est un choix populaire pour ajouter une touche unique et luxueuse \u00e0 divers projets architecturaux et de design.<\/p>\n<p>La couleur de base du granit bleu Cristal est principalement bleue, allant d&#8217;une teinte moyenne \u00e0 fonc\u00e9e. Sa surface est orn\u00e9e de motifs complexes et de cristaux dans des nuances contrast\u00e9es de bleu, de blanc et de gris, rappelant un ciel nocturne c\u00e9leste ou de l&#8217;eau scintillante. Ces motifs naturels et ces formations cristallines contribuent \u00e0 l&#8217;attrait global de la pierre.<\/p>\n<p>La couleur bleue Cristal est tr\u00e8s appr\u00e9ci\u00e9e par les exportateurs de granit du Gujarat, en Inde, et ils promeuvent activement les dalles de granite de gangsaw, les dalles de granite coup\u00e9es et les carreaux de granite du Gujarat pr\u00e9sentant cette teinte.<br \/>\nLe granit bleu Cristal est souvent poli pour am\u00e9liorer son \u00e9clat et mettre en valeur la beaut\u00e9 de ses motifs complexes. La surface polie cr\u00e9e une finition lisse et r\u00e9fl\u00e9chissante, ajoutant une touche d&#8217;\u00e9l\u00e9gance \u00e0 tout espace.<\/p>\n<p>En raison de son apparence distinctive et de sa durabilit\u00e9, le granit bleu Cristal est couramment utilis\u00e9 pour les plans de travail, les rev\u00eatements de sol, les rev\u00eatements muraux et les \u00e9l\u00e9ments d&#8217;accent. Il apporte une sensation de sophistication et une d\u00e9claration audacieuse \u00e0 la fois aux applications r\u00e9sidentielles et commerciales, en particulier dans les styles de conception contemporains ou modernes.<\/p>\n","protected":false},"excerpt":{"rendered":"<p>Le granit bleu Cristal d&#8217;Inde est une pierre naturelle captivante connue pour sa couleur bleue frappante et son apparence cristalline. Il est extrait des mines du Nord de l&#8217;Inde et est un choix populaire pour ajouter une touche unique et luxueuse \u00e0 divers projets architecturaux et de design. La couleur de base du granit bleu &hellip; <a href=\"https:\/\/www.ratani.in\/fr\/crystal-blue-granite-manufacturer-and-exporter\/\" class=\"more-link\">Continue reading<span class=\"screen-reader-text\"> &#8220;Granit Bleu Cristal&#8221;<\/span><\/a><\/p>\n","protected":false},"author":1,"featured_media":441,"parent":0,"menu_order":0,"comment_status":"closed","ping_status":"closed","template":"page-templates\/product.php","meta":{"footnotes":""},"translation":{"provider":"WPGlobus","version":"2.12.2","language":"fr","enabled_languages":["en","es","fr","ru","ar","zh","pt"],"languages":{"en":{"title":true,"content":true,"excerpt":false},"es":{"title":true,"content":true,"excerpt":false},"fr":{"title":true,"content":true,"excerpt":false},"ru":{"title":true,"content":true,"excerpt":false},"ar":{"title":true,"content":true,"excerpt":false},"zh":{"title":true,"content":true,"excerpt":false},"pt":{"title":true,"content":true,"excerpt":false}}},"acf":[],"_links":{"self":[{"href":"https:\/\/www.ratani.in\/fr\/wp-json\/wp\/v2\/pages\/434"}],"collection":[{"href":"https:\/\/www.ratani.in\/fr\/wp-json\/wp\/v2\/pages"}],"about":[{"href":"https:\/\/www.ratani.in\/fr\/wp-json\/wp\/v2\/types\/page"}],"author":[{"embeddable":true,"href":"https:\/\/www.ratani.in\/fr\/wp-json\/wp\/v2\/users\/1"}],"replies":[{"embeddable":true,"href":"https:\/\/www.ratani.in\/fr\/wp-json\/wp\/v2\/comments?post=434"}],"version-history":[{"count":10,"href":"https:\/\/www.ratani.in\/fr\/wp-json\/wp\/v2\/pages\/434\/revisions"}],"predecessor-version":[{"id":2530,"href":"https:\/\/www.ratani.in\/fr\/wp-json\/wp\/v2\/pages\/434\/revisions\/2530"}],"wp:featuredmedia":[{"embeddable":true,"href":"https:\/\/www.ratani.in\/fr\/wp-json\/wp\/v2\/media\/441"}],"wp:attachment":[{"href":"https:\/\/www.ratani.in\/fr\/wp-json\/wp\/v2\/media?parent=434"}],"curies":[{"name":"wp","href":"https:\/\/api.w.org\/{rel}","templated":true}]}}