{"id":454,"date":"2023-08-16T14:41:56","date_gmt":"2023-08-16T14:41:56","guid":{"rendered":"https:\/\/www.ratani.in\/?page_id=454"},"modified":"2023-09-01T12:04:01","modified_gmt":"2023-09-01T12:04:01","slug":"himalayan-blue-granite-manufacturer-and-exporter","status":"publish","type":"page","link":"https:\/\/www.ratani.in\/fr\/himalayan-blue-granite-manufacturer-and-exporter\/","title":{"rendered":"Granit bleu de l&#8217;Himalaya"},"content":{"rendered":"<p>Le granit bleu de l&#8217;Himalaya est une pierre naturelle \u00e9poustouflante qui d\u00e9gage une sensation d&#8217;\u00e9l\u00e9gance et de s\u00e9r\u00e9nit\u00e9. Comme son nom l&#8217;indique, il s&#8217;inspire de la beaut\u00e9 majestueuse de la cha\u00eene de montagnes de l&#8217;Himalaya. Ce granit pr\u00e9sente une couleur de base principalement bleue claire, avec des variations occasionnelles de nuances plus claires de bleu et des taches subtiles de gris et de noir avec des tourbillons orange rouge\u00e2tre. Les motifs complexes et le mouvement dans la pierre ressemblent \u00e0 des courants d&#8217;eau tourbillonnants ou \u00e0 des nuages contre un ciel bleu profond. L&#8217;apparence captivante du granit bleu de l&#8217;Himalaya en fait un choix populaire parmi les fournisseurs de granit bleu d&#8217;Inde pour cr\u00e9er des plans de travail, des rev\u00eatements de mur et des \u00e9l\u00e9ments d&#8217;accent percutants dans diverses applications int\u00e9rieures et ext\u00e9rieures.<\/p>\n","protected":false},"excerpt":{"rendered":"<p>Le granit bleu de l&#8217;Himalaya est une pierre naturelle \u00e9poustouflante qui d\u00e9gage une sensation d&#8217;\u00e9l\u00e9gance et de s\u00e9r\u00e9nit\u00e9. Comme son nom l&#8217;indique, il s&#8217;inspire de la beaut\u00e9 majestueuse de la cha\u00eene de montagnes de l&#8217;Himalaya. Ce granit pr\u00e9sente une couleur de base principalement bleue claire, avec des variations occasionnelles de nuances plus claires de bleu &hellip; <a href=\"https:\/\/www.ratani.in\/fr\/himalayan-blue-granite-manufacturer-and-exporter\/\" class=\"more-link\">Continue reading<span class=\"screen-reader-text\"> &#8220;Granit bleu de l&#8217;Himalaya&#8221;<\/span><\/a><\/p>\n","protected":false},"author":1,"featured_media":455,"parent":0,"menu_order":0,"comment_status":"closed","ping_status":"closed","template":"page-templates\/product.php","meta":{"footnotes":""},"translation":{"provider":"WPGlobus","version":"2.12.2","language":"fr","enabled_languages":["en","es","fr","ru","ar","zh","pt"],"languages":{"en":{"title":true,"content":true,"excerpt":false},"es":{"title":true,"content":true,"excerpt":false},"fr":{"title":true,"content":true,"excerpt":false},"ru":{"title":true,"content":true,"excerpt":false},"ar":{"title":true,"content":true,"excerpt":false},"zh":{"title":true,"content":true,"excerpt":false},"pt":{"title":true,"content":true,"excerpt":false}}},"acf":[],"_links":{"self":[{"href":"https:\/\/www.ratani.in\/fr\/wp-json\/wp\/v2\/pages\/454"}],"collection":[{"href":"https:\/\/www.ratani.in\/fr\/wp-json\/wp\/v2\/pages"}],"about":[{"href":"https:\/\/www.ratani.in\/fr\/wp-json\/wp\/v2\/types\/page"}],"author":[{"embeddable":true,"href":"https:\/\/www.ratani.in\/fr\/wp-json\/wp\/v2\/users\/1"}],"replies":[{"embeddable":true,"href":"https:\/\/www.ratani.in\/fr\/wp-json\/wp\/v2\/comments?post=454"}],"version-history":[{"count":12,"href":"https:\/\/www.ratani.in\/fr\/wp-json\/wp\/v2\/pages\/454\/revisions"}],"predecessor-version":[{"id":1961,"href":"https:\/\/www.ratani.in\/fr\/wp-json\/wp\/v2\/pages\/454\/revisions\/1961"}],"wp:featuredmedia":[{"embeddable":true,"href":"https:\/\/www.ratani.in\/fr\/wp-json\/wp\/v2\/media\/455"}],"wp:attachment":[{"href":"https:\/\/www.ratani.in\/fr\/wp-json\/wp\/v2\/media?parent=454"}],"curies":[{"name":"wp","href":"https:\/\/api.w.org\/{rel}","templated":true}]}}