{"id":465,"date":"2023-08-16T14:48:22","date_gmt":"2023-08-16T14:48:22","guid":{"rendered":"https:\/\/www.ratani.in\/?page_id=465"},"modified":"2023-09-01T12:21:15","modified_gmt":"2023-09-01T12:21:15","slug":"lavender-blue-granite-manufacturer-and-exporter","status":"publish","type":"page","link":"https:\/\/www.ratani.in\/fr\/lavender-blue-granite-manufacturer-and-exporter\/","title":{"rendered":"Granit bleu lavande"},"content":{"rendered":"<p>Le granit bleu lavande d&#8217;Inde est une exquise pierre naturelle renomm\u00e9e pour sa palette de couleurs douces et apaisantes et son apparence \u00e9l\u00e9gante. Cette pierre de granit populaire est extraite des carri\u00e8res de granit bleu indien et transform\u00e9e dans les usines de granit du sud de l&#8217;Inde. Le granit bleu lavande pr\u00e9sente un m\u00e9lange d\u00e9licat de tons lavande p\u00e2les, de gris et de bleu, cr\u00e9ant un effet serein et apaisant. La pierre pr\u00e9sente un motif constant avec des taches et des veines dans des nuances plus claires de gris ou de blanc, ajoutant de la profondeur et de l&#8217;int\u00e9r\u00eat visuel \u00e0 l&#8217;ensemble. La texture \u00e0 grains fins et la finition polie du granit bleu lavande rehaussent son attrait luxueux.<\/p>\n<p>Le granit bleu lavande est couramment utilis\u00e9 dans les applications int\u00e9rieures et ext\u00e9rieures, notamment les plans de travail, les rev\u00eatements de sol, les rev\u00eatements muraux et les \u00e9l\u00e9ments d\u00e9coratifs. Ses teintes douces et ses motifs gracieux apportent une touche de tranquillit\u00e9 et de sophistication \u00e0 n&#8217;importe quel espace, ce qui en fait un choix populaire pour ceux qui recherchent une pierre naturelle subtile mais visuellement frappante.<\/p>\n","protected":false},"excerpt":{"rendered":"<p>Le granit bleu lavande d&#8217;Inde est une exquise pierre naturelle renomm\u00e9e pour sa palette de couleurs douces et apaisantes et son apparence \u00e9l\u00e9gante. Cette pierre de granit populaire est extraite des carri\u00e8res de granit bleu indien et transform\u00e9e dans les usines de granit du sud de l&#8217;Inde. Le granit bleu lavande pr\u00e9sente un m\u00e9lange d\u00e9licat &hellip; <a href=\"https:\/\/www.ratani.in\/fr\/lavender-blue-granite-manufacturer-and-exporter\/\" class=\"more-link\">Continue reading<span class=\"screen-reader-text\"> &#8220;Granit bleu lavande&#8221;<\/span><\/a><\/p>\n","protected":false},"author":1,"featured_media":471,"parent":0,"menu_order":0,"comment_status":"closed","ping_status":"closed","template":"page-templates\/product.php","meta":{"footnotes":""},"translation":{"provider":"WPGlobus","version":"2.12.2","language":"fr","enabled_languages":["en","es","fr","ru","ar","zh","pt"],"languages":{"en":{"title":true,"content":true,"excerpt":false},"es":{"title":true,"content":true,"excerpt":false},"fr":{"title":true,"content":true,"excerpt":false},"ru":{"title":true,"content":true,"excerpt":false},"ar":{"title":true,"content":true,"excerpt":false},"zh":{"title":true,"content":true,"excerpt":false},"pt":{"title":true,"content":true,"excerpt":false}}},"acf":[],"_links":{"self":[{"href":"https:\/\/www.ratani.in\/fr\/wp-json\/wp\/v2\/pages\/465"}],"collection":[{"href":"https:\/\/www.ratani.in\/fr\/wp-json\/wp\/v2\/pages"}],"about":[{"href":"https:\/\/www.ratani.in\/fr\/wp-json\/wp\/v2\/types\/page"}],"author":[{"embeddable":true,"href":"https:\/\/www.ratani.in\/fr\/wp-json\/wp\/v2\/users\/1"}],"replies":[{"embeddable":true,"href":"https:\/\/www.ratani.in\/fr\/wp-json\/wp\/v2\/comments?post=465"}],"version-history":[{"count":11,"href":"https:\/\/www.ratani.in\/fr\/wp-json\/wp\/v2\/pages\/465\/revisions"}],"predecessor-version":[{"id":2534,"href":"https:\/\/www.ratani.in\/fr\/wp-json\/wp\/v2\/pages\/465\/revisions\/2534"}],"wp:featuredmedia":[{"embeddable":true,"href":"https:\/\/www.ratani.in\/fr\/wp-json\/wp\/v2\/media\/471"}],"wp:attachment":[{"href":"https:\/\/www.ratani.in\/fr\/wp-json\/wp\/v2\/media?parent=465"}],"curies":[{"name":"wp","href":"https:\/\/api.w.org\/{rel}","templated":true}]}}