{"id":475,"date":"2023-08-16T14:50:43","date_gmt":"2023-08-16T14:50:43","guid":{"rendered":"https:\/\/www.ratani.in\/?page_id=475"},"modified":"2023-09-01T12:24:22","modified_gmt":"2023-09-01T12:24:22","slug":"sapphire-blue-granite-manufacturer-and-exporter","status":"publish","type":"page","link":"https:\/\/www.ratani.in\/fr\/sapphire-blue-granite-manufacturer-and-exporter\/","title":{"rendered":"Granit bleu saphir"},"content":{"rendered":"<p>Le granit bleu saphir indien est une pierre naturelle captivante qui pr\u00e9sente une couleur bleue profonde et luxueuse, rappelant la pierre pr\u00e9cieuse fascinante dont elle porte le nom. Ce granit pr\u00e9sente une couleur de base bleue fonc\u00e9e et uniforme, souvent avec des taches et des points de teintes bleues plus claires, argent\u00e9es ou grises. Les motifs complexes \u00e0 l&#8217;int\u00e9rieur du granit bleu saphir ressemblent aux profondeurs tourbillonnantes de l&#8217;oc\u00e9an ou au ciel nocturne, cr\u00e9ant une sensation de profondeur et de mouvement. Son apparence audacieuse et dramatique en fait un choix saisissant pour les plans de travail, les rev\u00eatements de mur et les \u00e9l\u00e9ments d&#8217;accent, ajoutant une touche d&#8217;opulence \u00e0 n&#8217;importe quel espace.<\/p>\n<p>La durabilit\u00e9 du granit bleu saphir et sa r\u00e9sistance \u00e0 la chaleur et aux rayures en font non seulement une pierre visuellement magnifique, mais \u00e9galement un choix pratique pour les zones \u00e0 fort passage. Avec sa couleur s\u00e9duisante et sa beaut\u00e9 durable, le granit bleu saphir apporte une sensation de luxe et de sophistication \u00e0 tout projet de conception int\u00e9rieure ou ext\u00e9rieure.<\/p>\n","protected":false},"excerpt":{"rendered":"<p>Le granit bleu saphir indien est une pierre naturelle captivante qui pr\u00e9sente une couleur bleue profonde et luxueuse, rappelant la pierre pr\u00e9cieuse fascinante dont elle porte le nom. Ce granit pr\u00e9sente une couleur de base bleue fonc\u00e9e et uniforme, souvent avec des taches et des points de teintes bleues plus claires, argent\u00e9es ou grises. Les &hellip; <a href=\"https:\/\/www.ratani.in\/fr\/sapphire-blue-granite-manufacturer-and-exporter\/\" class=\"more-link\">Continue reading<span class=\"screen-reader-text\"> &#8220;Granit bleu saphir&#8221;<\/span><\/a><\/p>\n","protected":false},"author":1,"featured_media":476,"parent":0,"menu_order":0,"comment_status":"closed","ping_status":"closed","template":"page-templates\/product.php","meta":{"footnotes":""},"translation":{"provider":"WPGlobus","version":"2.12.2","language":"fr","enabled_languages":["en","es","fr","ru","ar","zh","pt"],"languages":{"en":{"title":true,"content":true,"excerpt":false},"es":{"title":true,"content":true,"excerpt":false},"fr":{"title":true,"content":true,"excerpt":false},"ru":{"title":true,"content":true,"excerpt":false},"ar":{"title":true,"content":true,"excerpt":false},"zh":{"title":true,"content":true,"excerpt":false},"pt":{"title":true,"content":true,"excerpt":false}}},"acf":[],"_links":{"self":[{"href":"https:\/\/www.ratani.in\/fr\/wp-json\/wp\/v2\/pages\/475"}],"collection":[{"href":"https:\/\/www.ratani.in\/fr\/wp-json\/wp\/v2\/pages"}],"about":[{"href":"https:\/\/www.ratani.in\/fr\/wp-json\/wp\/v2\/types\/page"}],"author":[{"embeddable":true,"href":"https:\/\/www.ratani.in\/fr\/wp-json\/wp\/v2\/users\/1"}],"replies":[{"embeddable":true,"href":"https:\/\/www.ratani.in\/fr\/wp-json\/wp\/v2\/comments?post=475"}],"version-history":[{"count":10,"href":"https:\/\/www.ratani.in\/fr\/wp-json\/wp\/v2\/pages\/475\/revisions"}],"predecessor-version":[{"id":2536,"href":"https:\/\/www.ratani.in\/fr\/wp-json\/wp\/v2\/pages\/475\/revisions\/2536"}],"wp:featuredmedia":[{"embeddable":true,"href":"https:\/\/www.ratani.in\/fr\/wp-json\/wp\/v2\/media\/476"}],"wp:attachment":[{"href":"https:\/\/www.ratani.in\/fr\/wp-json\/wp\/v2\/media?parent=475"}],"curies":[{"name":"wp","href":"https:\/\/api.w.org\/{rel}","templated":true}]}}