{"id":485,"date":"2023-08-16T14:52:36","date_gmt":"2023-08-16T14:52:36","guid":{"rendered":"https:\/\/www.ratani.in\/?page_id=485"},"modified":"2023-09-01T12:23:16","modified_gmt":"2023-09-01T12:23:16","slug":"vizag-blue-granite-manufacturer-and-exporter","status":"publish","type":"page","link":"https:\/\/www.ratani.in\/fr\/vizag-blue-granite-manufacturer-and-exporter\/","title":{"rendered":"Granit bleu Vizag"},"content":{"rendered":"<p>Le granit bleu Vizag, \u00e9galement connu sous le nom de Vizag Blue Sapphire, est une pierre naturelle visuellement impressionnante connue pour sa couleur bleue profonde et son apparence captivante. Il est principalement extrait au Rajasthan, en Inde, et Vizag \u00e9tant l&#8217;un des principaux exportateurs de diff\u00e9rentes couleurs de granit indien.<\/p>\n<p>Le granit bleu Vizag pr\u00e9sente un m\u00e9lange fascinant de tons bleus et gris, c&#8217;est pourquoi il est le granit bleu indien le plus recherch\u00e9. La couleur de base varie du bleu marine profond aux nuances plus claires de bleu, souvent accompagn\u00e9es de veines et de motifs gris et blancs subtils. Ces variations cr\u00e9ent un sentiment de mouvement et de profondeur, rappelant les vagues envo\u00fbtantes de l&#8217;oc\u00e9an ou l&#8217;\u00e9tendue vaste d&#8217;un ciel nocturne.<\/p>\n<p>La surface du granit bleu Vizag est g\u00e9n\u00e9ralement polie avec un brillant \u00e9lev\u00e9, am\u00e9liorant la beaut\u00e9 naturelle de la pierre et permettant \u00e0 ses couleurs et motifs uniques de briller. La finition polie ajoute une touche d&#8217;\u00e9l\u00e9gance et de sophistication \u00e0 n&#8217;importe quel espace.<\/p>\n<p>Le granit bleu Vizag est une pierre polyvalente qui peut \u00eatre utilis\u00e9e dans diverses applications. Il est couramment utilis\u00e9 pour les plans de travail, les rev\u00eatements de sol, les rev\u00eatements muraux et les \u00e9l\u00e9ments d&#8217;accent dans les environnements r\u00e9sidentiels et commerciaux. Sa durabilit\u00e9, sa r\u00e9sistance \u00e0 la chaleur et sa capacit\u00e9 \u00e0 r\u00e9sister \u00e0 une utilisation quotidienne intensive en font un choix pratique pour les zones \u00e0 forte circulation.<\/p>\n","protected":false},"excerpt":{"rendered":"<p>Le granit bleu Vizag, \u00e9galement connu sous le nom de Vizag Blue Sapphire, est une pierre naturelle visuellement impressionnante connue pour sa couleur bleue profonde et son apparence captivante. Il est principalement extrait au Rajasthan, en Inde, et Vizag \u00e9tant l&#8217;un des principaux exportateurs de diff\u00e9rentes couleurs de granit indien. Le granit bleu Vizag pr\u00e9sente &hellip; <a href=\"https:\/\/www.ratani.in\/fr\/vizag-blue-granite-manufacturer-and-exporter\/\" class=\"more-link\">Continue reading<span class=\"screen-reader-text\"> &#8220;Granit bleu Vizag&#8221;<\/span><\/a><\/p>\n","protected":false},"author":1,"featured_media":492,"parent":0,"menu_order":0,"comment_status":"closed","ping_status":"closed","template":"page-templates\/product.php","meta":{"footnotes":""},"translation":{"provider":"WPGlobus","version":"2.12.2","language":"fr","enabled_languages":["en","es","fr","ru","ar","zh","pt"],"languages":{"en":{"title":true,"content":true,"excerpt":false},"es":{"title":true,"content":true,"excerpt":false},"fr":{"title":true,"content":true,"excerpt":false},"ru":{"title":true,"content":true,"excerpt":false},"ar":{"title":true,"content":true,"excerpt":false},"zh":{"title":true,"content":true,"excerpt":false},"pt":{"title":true,"content":true,"excerpt":false}}},"acf":[],"_links":{"self":[{"href":"https:\/\/www.ratani.in\/fr\/wp-json\/wp\/v2\/pages\/485"}],"collection":[{"href":"https:\/\/www.ratani.in\/fr\/wp-json\/wp\/v2\/pages"}],"about":[{"href":"https:\/\/www.ratani.in\/fr\/wp-json\/wp\/v2\/types\/page"}],"author":[{"embeddable":true,"href":"https:\/\/www.ratani.in\/fr\/wp-json\/wp\/v2\/users\/1"}],"replies":[{"embeddable":true,"href":"https:\/\/www.ratani.in\/fr\/wp-json\/wp\/v2\/comments?post=485"}],"version-history":[{"count":9,"href":"https:\/\/www.ratani.in\/fr\/wp-json\/wp\/v2\/pages\/485\/revisions"}],"predecessor-version":[{"id":2490,"href":"https:\/\/www.ratani.in\/fr\/wp-json\/wp\/v2\/pages\/485\/revisions\/2490"}],"wp:featuredmedia":[{"embeddable":true,"href":"https:\/\/www.ratani.in\/fr\/wp-json\/wp\/v2\/media\/492"}],"wp:attachment":[{"href":"https:\/\/www.ratani.in\/fr\/wp-json\/wp\/v2\/media?parent=485"}],"curies":[{"name":"wp","href":"https:\/\/api.w.org\/{rel}","templated":true}]}}