{"id":495,"date":"2023-08-16T15:09:46","date_gmt":"2023-08-16T15:09:46","guid":{"rendered":"https:\/\/www.ratani.in\/?page_id=495"},"modified":"2024-06-28T12:24:29","modified_gmt":"2024-06-28T12:24:29","slug":"white-granite-manufacturer-and-exporter","status":"publish","type":"page","link":"https:\/\/www.ratani.in\/fr\/white-granite-manufacturer-and-exporter\/","title":{"rendered":"Blanc"},"content":{"rendered":"<p>D\u00e9couvrez une puret\u00e9 et une gr\u00e2ce absolues avec nos granits blancs indiens. Ils refl\u00e8tent la s\u00e9r\u00e9nit\u00e9, illuminent les int\u00e9rieurs et cr\u00e9ent une sensation d&#8217;ouverture et de calme.<\/p>\n","protected":false},"excerpt":{"rendered":"<p>D\u00e9couvrez une puret\u00e9 et une gr\u00e2ce absolues avec nos granits blancs indiens. Ils refl\u00e8tent la s\u00e9r\u00e9nit\u00e9, illuminent les int\u00e9rieurs et cr\u00e9ent une sensation d&#8217;ouverture et de calme.<\/p>\n","protected":false},"author":1,"featured_media":1058,"parent":0,"menu_order":0,"comment_status":"closed","ping_status":"closed","template":"page-templates\/color-page.php","meta":{"footnotes":""},"translation":{"provider":"WPGlobus","version":"2.12.2","language":"fr","enabled_languages":["en","es","fr","ru","ar","zh","pt"],"languages":{"en":{"title":true,"content":true,"excerpt":false},"es":{"title":true,"content":true,"excerpt":false},"fr":{"title":true,"content":true,"excerpt":false},"ru":{"title":true,"content":true,"excerpt":false},"ar":{"title":true,"content":true,"excerpt":false},"zh":{"title":true,"content":true,"excerpt":false},"pt":{"title":true,"content":true,"excerpt":false}}},"acf":[],"_links":{"self":[{"href":"https:\/\/www.ratani.in\/fr\/wp-json\/wp\/v2\/pages\/495"}],"collection":[{"href":"https:\/\/www.ratani.in\/fr\/wp-json\/wp\/v2\/pages"}],"about":[{"href":"https:\/\/www.ratani.in\/fr\/wp-json\/wp\/v2\/types\/page"}],"author":[{"embeddable":true,"href":"https:\/\/www.ratani.in\/fr\/wp-json\/wp\/v2\/users\/1"}],"replies":[{"embeddable":true,"href":"https:\/\/www.ratani.in\/fr\/wp-json\/wp\/v2\/comments?post=495"}],"version-history":[{"count":17,"href":"https:\/\/www.ratani.in\/fr\/wp-json\/wp\/v2\/pages\/495\/revisions"}],"predecessor-version":[{"id":2809,"href":"https:\/\/www.ratani.in\/fr\/wp-json\/wp\/v2\/pages\/495\/revisions\/2809"}],"wp:featuredmedia":[{"embeddable":true,"href":"https:\/\/www.ratani.in\/fr\/wp-json\/wp\/v2\/media\/1058"}],"wp:attachment":[{"href":"https:\/\/www.ratani.in\/fr\/wp-json\/wp\/v2\/media?parent=495"}],"curies":[{"name":"wp","href":"https:\/\/api.w.org\/{rel}","templated":true}]}}