{"id":529,"date":"2023-08-17T07:36:06","date_gmt":"2023-08-17T07:36:06","guid":{"rendered":"https:\/\/www.ratani.in\/?page_id=529"},"modified":"2023-09-01T12:53:56","modified_gmt":"2023-09-01T12:53:56","slug":"crystal-brown-granite-manufacturer-and-exporter","status":"publish","type":"page","link":"https:\/\/www.ratani.in\/fr\/crystal-brown-granite-manufacturer-and-exporter\/","title":{"rendered":"Granit brun Crystal"},"content":{"rendered":"<p>Le granit brun Crystal d&#8217;Inde est une superbe pierre naturelle au Gujarat, connue pour ses tons chauds et terreux. C&#8217;est un choix populaire pour ajouter de l&#8217;\u00e9l\u00e9gance et une touche de beaut\u00e9 naturelle \u00e0 divers projets architecturaux et de design.<\/p>\n<p>La couleur de base du granit brun Crystal d&#8217;Inde est g\u00e9n\u00e9ralement un brun riche, allant des nuances moyennes aux nuances fonc\u00e9es. Il pr\u00e9sente souvent des motifs complexes et des veines dans des nuances contrast\u00e9es de brun, de noir et parfois d&#8217;or. Ces variations naturelles de couleur et de motif contribuent \u00e0 l&#8217;attrait visuel de la pierre et cr\u00e9ent une sensation de profondeur et de texture.<\/p>\n<p>Le granit brun Crystal est transform\u00e9 dans notre usine de traitement de granit au Gujarat et il est g\u00e9n\u00e9ralement poli pour obtenir une finition brillante, ce qui am\u00e9liore sa beaut\u00e9 naturelle et procure une surface lisse. La finition polie permet \u00e9galement \u00e0 la pierre de r\u00e9fl\u00e9chir la lumi\u00e8re, ajoutant une touche d&#8217;\u00e9l\u00e9gance \u00e0 tout espace.<\/p>\n<p>Gr\u00e2ce \u00e0 sa durabilit\u00e9 et \u00e0 sa r\u00e9sistance \u00e0 la chaleur, aux \u00e9raflures et aux taches, le granit brun Crystal convient parfaitement \u00e0 une gamme d&#8217;applications. Il est souvent utilis\u00e9 pour les plans de travail, les rev\u00eatements de sol, les rev\u00eatements muraux et les \u00e9l\u00e9ments d&#8217;accent dans les environnements r\u00e9sidentiels et commerciaux. Ses tons bruns chauds peuvent compl\u00e9ter diff\u00e9rents styles de design, du traditionnel au contemporain, et ajouter une touche de sophistication \u00e0 l&#8217;esth\u00e9tique globale.<\/p>\n","protected":false},"excerpt":{"rendered":"<p>Le granit brun Crystal d&#8217;Inde est une superbe pierre naturelle au Gujarat, connue pour ses tons chauds et terreux. C&#8217;est un choix populaire pour ajouter de l&#8217;\u00e9l\u00e9gance et une touche de beaut\u00e9 naturelle \u00e0 divers projets architecturaux et de design. La couleur de base du granit brun Crystal d&#8217;Inde est g\u00e9n\u00e9ralement un brun riche, allant &hellip; <a href=\"https:\/\/www.ratani.in\/fr\/crystal-brown-granite-manufacturer-and-exporter\/\" class=\"more-link\">Continue reading<span class=\"screen-reader-text\"> &#8220;Granit brun Crystal&#8221;<\/span><\/a><\/p>\n","protected":false},"author":1,"featured_media":530,"parent":0,"menu_order":0,"comment_status":"closed","ping_status":"closed","template":"page-templates\/product.php","meta":{"footnotes":""},"translation":{"provider":"WPGlobus","version":"2.12.2","language":"fr","enabled_languages":["en","es","fr","ru","ar","zh","pt"],"languages":{"en":{"title":true,"content":true,"excerpt":false},"es":{"title":true,"content":true,"excerpt":false},"fr":{"title":true,"content":true,"excerpt":false},"ru":{"title":true,"content":true,"excerpt":false},"ar":{"title":true,"content":true,"excerpt":false},"zh":{"title":true,"content":true,"excerpt":false},"pt":{"title":true,"content":true,"excerpt":false}}},"acf":[],"_links":{"self":[{"href":"https:\/\/www.ratani.in\/fr\/wp-json\/wp\/v2\/pages\/529"}],"collection":[{"href":"https:\/\/www.ratani.in\/fr\/wp-json\/wp\/v2\/pages"}],"about":[{"href":"https:\/\/www.ratani.in\/fr\/wp-json\/wp\/v2\/types\/page"}],"author":[{"embeddable":true,"href":"https:\/\/www.ratani.in\/fr\/wp-json\/wp\/v2\/users\/1"}],"replies":[{"embeddable":true,"href":"https:\/\/www.ratani.in\/fr\/wp-json\/wp\/v2\/comments?post=529"}],"version-history":[{"count":11,"href":"https:\/\/www.ratani.in\/fr\/wp-json\/wp\/v2\/pages\/529\/revisions"}],"predecessor-version":[{"id":2436,"href":"https:\/\/www.ratani.in\/fr\/wp-json\/wp\/v2\/pages\/529\/revisions\/2436"}],"wp:featuredmedia":[{"embeddable":true,"href":"https:\/\/www.ratani.in\/fr\/wp-json\/wp\/v2\/media\/530"}],"wp:attachment":[{"href":"https:\/\/www.ratani.in\/fr\/wp-json\/wp\/v2\/media?parent=529"}],"curies":[{"name":"wp","href":"https:\/\/api.w.org\/{rel}","templated":true}]}}