{"id":539,"date":"2023-08-17T07:38:03","date_gmt":"2023-08-17T07:38:03","guid":{"rendered":"https:\/\/www.ratani.in\/?page_id=539"},"modified":"2023-09-01T12:54:55","modified_gmt":"2023-09-01T12:54:55","slug":"desert-brown-granite-manufacturer-and-exporter","status":"publish","type":"page","link":"https:\/\/www.ratani.in\/fr\/desert-brown-granite-manufacturer-and-exporter\/","title":{"rendered":"Granit brun du d\u00e9sert"},"content":{"rendered":"<p>Le granit brun du d\u00e9sert d&#8217;Inde est une pierre naturelle captivante qui \u00e9voque l&#8217;essence d&#8217;un paysage d\u00e9sertique robuste. Il est renomm\u00e9 pour sa palette de couleurs chaudes et terreuses, qui combine des nuances de brun, de beige et des touches de noir. Cette combinaison unique de couleurs cr\u00e9e une sensation de profondeur et ajoute du caract\u00e8re \u00e0 tout espace.<\/p>\n<p>Sa surface pr\u00e9sente des motifs et des veines complexes, rappelant les formations g\u00e9ologiques naturelles que l&#8217;on trouve dans les r\u00e9gions d\u00e9sertiques. L&#8217;interaction des diff\u00e9rentes nuances et veines cr\u00e9e une apparence visuellement dynamique qui captive l&#8217;imagination.<\/p>\n<p>Avec sa nature durable et sa r\u00e9sistance aux \u00e9raflures et aux taches, le granit brun du d\u00e9sert convient parfaitement \u00e0 un large \u00e9ventail d&#8217;applications et est transform\u00e9 dans notre usine de granit au Gujarat. Il est couramment utilis\u00e9 pour les plans de travail de cuisine, les vanit\u00e9s de salle de bains, les rev\u00eatements de sol, les rev\u00eatements muraux et d&#8217;autres \u00e9l\u00e9ments de design int\u00e9rieur et ext\u00e9rieur.<\/p>\n<p>Les tons chauds et accueillants du granit brun du d\u00e9sert en font un choix polyvalent qui compl\u00e8te diff\u00e9rents styles de design, du rustique et traditionnel au contemporain et moderne. Il ajoute une touche de chaleur et d&#8217;\u00e9l\u00e9gance \u00e0 tout espace, cr\u00e9ant une ambiance confortable et accueillante.<\/p>\n","protected":false},"excerpt":{"rendered":"<p>Le granit brun du d\u00e9sert d&#8217;Inde est une pierre naturelle captivante qui \u00e9voque l&#8217;essence d&#8217;un paysage d\u00e9sertique robuste. Il est renomm\u00e9 pour sa palette de couleurs chaudes et terreuses, qui combine des nuances de brun, de beige et des touches de noir. Cette combinaison unique de couleurs cr\u00e9e une sensation de profondeur et ajoute du &hellip; <a href=\"https:\/\/www.ratani.in\/fr\/desert-brown-granite-manufacturer-and-exporter\/\" class=\"more-link\">Continue reading<span class=\"screen-reader-text\"> &#8220;Granit brun du d\u00e9sert&#8221;<\/span><\/a><\/p>\n","protected":false},"author":1,"featured_media":547,"parent":0,"menu_order":0,"comment_status":"closed","ping_status":"closed","template":"page-templates\/product.php","meta":{"footnotes":""},"translation":{"provider":"WPGlobus","version":"2.12.2","language":"fr","enabled_languages":["en","es","fr","ru","ar","zh","pt"],"languages":{"en":{"title":true,"content":true,"excerpt":false},"es":{"title":true,"content":true,"excerpt":false},"fr":{"title":true,"content":true,"excerpt":false},"ru":{"title":true,"content":true,"excerpt":false},"ar":{"title":true,"content":true,"excerpt":false},"zh":{"title":true,"content":true,"excerpt":false},"pt":{"title":true,"content":true,"excerpt":false}}},"acf":[],"_links":{"self":[{"href":"https:\/\/www.ratani.in\/fr\/wp-json\/wp\/v2\/pages\/539"}],"collection":[{"href":"https:\/\/www.ratani.in\/fr\/wp-json\/wp\/v2\/pages"}],"about":[{"href":"https:\/\/www.ratani.in\/fr\/wp-json\/wp\/v2\/types\/page"}],"author":[{"embeddable":true,"href":"https:\/\/www.ratani.in\/fr\/wp-json\/wp\/v2\/users\/1"}],"replies":[{"embeddable":true,"href":"https:\/\/www.ratani.in\/fr\/wp-json\/wp\/v2\/comments?post=539"}],"version-history":[{"count":12,"href":"https:\/\/www.ratani.in\/fr\/wp-json\/wp\/v2\/pages\/539\/revisions"}],"predecessor-version":[{"id":2438,"href":"https:\/\/www.ratani.in\/fr\/wp-json\/wp\/v2\/pages\/539\/revisions\/2438"}],"wp:featuredmedia":[{"embeddable":true,"href":"https:\/\/www.ratani.in\/fr\/wp-json\/wp\/v2\/media\/547"}],"wp:attachment":[{"href":"https:\/\/www.ratani.in\/fr\/wp-json\/wp\/v2\/media?parent=539"}],"curies":[{"name":"wp","href":"https:\/\/api.w.org\/{rel}","templated":true}]}}