{"id":549,"date":"2023-08-17T07:40:11","date_gmt":"2023-08-17T07:40:11","guid":{"rendered":"https:\/\/www.ratani.in\/?page_id=549"},"modified":"2023-09-01T12:59:14","modified_gmt":"2023-09-01T12:59:14","slug":"j-d-brown-granite-manufacturer-and-exporter","status":"publish","type":"page","link":"https:\/\/www.ratani.in\/fr\/j-d-brown-granite-manufacturer-and-exporter\/","title":{"rendered":"Granit J.D. brun"},"content":{"rendered":"<p>Le granit J.D. brun pr\u00e9sente une couleur brune riche et profonde avec des taches ou des veines noires et grises qui le traversent. Les motifs et les veines sp\u00e9cifiques peuvent varier d&#8217;une dalle \u00e0 l&#8217;autre, donnant \u00e0 chaque pi\u00e8ce une apparence unique. Il a une texture de grain moyenne \u00e0 grossi\u00e8re, offrant un aspect naturel et \u00e9l\u00e9gant.<\/p>\n<p>En raison de sa durabilit\u00e9, le granit J.D. brun est couramment utilis\u00e9 pour les plans de travail, les rev\u00eatements de sol, les rev\u00eatements muraux et d&#8217;autres applications int\u00e9rieures et ext\u00e9rieures. Il est hautement r\u00e9sistant aux \u00e9raflures, \u00e0 la chaleur et aux taches, ce qui en fait un mat\u00e9riau adapt\u00e9 aux zones \u00e0 forte circulation.<\/p>\n<p>Il est important de noter que des variations de couleur, de veines et d&#8217;apparence g\u00e9n\u00e9rale peuvent survenir en raison des caract\u00e9ristiques naturelles de la pierre.<\/p>\n","protected":false},"excerpt":{"rendered":"<p>Le granit J.D. brun pr\u00e9sente une couleur brune riche et profonde avec des taches ou des veines noires et grises qui le traversent. Les motifs et les veines sp\u00e9cifiques peuvent varier d&#8217;une dalle \u00e0 l&#8217;autre, donnant \u00e0 chaque pi\u00e8ce une apparence unique. Il a une texture de grain moyenne \u00e0 grossi\u00e8re, offrant un aspect naturel &hellip; <a href=\"https:\/\/www.ratani.in\/fr\/j-d-brown-granite-manufacturer-and-exporter\/\" class=\"more-link\">Continue reading<span class=\"screen-reader-text\"> &#8220;Granit J.D. brun&#8221;<\/span><\/a><\/p>\n","protected":false},"author":1,"featured_media":557,"parent":0,"menu_order":0,"comment_status":"closed","ping_status":"closed","template":"page-templates\/product.php","meta":{"footnotes":""},"translation":{"provider":"WPGlobus","version":"2.12.2","language":"fr","enabled_languages":["en","es","fr","ru","ar","zh","pt"],"languages":{"en":{"title":true,"content":true,"excerpt":false},"es":{"title":true,"content":true,"excerpt":false},"fr":{"title":true,"content":true,"excerpt":false},"ru":{"title":true,"content":true,"excerpt":false},"ar":{"title":true,"content":true,"excerpt":false},"zh":{"title":true,"content":true,"excerpt":false},"pt":{"title":true,"content":true,"excerpt":false}}},"acf":[],"_links":{"self":[{"href":"https:\/\/www.ratani.in\/fr\/wp-json\/wp\/v2\/pages\/549"}],"collection":[{"href":"https:\/\/www.ratani.in\/fr\/wp-json\/wp\/v2\/pages"}],"about":[{"href":"https:\/\/www.ratani.in\/fr\/wp-json\/wp\/v2\/types\/page"}],"author":[{"embeddable":true,"href":"https:\/\/www.ratani.in\/fr\/wp-json\/wp\/v2\/users\/1"}],"replies":[{"embeddable":true,"href":"https:\/\/www.ratani.in\/fr\/wp-json\/wp\/v2\/comments?post=549"}],"version-history":[{"count":13,"href":"https:\/\/www.ratani.in\/fr\/wp-json\/wp\/v2\/pages\/549\/revisions"}],"predecessor-version":[{"id":2440,"href":"https:\/\/www.ratani.in\/fr\/wp-json\/wp\/v2\/pages\/549\/revisions\/2440"}],"wp:featuredmedia":[{"embeddable":true,"href":"https:\/\/www.ratani.in\/fr\/wp-json\/wp\/v2\/media\/557"}],"wp:attachment":[{"href":"https:\/\/www.ratani.in\/fr\/wp-json\/wp\/v2\/media?parent=549"}],"curies":[{"name":"wp","href":"https:\/\/api.w.org\/{rel}","templated":true}]}}