{"id":559,"date":"2023-08-17T07:43:21","date_gmt":"2023-08-17T07:43:21","guid":{"rendered":"https:\/\/www.ratani.in\/?page_id=559"},"modified":"2023-09-01T13:00:28","modified_gmt":"2023-09-01T13:00:28","slug":"bash-paradiso-granite-manufacturer-and-exporter","status":"publish","type":"page","link":"https:\/\/www.ratani.in\/fr\/bash-paradiso-granite-manufacturer-and-exporter\/","title":{"rendered":"Granit Bash paradiso"},"content":{"rendered":"<p>Le granit Bash Paradiso est une superbe pierre naturelle du Tamil Nadu, en Inde, connue pour son apparence audacieuse et captivante. Il pr\u00e9sente g\u00e9n\u00e9ralement une couleur de fond sombre, avec des nuances variables de pourpre profond ou de bourgogne, avec des tourbillons et des veines de couleurs contrast\u00e9es telles que le gris, l&#8217;or et parfois le vert. Les motifs dans le granit Bash Paradiso ressemblent \u00e0 des rivi\u00e8res coulantes ou \u00e0 des formations cosmiques, cr\u00e9ant un sentiment de mouvement et de profondeur. Ce granit au look riche et dramatique en fait un excellent choix pour cr\u00e9er des points focaux dans diverses applications int\u00e9rieures et ext\u00e9rieures.<\/p>\n<p>Qu&#8217;il soit utilis\u00e9 pour les plans de travail, les rev\u00eatements de sol ou les \u00e9l\u00e9ments d&#8217;accent, le granit Bash Paradiso ajoute une touche d&#8217;\u00e9l\u00e9gance et de sophistication \u00e0 tout espace.<\/p>\n","protected":false},"excerpt":{"rendered":"<p>Le granit Bash Paradiso est une superbe pierre naturelle du Tamil Nadu, en Inde, connue pour son apparence audacieuse et captivante. Il pr\u00e9sente g\u00e9n\u00e9ralement une couleur de fond sombre, avec des nuances variables de pourpre profond ou de bourgogne, avec des tourbillons et des veines de couleurs contrast\u00e9es telles que le gris, l&#8217;or et parfois &hellip; <a href=\"https:\/\/www.ratani.in\/fr\/bash-paradiso-granite-manufacturer-and-exporter\/\" class=\"more-link\">Continue reading<span class=\"screen-reader-text\"> &#8220;Granit Bash paradiso&#8221;<\/span><\/a><\/p>\n","protected":false},"author":1,"featured_media":567,"parent":0,"menu_order":0,"comment_status":"closed","ping_status":"closed","template":"page-templates\/product.php","meta":{"footnotes":""},"translation":{"provider":"WPGlobus","version":"2.12.2","language":"fr","enabled_languages":["en","es","fr","ru","ar","zh","pt"],"languages":{"en":{"title":true,"content":true,"excerpt":false},"es":{"title":true,"content":true,"excerpt":false},"fr":{"title":true,"content":true,"excerpt":false},"ru":{"title":true,"content":true,"excerpt":false},"ar":{"title":true,"content":true,"excerpt":false},"zh":{"title":true,"content":true,"excerpt":false},"pt":{"title":true,"content":true,"excerpt":false}}},"acf":[],"_links":{"self":[{"href":"https:\/\/www.ratani.in\/fr\/wp-json\/wp\/v2\/pages\/559"}],"collection":[{"href":"https:\/\/www.ratani.in\/fr\/wp-json\/wp\/v2\/pages"}],"about":[{"href":"https:\/\/www.ratani.in\/fr\/wp-json\/wp\/v2\/types\/page"}],"author":[{"embeddable":true,"href":"https:\/\/www.ratani.in\/fr\/wp-json\/wp\/v2\/users\/1"}],"replies":[{"embeddable":true,"href":"https:\/\/www.ratani.in\/fr\/wp-json\/wp\/v2\/comments?post=559"}],"version-history":[{"count":10,"href":"https:\/\/www.ratani.in\/fr\/wp-json\/wp\/v2\/pages\/559\/revisions"}],"predecessor-version":[{"id":2557,"href":"https:\/\/www.ratani.in\/fr\/wp-json\/wp\/v2\/pages\/559\/revisions\/2557"}],"wp:featuredmedia":[{"embeddable":true,"href":"https:\/\/www.ratani.in\/fr\/wp-json\/wp\/v2\/media\/567"}],"wp:attachment":[{"href":"https:\/\/www.ratani.in\/fr\/wp-json\/wp\/v2\/media?parent=559"}],"curies":[{"name":"wp","href":"https:\/\/api.w.org\/{rel}","templated":true}]}}